{"id":1733,"date":"2021-12-30T14:26:13","date_gmt":"2021-12-30T14:26:13","guid":{"rendered":"https:\/\/www.smarmec.com\/aviso-legal\/"},"modified":"2022-05-23T12:52:22","modified_gmt":"2022-05-23T12:52:22","slug":"notice-legale","status":"publish","type":"page","link":"https:\/\/www.smarmec.com\/fr\/notice-legale\/","title":{"rendered":"Notice l\u00e9gale"},"content":{"rendered":"<div class=\"wpb-content-wrapper\"><p>[vc_row][vc_column]<div class=\"dfd-spacer-module\"  data-units=\"px\" data-wide_resolution=\"1280\" data-wide_size=\"100\" data-normal_resolution=\"1024\" data-normal_size=\"50\" data-tablet_resolution=\"800\" data-tablet_size=\"40\" data-mobile_resolution=\"480\" data-mobile_size=\"40\" style=\"height: 100px;\"><\/div>[\/vc_column][\/vc_row][vc_row dfd_row_responsive_enable=\u00a0\u00bbdfd-row-responsive-enable\u00a0\u00bb responsive_styles=\u00a0\u00bbmargin_left_tablet:20|margin_right_tablet:20|margin_left_mobile:20|margin_right_mobile:20&Prime;][vc_column]<div class=\"dfd-heading-shortcode\"><div class=\"dfd-heading-module-wrap  text-left style_05 dfd-heading-69f4bba573c08 dfd-disable-resposive-headings\" id=\"dfd-heading-69f4bba573c08\" ><div class=\"inline-block\"><div class=\"dfd-heading-module\"><h2 class=\"widget-title dfd-title \" style=\"\">Donn\u00e9es du titulaire<\/h2><\/div><\/div><\/div><script type=\"text\/javascript\">\r\n\t\t\t\t\t\t\t\t\t(function($) {\r\n\t\t\t\t\t\t\t\t\t\t$(\"head\").append(\"<style>.dfd-heading-69f4bba573c08 .dfd-heading-module .widget-title {margin-bottom:30px;}.dfd-heading-69f4bba573c08.dfd-heading-module-wrap .dfd-heading-module .dfd-heading-delimiter {margin-top:10px;margin-bottom:10px;}@media (max-width: 799px){.dfd-heading-69f4bba573c08 .dfd-title{font-size: 30px !important;line-height: 33px !important;}}<\/style>\");\r\n\t\t\t\t\t\t\t\t\t})(jQuery);\r\n\t\t\t\t\t\t\t\t<\/script><\/div><div class=\"dfd-spacer-module\"  data-units=\"px\" data-wide_resolution=\"1280\" data-wide_size=\"20\" data-normal_resolution=\"1024\" data-normal_size=\"20\" data-tablet_resolution=\"800\" data-tablet_size=\"10\" data-mobile_resolution=\"480\" data-mobile_size=\"0\" style=\"height: 20px;\"><\/div>[vc_column_text el_class=\u00a0\u00bbtextAvisoPolit\u00a0\u00bb]Conform\u00e9ment \u00e0 l&rsquo;article 10 de la loi 34\/2002, du 11 juillet, sur les services de la soci\u00e9t\u00e9 de l&rsquo;information et le commerce \u00e9lectronique, les coordonn\u00e9es de la soci\u00e9t\u00e9 sont indiqu\u00e9es ci-apr\u00e8s:[\/vc_column_text]<div class=\"dfd-spacer-module\"  data-units=\"px\" data-wide_resolution=\"1280\" data-wide_size=\"30\" data-normal_resolution=\"1024\" data-normal_size=\"20\" data-tablet_resolution=\"800\" data-tablet_size=\"20\" data-mobile_resolution=\"480\" data-mobile_size=\"20\" style=\"height: 30px;\"><\/div><div class=\"dfd-heading-shortcode\"><div class=\"dfd-heading-module-wrap  text-left style_09 dfd-heading-69f4bba573d5f dfd-disable-resposive-headings\" id=\"dfd-heading-69f4bba573d5f\" ><div class=\"inline-block\"><div class=\"dfd-heading-module\"><div class=\"title-wrap\"><h3 class=\"widget-title dfd-title \" style=\"font-size: 23px; line-height: 30px; \">Nom de la soci\u00e9t\u00e9<\/h3><\/div><\/div><\/div><\/div><script type=\"text\/javascript\">\r\n\t\t\t\t\t\t\t\t\t(function($) {\r\n\t\t\t\t\t\t\t\t\t\t$(\"head\").append(\"<style>.dfd-heading-69f4bba573d5f.dfd-heading-module-wrap .dfd-heading-module .dfd-heading-delimiter {margin-top:10px;margin-bottom:10px;}<\/style>\");\r\n\t\t\t\t\t\t\t\t\t})(jQuery);\r\n\t\t\t\t\t\t\t\t<\/script><\/div>[vc_column_text el_class=\u00a0\u00bbtextAvisoPolit\u00a0\u00bb]VELATIA, S.L.[\/vc_column_text]<div class=\"dfd-spacer-module\"  data-units=\"px\" data-wide_resolution=\"1280\" data-wide_size=\"50\" data-normal_resolution=\"1024\" data-normal_size=\"40\" data-tablet_resolution=\"800\" data-tablet_size=\"30\" data-mobile_resolution=\"480\" data-mobile_size=\"30\" style=\"height: 50px;\"><\/div><div class=\"dfd-heading-shortcode\"><div class=\"dfd-heading-module-wrap  text-left style_09 cr-animate-gen dfd-heading-69f4bba573e3a dfd-disable-resposive-headings\" id=\"dfd-heading-69f4bba573e3a\" data-animate-type = \"transition.slideLeftIn\" ><div class=\"inline-block\"><div class=\"dfd-heading-module\"><div class=\"title-wrap\"><h3 class=\"widget-title dfd-title \" style=\"font-size: 23px; line-height: 30px; \">Donn\u00e9es d&rsquo;enregistrement<\/h3><\/div><\/div><\/div><\/div><script type=\"text\/javascript\">\r\n\t\t\t\t\t\t\t\t\t(function($) {\r\n\t\t\t\t\t\t\t\t\t\t$(\"head\").append(\"<style>.dfd-heading-69f4bba573e3a.dfd-heading-module-wrap .dfd-heading-module .dfd-heading-delimiter {margin-top:10px;margin-bottom:10px;}<\/style>\");\r\n\t\t\t\t\t\t\t\t\t})(jQuery);\r\n\t\t\t\t\t\t\t\t<\/script><\/div>[vc_column_text item_animation=\u00a0\u00bbtransition.fadeIn\u00a0\u00bb el_class=\u00a0\u00bbtextAvisoPolit\u00a0\u00bb]Elle est inscrite au registre du commerce de Bizkaia, au volume 5.100, folio 89, page BI-56.032.[\/vc_column_text]<div class=\"dfd-spacer-module\"  data-units=\"px\" data-wide_resolution=\"1280\" data-wide_size=\"50\" data-normal_resolution=\"1024\" data-normal_size=\"40\" data-tablet_resolution=\"800\" data-tablet_size=\"30\" data-mobile_resolution=\"480\" data-mobile_size=\"30\" style=\"height: 50px;\"><\/div><div class=\"dfd-heading-shortcode\"><div class=\"dfd-heading-module-wrap  text-left style_09 cr-animate-gen dfd-heading-69f4bba573ef4 dfd-disable-resposive-headings\" id=\"dfd-heading-69f4bba573ef4\" data-animate-type = \"transition.slideLeftIn\" ><div class=\"inline-block\"><div class=\"dfd-heading-module\"><div class=\"title-wrap\"><h3 class=\"widget-title dfd-title \" style=\"font-size: 23px; line-height: 30px; \">Domicile fiscal<\/h3><\/div><\/div><\/div><\/div><script type=\"text\/javascript\">\r\n\t\t\t\t\t\t\t\t\t(function($) {\r\n\t\t\t\t\t\t\t\t\t\t$(\"head\").append(\"<style>.dfd-heading-69f4bba573ef4.dfd-heading-module-wrap .dfd-heading-module .dfd-heading-delimiter {margin-top:10px;margin-bottom:10px;}<\/style>\");\r\n\t\t\t\t\t\t\t\t\t})(jQuery);\r\n\t\t\t\t\t\t\t\t<\/script><\/div>[vc_column_text item_animation=\u00a0\u00bbtransition.fadeIn\u00a0\u00bb el_class=\u00a0\u00bbtextAvisoPolit\u00a0\u00bb]Zamudio (Bizkaia), Parque Cient\u00edfico y Tecnol\u00f3gico de Bizkaia, 104.[\/vc_column_text]<div class=\"dfd-spacer-module\"  data-units=\"px\" data-wide_resolution=\"1280\" data-wide_size=\"50\" data-normal_resolution=\"1024\" data-normal_size=\"40\" data-tablet_resolution=\"800\" data-tablet_size=\"30\" data-mobile_resolution=\"480\" data-mobile_size=\"30\" style=\"height: 50px;\"><\/div><div class=\"dfd-heading-shortcode\"><div class=\"dfd-heading-module-wrap  text-left style_09 cr-animate-gen dfd-heading-69f4bba573f99 dfd-disable-resposive-headings\" id=\"dfd-heading-69f4bba573f99\" data-animate-type = \"transition.slideLeftIn\" ><div class=\"inline-block\"><div class=\"dfd-heading-module\"><div class=\"title-wrap\"><h3 class=\"widget-title dfd-title \" style=\"font-size: 23px; line-height: 30px; \">Num\u00e9ro d\u2019identification fiscale<\/h3><\/div><\/div><\/div><\/div><script type=\"text\/javascript\">\r\n\t\t\t\t\t\t\t\t\t(function($) {\r\n\t\t\t\t\t\t\t\t\t\t$(\"head\").append(\"<style>.dfd-heading-69f4bba573f99.dfd-heading-module-wrap .dfd-heading-module .dfd-heading-delimiter {margin-top:10px;margin-bottom:10px;}<\/style>\");\r\n\t\t\t\t\t\t\t\t\t})(jQuery);\r\n\t\t\t\t\t\t\t\t<\/script><\/div>[vc_column_text item_animation=\u00a0\u00bbtransition.fadeIn\u00a0\u00bb el_class=\u00a0\u00bbtextAvisoPolit\u00a0\u00bb]B-95.594.172[\/vc_column_text]<div class=\"dfd-spacer-module\"  data-units=\"px\" data-wide_resolution=\"1280\" data-wide_size=\"50\" data-normal_resolution=\"1024\" data-normal_size=\"40\" data-tablet_resolution=\"800\" data-tablet_size=\"30\" data-mobile_resolution=\"480\" data-mobile_size=\"30\" style=\"height: 50px;\"><\/div><div class=\"dfd-heading-shortcode\"><div class=\"dfd-heading-module-wrap  text-left style_09 cr-animate-gen dfd-heading-69f4bba57403a dfd-disable-resposive-headings\" id=\"dfd-heading-69f4bba57403a\" data-animate-type = \"transition.slideLeftIn\" ><div class=\"inline-block\"><div class=\"dfd-heading-module\"><div class=\"title-wrap\"><h3 class=\"widget-title dfd-title \" style=\"font-size: 23px; line-height: 30px; \">Codes de conduite<\/h3><\/div><\/div><\/div><\/div><script type=\"text\/javascript\">\r\n\t\t\t\t\t\t\t\t\t(function($) {\r\n\t\t\t\t\t\t\t\t\t\t$(\"head\").append(\"<style>.dfd-heading-69f4bba57403a.dfd-heading-module-wrap .dfd-heading-module .dfd-heading-delimiter {margin-top:10px;margin-bottom:10px;}<\/style>\");\r\n\t\t\t\t\t\t\t\t\t})(jQuery);\r\n\t\t\t\t\t\t\t\t<\/script><\/div>[vc_column_text item_animation=\u00a0\u00bbtransition.fadeIn\u00a0\u00bb el_class=\u00a0\u00bbtextAvisoPolit\u00a0\u00bb]Les soci\u00e9t\u00e9s VELATIA et leurs employ\u00e9s sont soumis aux r\u00e8gles internes du Code d&rsquo;\u00e9thique et de responsabilit\u00e9 soci\u00e9tale des entreprises, qui sont \u00e0 la disposition des utilisateurs ainsi que des informations sur le respect de ces r\u00e8gles \u00e0 l&rsquo;adresse suivante: <a href=\"https:\/\/www.velatia.com\/es\/etica-e-integridad\/\" target=\"_blank\" rel=\"noopener\">cliquez ici<\/a>[\/vc_column_text]<div class=\"dfd-spacer-module\"  data-units=\"px\" data-wide_resolution=\"1280\" data-wide_size=\"50\" data-normal_resolution=\"1024\" data-normal_size=\"40\" data-tablet_resolution=\"800\" data-tablet_size=\"30\" data-mobile_resolution=\"480\" data-mobile_size=\"30\" style=\"height: 50px;\"><\/div><div class=\"dfd-heading-shortcode\"><div class=\"dfd-heading-module-wrap  text-left style_09 cr-animate-gen dfd-heading-69f4bba5740d8 dfd-disable-resposive-headings\" id=\"dfd-heading-69f4bba5740d8\" data-animate-type = \"transition.slideLeftIn\" ><div class=\"inline-block\"><div class=\"dfd-heading-module\"><div class=\"title-wrap\"><h3 class=\"widget-title dfd-title \" style=\"font-size: 23px; line-height: 30px; \">Copyright. Droits d&rsquo;auteur<\/h3><\/div><\/div><\/div><\/div><script type=\"text\/javascript\">\r\n\t\t\t\t\t\t\t\t\t(function($) {\r\n\t\t\t\t\t\t\t\t\t\t$(\"head\").append(\"<style>.dfd-heading-69f4bba5740d8.dfd-heading-module-wrap .dfd-heading-module .dfd-heading-delimiter {margin-top:10px;margin-bottom:10px;}<\/style>\");\r\n\t\t\t\t\t\t\t\t\t})(jQuery);\r\n\t\t\t\t\t\t\t\t<\/script><\/div>[vc_column_text item_animation=\u00a0\u00bbtransition.fadeIn\u00a0\u00bb el_class=\u00a0\u00bbtextAvisoPolit\u00a0\u00bb]Tous droits r\u00e9serv\u00e9s.<br \/>\nIl est express\u00e9ment interdit, sans l&rsquo;autorisation pr\u00e9alable et expresse de VELATIA S.L., de reproduire, copier, transf\u00e9rer, diffuser et faire tout type d&rsquo;utilisation, totale ou partielle, du contenu de ce site web, \u00e0 quelque fin que ce soit.<br \/>\nTout type de manipulation, d&rsquo;alt\u00e9ration ou de modification de la configuration et des contenus de ce site web est \u00e9galement interdit.<br \/>\nLes utilisateurs du site web doivent respecter le contenu et la configuration de ce dernier, ainsi que les droits de propri\u00e9t\u00e9 intellectuelle et industrielle qui le prot\u00e8gent.[\/vc_column_text]<div class=\"dfd-spacer-module\"  data-units=\"px\" data-wide_resolution=\"1280\" data-wide_size=\"50\" data-normal_resolution=\"1024\" data-normal_size=\"40\" data-tablet_resolution=\"800\" data-tablet_size=\"30\" data-mobile_resolution=\"480\" data-mobile_size=\"30\" style=\"height: 50px;\"><\/div><div class=\"dfd-heading-shortcode\"><div class=\"dfd-heading-module-wrap  text-left style_09 cr-animate-gen dfd-heading-69f4bba574173 dfd-disable-resposive-headings\" id=\"dfd-heading-69f4bba574173\" data-animate-type = \"transition.slideLeftIn\" ><div class=\"inline-block\"><div class=\"dfd-heading-module\"><div class=\"title-wrap\"><h3 class=\"widget-title dfd-title \" style=\"font-size: 23px; line-height: 30px; \">Utilisation du site web<\/h3><\/div><\/div><\/div><\/div><script type=\"text\/javascript\">\r\n\t\t\t\t\t\t\t\t\t(function($) {\r\n\t\t\t\t\t\t\t\t\t\t$(\"head\").append(\"<style>.dfd-heading-69f4bba574173.dfd-heading-module-wrap .dfd-heading-module .dfd-heading-delimiter {margin-top:10px;margin-bottom:10px;}<\/style>\");\r\n\t\t\t\t\t\t\t\t\t})(jQuery);\r\n\t\t\t\t\t\t\t\t<\/script><\/div>[vc_column_text item_animation=\u00a0\u00bbtransition.fadeIn\u00a0\u00bb el_class=\u00a0\u00bbtextAvisoPolit\u00a0\u00bb]L&rsquo;utilisation de ce site web, en tout ou en partie, constitue une acceptation des conditions suivantes. Si vous n&rsquo;acceptez pas l&rsquo;une de ces conditions, vous n&rsquo;\u00eates pas autoris\u00e9 \u00e0 utiliser ce site web.<br \/>\nVeuillez consulter r\u00e9guli\u00e8rement les conditions d&rsquo;utilisation publi\u00e9es sur ce site afin de vous assurer que vous \u00eates au courant de toutes les conditions r\u00e9gissant son utilisation.<br \/>\nLes pr\u00e9sentes conditions d&rsquo;utilisation peuvent \u00eatre modifi\u00e9es par VELATIA S.L. \u00e0 tout moment. Une fois modifi\u00e9es, les conditions d&rsquo;utilisation prendront effet \u00e0 partir du moment o\u00f9 elles seront introduites sur ce site web.<br \/>\nLes informations fournies \u00e0 tout utilisateur sur ce site web le sont sans garantie d&rsquo;aucune sorte, qu&rsquo;elle soit expresse ou implicite ; VELATIA S.L. ne garantit pas non plus que l&rsquo;acc\u00e8s au site web ne sera pas interrompu, que le site web est s\u00e9curis\u00e9 ou exempt de virus ou de tout autre \u00e9l\u00e9ment nuisible, ni que les informations fournies sur le site web sont compl\u00e8tes, exactes et actuelles \u00e0 tout moment.<br \/>\nEn aucun cas, VELATIA S.L. ne sera responsable des dommages directs, indirects, cons\u00e9cutifs ou punitifs caus\u00e9s par, d\u00e9coulant de ou en relation avec l&rsquo;utilisation ou l&rsquo;incapacit\u00e9 d&rsquo;utiliser ce site web ou son contenu.<br \/>\nDe m\u00eame, VELATIA S.L. ne sera pas tenue pour responsable de tout type de manipulation ou d&rsquo;alt\u00e9ration qui, effectu\u00e9e par des tiers, pourrait causer des dommages aux utilisateurs de ce site web.<br \/>\nVELATIA S.L., ne recueillera pas de donn\u00e9es personnelles autres que celles express\u00e9ment fournies par ses utilisateurs.[\/vc_column_text]<div class=\"dfd-spacer-module\"  data-units=\"px\" data-wide_resolution=\"1280\" data-wide_size=\"50\" data-normal_resolution=\"1024\" data-normal_size=\"40\" data-tablet_resolution=\"800\" data-tablet_size=\"30\" data-mobile_resolution=\"480\" data-mobile_size=\"30\" style=\"height: 50px;\"><\/div><div class=\"dfd-heading-shortcode\"><div class=\"dfd-heading-module-wrap  text-left style_09 cr-animate-gen dfd-heading-69f4bba57420d dfd-disable-resposive-headings\" id=\"dfd-heading-69f4bba57420d\" data-animate-type = \"transition.slideLeftIn\" ><div class=\"inline-block\"><div class=\"dfd-heading-module\"><div class=\"title-wrap\"><h3 class=\"widget-title dfd-title \" style=\"font-size: 23px; line-height: 30px; \">Liens<\/h3><\/div><\/div><\/div><\/div><script type=\"text\/javascript\">\r\n\t\t\t\t\t\t\t\t\t(function($) {\r\n\t\t\t\t\t\t\t\t\t\t$(\"head\").append(\"<style>.dfd-heading-69f4bba57420d.dfd-heading-module-wrap .dfd-heading-module .dfd-heading-delimiter {margin-top:10px;margin-bottom:10px;}<\/style>\");\r\n\t\t\t\t\t\t\t\t\t})(jQuery);\r\n\t\t\t\t\t\t\t\t<\/script><\/div>[vc_column_text item_animation=\u00a0\u00bbtransition.fadeIn\u00a0\u00bb el_class=\u00a0\u00bbtextAvisoPolit\u00a0\u00bb]Les sites web de tiers auxquels l&rsquo;utilisateur peut acc\u00e9der par l&rsquo;interm\u00e9diaire de ce site web ne sont pas sous le contr\u00f4le de VELATIA S.L. Par cons\u00e9quent, VELATIA S.L. ne peut \u00eatre tenue pour responsable et n&rsquo;accorde aucune garantie sur le contenu de tout site web ou hyperlien, sur ses \u00e9ventuelles modifications ou mises \u00e0 jour ou sur l&rsquo;utilisation que des tiers peuvent en faire.[\/vc_column_text][\/vc_column][\/vc_row][vc_row][vc_column]<div class=\"dfd-spacer-module\"  data-units=\"px\" data-wide_resolution=\"1280\" data-wide_size=\"100\" data-normal_resolution=\"1024\" data-normal_size=\"80\" data-tablet_resolution=\"800\" data-tablet_size=\"60\" data-mobile_resolution=\"480\" data-mobile_size=\"60\" style=\"height: 100px;\"><\/div>[\/vc_column][\/vc_row]<\/p>\n<\/div>","protected":false},"excerpt":{"rendered":"<p>[vc_row][vc_column][\/vc_column][\/vc_row][vc_row dfd_row_responsive_enable=\u00a0\u00bbdfd-row-responsive-enable\u00a0\u00bb responsive_styles=\u00a0\u00bbmargin_left_tablet:20|margin_right_tablet:20|margin_left_mobile:20|margin_right_mobile:20&Prime;][vc_column][vc_column_text el_class=\u00a0\u00bbtextAvisoPolit\u00a0\u00bb]Conform\u00e9ment \u00e0 l&rsquo;article 10 de la loi 34\/2002, du 11 juillet, sur les services de la soci\u00e9t\u00e9 de l&rsquo;information et le commerce \u00e9lectronique, les coordonn\u00e9es de la<\/p>\n","protected":false},"author":2,"featured_media":0,"parent":0,"menu_order":0,"comment_status":"closed","ping_status":"closed","template":"page-custom-with-header.php","meta":{"inline_featured_image":false,"footnotes":""},"class_list":["post-1733","page","type-page","status-publish","hentry"],"yoast_head":"<!-- This site is optimized with the Yoast SEO plugin v27.5 - https:\/\/yoast.com\/product\/yoast-seo-wordpress\/ -->\n<title>Notice l\u00e9gale - SMARMEC<\/title>\n<meta name=\"robots\" content=\"index, follow, max-snippet:-1, max-image-preview:large, max-video-preview:-1\" \/>\n<link rel=\"canonical\" href=\"https:\/\/www.smarmec.com\/fr\/notice-legale\/\" \/>\n<meta property=\"og:locale\" content=\"fr_FR\" \/>\n<meta property=\"og:type\" content=\"article\" \/>\n<meta property=\"og:title\" content=\"Notice l\u00e9gale - SMARMEC\" \/>\n<meta property=\"og:description\" content=\"[vc_row][vc_column][\/vc_column][\/vc_row][vc_row dfd_row_responsive_enable=\u00a0\u00bbdfd-row-responsive-enable\u00a0\u00bb responsive_styles=\u00a0\u00bbmargin_left_tablet:20|margin_right_tablet:20|margin_left_mobile:20|margin_right_mobile:20&Prime;][vc_column][vc_column_text el_class=\u00a0\u00bbtextAvisoPolit\u00a0\u00bb]Conform\u00e9ment \u00e0 l&rsquo;article 10 de la loi 34\/2002, du 11 juillet, sur les services de la soci\u00e9t\u00e9 de l&rsquo;information et le commerce \u00e9lectronique, les coordonn\u00e9es de la\" \/>\n<meta property=\"og:url\" content=\"https:\/\/www.smarmec.com\/fr\/notice-legale\/\" \/>\n<meta property=\"og:site_name\" content=\"SMARMEC\" \/>\n<meta property=\"article:modified_time\" content=\"2022-05-23T12:52:22+00:00\" \/>\n<meta name=\"twitter:card\" content=\"summary_large_image\" \/>\n<meta name=\"twitter:label1\" content=\"Dur\u00e9e de lecture estim\u00e9e\" \/>\n\t<meta name=\"twitter:data1\" content=\"7 minutes\" \/>\n<script type=\"application\/ld+json\" class=\"yoast-schema-graph\">{\"@context\":\"https:\\\/\\\/schema.org\",\"@graph\":[{\"@type\":\"WebPage\",\"@id\":\"https:\\\/\\\/www.smarmec.com\\\/fr\\\/notice-legale\\\/\",\"url\":\"https:\\\/\\\/www.smarmec.com\\\/fr\\\/notice-legale\\\/\",\"name\":\"Notice l\u00e9gale - SMARMEC\",\"isPartOf\":{\"@id\":\"https:\\\/\\\/www.smarmec.com\\\/fr\\\/#website\"},\"datePublished\":\"2021-12-30T14:26:13+00:00\",\"dateModified\":\"2022-05-23T12:52:22+00:00\",\"breadcrumb\":{\"@id\":\"https:\\\/\\\/www.smarmec.com\\\/fr\\\/notice-legale\\\/#breadcrumb\"},\"inLanguage\":\"fr-FR\",\"potentialAction\":[{\"@type\":\"ReadAction\",\"target\":[\"https:\\\/\\\/www.smarmec.com\\\/fr\\\/notice-legale\\\/\"]}]},{\"@type\":\"BreadcrumbList\",\"@id\":\"https:\\\/\\\/www.smarmec.com\\\/fr\\\/notice-legale\\\/#breadcrumb\",\"itemListElement\":[{\"@type\":\"ListItem\",\"position\":1,\"name\":\"Accueil\",\"item\":\"https:\\\/\\\/www.smarmec.com\\\/fr\\\/\"},{\"@type\":\"ListItem\",\"position\":2,\"name\":\"Notice l\u00e9gale\"}]},{\"@type\":\"WebSite\",\"@id\":\"https:\\\/\\\/www.smarmec.com\\\/fr\\\/#website\",\"url\":\"https:\\\/\\\/www.smarmec.com\\\/fr\\\/\",\"name\":\"SMARMEC\",\"description\":\"Design &amp; Manufacturing Ideas\",\"potentialAction\":[{\"@type\":\"SearchAction\",\"target\":{\"@type\":\"EntryPoint\",\"urlTemplate\":\"https:\\\/\\\/www.smarmec.com\\\/fr\\\/?s={search_term_string}\"},\"query-input\":{\"@type\":\"PropertyValueSpecification\",\"valueRequired\":true,\"valueName\":\"search_term_string\"}}],\"inLanguage\":\"fr-FR\"}]}<\/script>\n<!-- \/ Yoast SEO plugin. -->","yoast_head_json":{"title":"Notice l\u00e9gale - SMARMEC","robots":{"index":"index","follow":"follow","max-snippet":"max-snippet:-1","max-image-preview":"max-image-preview:large","max-video-preview":"max-video-preview:-1"},"canonical":"https:\/\/www.smarmec.com\/fr\/notice-legale\/","og_locale":"fr_FR","og_type":"article","og_title":"Notice l\u00e9gale - SMARMEC","og_description":"[vc_row][vc_column][\/vc_column][\/vc_row][vc_row dfd_row_responsive_enable=\u00a0\u00bbdfd-row-responsive-enable\u00a0\u00bb responsive_styles=\u00a0\u00bbmargin_left_tablet:20|margin_right_tablet:20|margin_left_mobile:20|margin_right_mobile:20&Prime;][vc_column][vc_column_text el_class=\u00a0\u00bbtextAvisoPolit\u00a0\u00bb]Conform\u00e9ment \u00e0 l&rsquo;article 10 de la loi 34\/2002, du 11 juillet, sur les services de la soci\u00e9t\u00e9 de l&rsquo;information et le commerce \u00e9lectronique, les coordonn\u00e9es de la","og_url":"https:\/\/www.smarmec.com\/fr\/notice-legale\/","og_site_name":"SMARMEC","article_modified_time":"2022-05-23T12:52:22+00:00","twitter_card":"summary_large_image","twitter_misc":{"Dur\u00e9e de lecture estim\u00e9e":"7 minutes"},"schema":{"@context":"https:\/\/schema.org","@graph":[{"@type":"WebPage","@id":"https:\/\/www.smarmec.com\/fr\/notice-legale\/","url":"https:\/\/www.smarmec.com\/fr\/notice-legale\/","name":"Notice l\u00e9gale - SMARMEC","isPartOf":{"@id":"https:\/\/www.smarmec.com\/fr\/#website"},"datePublished":"2021-12-30T14:26:13+00:00","dateModified":"2022-05-23T12:52:22+00:00","breadcrumb":{"@id":"https:\/\/www.smarmec.com\/fr\/notice-legale\/#breadcrumb"},"inLanguage":"fr-FR","potentialAction":[{"@type":"ReadAction","target":["https:\/\/www.smarmec.com\/fr\/notice-legale\/"]}]},{"@type":"BreadcrumbList","@id":"https:\/\/www.smarmec.com\/fr\/notice-legale\/#breadcrumb","itemListElement":[{"@type":"ListItem","position":1,"name":"Accueil","item":"https:\/\/www.smarmec.com\/fr\/"},{"@type":"ListItem","position":2,"name":"Notice l\u00e9gale"}]},{"@type":"WebSite","@id":"https:\/\/www.smarmec.com\/fr\/#website","url":"https:\/\/www.smarmec.com\/fr\/","name":"SMARMEC","description":"Design &amp; Manufacturing Ideas","potentialAction":[{"@type":"SearchAction","target":{"@type":"EntryPoint","urlTemplate":"https:\/\/www.smarmec.com\/fr\/?s={search_term_string}"},"query-input":{"@type":"PropertyValueSpecification","valueRequired":true,"valueName":"search_term_string"}}],"inLanguage":"fr-FR"}]}},"jetpack_sharing_enabled":true,"_links":{"self":[{"href":"https:\/\/www.smarmec.com\/fr\/wp-json\/wp\/v2\/pages\/1733","targetHints":{"allow":["GET"]}}],"collection":[{"href":"https:\/\/www.smarmec.com\/fr\/wp-json\/wp\/v2\/pages"}],"about":[{"href":"https:\/\/www.smarmec.com\/fr\/wp-json\/wp\/v2\/types\/page"}],"author":[{"embeddable":true,"href":"https:\/\/www.smarmec.com\/fr\/wp-json\/wp\/v2\/users\/2"}],"replies":[{"embeddable":true,"href":"https:\/\/www.smarmec.com\/fr\/wp-json\/wp\/v2\/comments?post=1733"}],"version-history":[{"count":3,"href":"https:\/\/www.smarmec.com\/fr\/wp-json\/wp\/v2\/pages\/1733\/revisions"}],"predecessor-version":[{"id":1820,"href":"https:\/\/www.smarmec.com\/fr\/wp-json\/wp\/v2\/pages\/1733\/revisions\/1820"}],"wp:attachment":[{"href":"https:\/\/www.smarmec.com\/fr\/wp-json\/wp\/v2\/media?parent=1733"}],"curies":[{"name":"wp","href":"https:\/\/api.w.org\/{rel}","templated":true}]}}