{"id":1665,"date":"2021-12-29T10:19:38","date_gmt":"2021-12-29T10:19:38","guid":{"rendered":"https:\/\/www.smarmec.com\/secteurs\/defensa\/"},"modified":"2023-02-28T15:07:06","modified_gmt":"2023-02-28T15:07:06","slug":"defense","status":"publish","type":"page","link":"https:\/\/www.smarmec.com\/fr\/secteurs\/defense\/","title":{"rendered":"D\u00e9fense"},"content":{"rendered":"<div class=\"wpb-content-wrapper\"><p>[vc_row][vc_column]<div class=\"dfd-spacer-module\"  data-units=\"px\" data-wide_resolution=\"1280\" data-wide_size=\"100\" data-normal_resolution=\"1024\" data-normal_size=\"50\" data-tablet_resolution=\"800\" data-tablet_size=\"50\" data-mobile_resolution=\"480\" data-mobile_size=\"10\" style=\"height: 100px;\"><\/div>[\/vc_column][\/vc_row][vc_row el_class=\u00a0\u00bbcontenedorFlex\u00a0\u00bb][vc_column dfd_column_responsive_enable=\u00a0\u00bbdfd-column-responsive-enable\u00a0\u00bb css=\u00a0\u00bb.vc_custom_1649321657866{padding-right: 50px !important;}\u00a0\u00bb col_shadow=\u00a0\u00bbbox_shadow_enable:disable|shadow_horizontal:0|shadow_vertical:15|shadow_blur:50|shadow_spread:0|box_shadow_color:rgba(0%2C0%2C0%2C0.35)\u00a0\u00bb col_shadow_hover=\u00a0\u00bbbox_shadow_enable:disable|shadow_horizontal:0|shadow_vertical:15|shadow_blur:50|shadow_spread:0|box_shadow_color:rgba(0%2C0%2C0%2C0.35)\u00a0\u00bb offset=\u00a0\u00bbvc_col-lg-5 vc_col-md-7&Prime; responsive_styles=\u00a0\u00bbmargin_bottom_desktop:0|padding_bottom_desktop:0|padding_right_desktop:50|padding_top_tablet:0|padding_bottom_tablet:40|padding_left_tablet:40|padding_right_tablet:40|padding_top_mobile:20|padding_bottom_mobile:40|padding_left_mobile:20|padding_right_mobile:20&Prime; el_class=\u00a0\u00bbposicionar2&Prime;]<div class=\"dfd-heading-shortcode\"><div class=\"dfd-heading-module-wrap  text-left style_01 cr-animate-gen dfd-heading-69deb8b60b417 dfd-disable-resposive-headings\" id=\"dfd-heading-69deb8b60b417\" data-animate-type = \"transition.fadeIn\" ><div class=\"inline-block\"><div class=\"dfd-heading-module\"><h2 class=\"widget-title dfd-title \" style=\"font-size: 27px; line-height: 30px; \"><strong>Smarmec <\/strong>poss\u00e8de plus de vingt ans d&rsquo;exp\u00e9rience dans la fabrication de composants pour les v\u00e9hicules de transport de personnel dans des situations de conflit<\/h2><\/div><\/div><\/div><script type=\"text\/javascript\">\r\n\t\t\t\t\t\t\t\t\t(function($) {\r\n\t\t\t\t\t\t\t\t\t\t$(\"head\").append(\"<style>.dfd-heading-69deb8b60b417 .dfd-heading-module .widget-title {margin-bottom:10px;}.dfd-heading-69deb8b60b417.dfd-heading-module-wrap .dfd-heading-module .dfd-heading-delimiter {margin-top:10px;margin-bottom:10px;}@media (max-width: 799px){.dfd-heading-69deb8b60b417 .dfd-title{font-size: 23px !important;line-height: 26px !important;}}@media only screen and (max-width: 768px) {.dfd-heading-69deb8b60b417 {text-align: center;}}<\/style>\");\r\n\t\t\t\t\t\t\t\t\t})(jQuery);\r\n\t\t\t\t\t\t\t\t<\/script><\/div><div class=\"dfd-spacer-module\"  data-units=\"px\" data-wide_resolution=\"1280\" data-wide_size=\"15\" data-normal_resolution=\"1024\" data-normal_size=\"15\" data-tablet_resolution=\"800\" data-tablet_size=\"15\" data-mobile_resolution=\"480\" data-mobile_size=\"5\" style=\"height: 15px;\"><\/div>[vc_column_text el_class=\u00a0\u00bbtextCenter\u00a0\u00bb]Notre connaissance des technologies de raccordement \u00e0 travers des processus de soudage certifi\u00e9s garantit une <strong>robustesse maximale<\/strong>, ainsi qu\u2019une <strong>qualit\u00e9<\/strong> et une <strong>stabilit\u00e9 optimales<\/strong> de nos pi\u00e8ces dans ce type de v\u00e9hicules soumis \u00e0 de fortes charges m\u00e9caniques et environnementales.[\/vc_column_text]<div class=\"dfd-spacer-module\"  data-units=\"px\" data-wide_resolution=\"1280\" data-wide_size=\"25\" data-normal_resolution=\"1024\" data-normal_size=\"20\" data-tablet_resolution=\"800\" data-tablet_size=\"25\" data-mobile_resolution=\"480\" data-mobile_size=\"25\" style=\"height: 25px;\"><\/div><div id=\"dfd-button-69deb8b60b5e1\" class=\"dfd-button-module-wrap dfd-button-69deb8b60b5e1\"><div class=\"dfd-button-module scrollAncla cr-animate-gen style_1 text-left dfd-horizontal dfd-top-to-bottom dfd-button-icon-left dfd-button-icon-hover-simple mobile-center\"  data-animate-type=\"transition.slideDownIn\" ><a href=\"#MasInformacion\" class=\"dfd-button-link\"><span class=\"dfd-button-inner-cover\"><span class=\"dfd-button-text-main\">Plus d'informations<\/span><\/span><\/a><\/div><script type=\"text\/javascript\">\r\n\t\t\t\t\t\t\t\t\t(function($) {$(\"head\").append(\"<style>@media only screen and (max-width: 799px) {.dfd-button-69deb8b60b5e1 .mobile-center,#dfd-button-69deb8b60b5e1 .mobile-center {text-align: center;}}#dfd-button-69deb8b60b5e1.dfd-button-module-wrap .dfd-button-module .dfd-button-link .dfd-button-inner-cover .dfd-button-text-main,.dfd-button-69deb8b60b5e1.dfd-button-module-wrap .dfd-button-module .dfd-button-link .dfd-button-inner-cover .dfd-button-text-main {color: #ffffff}#dfd-button-69deb8b60b5e1.dfd-button-module-wrap .dfd-button-module .dfd-button-link .dfd-button-inner-cover,.dfd-button-69deb8b60b5e1.dfd-button-module-wrap .dfd-button-module .dfd-button-link .dfd-button-border-decoration,.dfd-button-69deb8b60b5e1.dfd-button-module-wrap .dfd-button-module .dfd-button-link .dfd-button-inner-cover {border-radius:2px;}#dfd-button-69deb8b60b5e1.dfd-button-module-wrap .dfd-button-module:not(.style_4) .dfd-button-link .dfd-button-inner-cover:before,#dfd-button-69deb8b60b5e1.dfd-button-module-wrap .dfd-button-module.style_4 .dfd-button-link .dfd-button-inner-cover:after,#dfd-button-69deb8b60b5e1.dfd-button-module-wrap .dfd-button-module.style_6 .dfd-button-link .dfd-button-inner-cover .dfd-button-text-main,.dfd-button-69deb8b60b5e1.dfd-button-module-wrap .dfd-button-module:not(.style_4) .dfd-button-link .dfd-button-inner-cover:before,.dfd-button-69deb8b60b5e1.dfd-button-module-wrap .dfd-button-module.style_4 .dfd-button-link .dfd-button-inner-cover:after,.dfd-button-69deb8b60b5e1.dfd-button-module-wrap .dfd-button-module.style_6 .dfd-button-link .dfd-button-inner-cover .dfd-button-text-main {background: #99381f;border-style:none;border-width:1px;border-radius:2px;border-color:#1b1b1b;}#dfd-button-69deb8b60b5e1.dfd-button-module-wrap .dfd-button-module:not(.style_6) .dfd-button-link:hover .dfd-button-inner-cover .dfd-button-text-main,#dfd-button-69deb8b60b5e1.dfd-button-module-wrap .dfd-button-module .dfd-button-link .dfd-button-inner-cover .dfd-button-text-hover,.dfd-button-69deb8b60b5e1.dfd-button-module-wrap .dfd-button-module:not(.style_6) .dfd-button-link:hover .dfd-button-inner-cover .dfd-button-text-main,.dfd-button-69deb8b60b5e1.dfd-button-module-wrap .dfd-button-module .dfd-button-link .dfd-button-inner-cover .dfd-button-text-hover {color: #ffffff;}#dfd-button-69deb8b60b5e1.dfd-button-module-wrap .dfd-button-module .dfd-button-link:hover .dfd-button-inner-cover,.dfd-button-69deb8b60b5e1.dfd-button-module-wrap .dfd-button-module .dfd-button-link:hover .dfd-button-border-decoration,.dfd-button-69deb8b60b5e1.dfd-button-module-wrap .dfd-button-module .dfd-button-link:hover .dfd-button-inner-cover {border-radius:2px;}#dfd-button-69deb8b60b5e1.dfd-button-module-wrap .dfd-button-module:not(.style_4) .dfd-button-link .dfd-button-inner-cover:after,#dfd-button-69deb8b60b5e1.dfd-button-module-wrap .dfd-button-module.style_4 .dfd-button-link .dfd-button-inner-cover:before,#dfd-button-69deb8b60b5e1.dfd-button-module-wrap .dfd-button-module .dfd-button-link .dfd-button-inner-cover .dfd-button-text-hover .dfd-button-69deb8b60b5e1.dfd-button-module-wrap .dfd-button-module:not(.style_4) .dfd-button-link .dfd-button-inner-cover:after,.dfd-button-69deb8b60b5e1.dfd-button-module-wrap .dfd-button-module.style_4 .dfd-button-link .dfd-button-inner-cover:before,.dfd-button-69deb8b60b5e1.dfd-button-module-wrap .dfd-button-module .dfd-button-link .dfd-button-inner-cover .dfd-button-text-hover {background: #c84b2b;border-style:none;border-width:1px;border-radius:2px;border-color:#c39f76;}#dfd-button-69deb8b60b5e1.dfd-button-module-wrap .dfd-button-module.style_3 .dfd-button-link:hover .dfd-button-inner-cover:before,#dfd-button-69deb8b60b5e1.dfd-button-module-wrap .dfd-button-module.style_4 .dfd-button-link:hover .dfd-button-inner-cover:before,.dfd-button-69deb8b60b5e1.dfd-button-module-wrap .dfd-button-module.style_3 .dfd-button-link:hover .dfd-button-inner-cover:before,.dfd-button-69deb8b60b5e1.dfd-button-module-wrap .dfd-button-module.style_4 .dfd-button-link:hover .dfd-button-inner-cover:before {border-style:none;border-width:1px;border-radius:2px;border-color:#c39f76;}<\/style>\")\r\n\t\t\t\t\t\t\t\t\t})(jQuery);\r\n\t\t\t\t\t\t\t\t<\/script><\/div><div class=\"dfd-spacer-module\"  data-units=\"px\" data-wide_resolution=\"1280\" data-wide_size=\"25\" data-normal_resolution=\"1024\" data-normal_size=\"20\" data-tablet_resolution=\"800\" data-tablet_size=\"25\" data-mobile_resolution=\"480\" data-mobile_size=\"25\" style=\"height: 25px;\"><\/div>[vc_row_inner][vc_column_inner css=\u00a0\u00bb.vc_custom_1675428065012{padding-top: 30px !important;padding-right: 30px !important;padding-bottom: 30px !important;padding-left: 30px !important;background-color: #f5f5f5 !important;}\u00a0\u00bb col_inner_shadow=\u00a0\u00bbbox_shadow_enable:disable|shadow_horizontal:0|shadow_vertical:15|shadow_blur:50|shadow_spread:0|box_shadow_color:rgba(0%2C0%2C0%2C.35)\u00a0\u00bb col_inner_shadow_hover=\u00a0\u00bbbox_shadow_enable:disable|shadow_horizontal:0|shadow_vertical:15|shadow_blur:50|shadow_spread:0|box_shadow_color:rgba(0%2C0%2C0%2C.35)\u00a0\u00bb]<div class=\"dfd-heading-shortcode\"><div class=\"dfd-heading-module-wrap  text-left style_01 cr-animate-gen dfd-heading-69deb8b60b6fa dfd-disable-resposive-headings\" id=\"dfd-heading-69deb8b60b6fa\" data-animate-type = \"transition.fadeIn\" ><div class=\"inline-block\"><div class=\"dfd-heading-module\"><h3 class=\"widget-title dfd-title \" style=\"font-size: 24px; color: #28262b !important; line-height: 27px; \">Histoire de r\u00e9ussite<\/h3><div class=\"dfd-heading-delimiter\"><\/div><\/div><\/div><\/div><script type=\"text\/javascript\">\r\n\t\t\t\t\t\t\t\t\t(function($) {\r\n\t\t\t\t\t\t\t\t\t\t$(\"head\").append(\"<style>.dfd-heading-69deb8b60b6fa.dfd-heading-module-wrap .dfd-heading-module .dfd-heading-delimiter {border-bottom-style:solid;border-bottom-width:1px;width:100px;border-bottom-color:#dddddd;}.dfd-heading-69deb8b60b6fa .dfd-heading-module .widget-title {margin-bottom:10px;}.dfd-heading-69deb8b60b6fa.dfd-heading-module-wrap .dfd-heading-module .dfd-heading-delimiter {margin-top:20px;margin-bottom:20px;}@media (max-width: 799px){.dfd-heading-69deb8b60b6fa .dfd-title{font-size: 23px !important;line-height: 26px !important;}}@media only screen and (max-width: 768px) {.dfd-heading-69deb8b60b6fa {text-align: center;}}<\/style>\");\r\n\t\t\t\t\t\t\t\t\t})(jQuery);\r\n\t\t\t\t\t\t\t\t<\/script><\/div><div id=\"dfd-icon-list-69deb8b60b7fb-9197\" class=\"dfd-icon-list-wrap  del-full-width style-2  \" ><ul class=\"dfd-icon-list\"><li class=\"with-link\"><div class=\"dfd-list-content clearfix \" style=\"\"><div class=\"dfd-list-icon-block text-center\" style=\"margin-right:5px;color:#99381f; font-size:20px; \"><i class = \"dfd-icon-star2 dfd_icon_set-icon-star2\"><\/i><\/div><div class=\"dfd-list-content-block content\">Sous-ensembles pour v\u00e9hicules de transport de troupes<\/div><\/div><span class=\"dfd-icon-item-delimiter\" style=\"border-bottom-width:1px; border-style:dotted; border-color:#d8d8d8; \"><\/span><a href=\"https:\/\/www.smarmec.com\/fr\/histoires-de-reussite\/sous-ensembles-pour-vehicules-de-transport-de-troupes\/\" class=\"item-link\"><\/a><\/li><\/ul><\/div><script type=\"text\/javascript\">(function($) {$(\"head\").append(\"<style>#dfd-icon-list-69deb8b60b7fb-9197 .dfd-icon-list .content {style=&quot;font-size: 17px; line-height: 22px; font-weight:bold; &quot;}#dfd-icon-list-69deb8b60b7fb-9197 .dfd-icon-list li.with-link:hover .dfd-list-content .dfd-list-content-block {color: #cf4d2b !important; }<\/style>\");})(jQuery);<\/script>[\/vc_column_inner][\/vc_row_inner]<div class=\"dfd-spacer-module\"  data-units=\"px\" data-wide_resolution=\"1280\" data-wide_size=\"0\" data-normal_resolution=\"1024\" data-normal_size=\"0\" data-tablet_resolution=\"800\" data-tablet_size=\"25\" data-mobile_resolution=\"480\" data-mobile_size=\"25\" style=\"height: 0px;\"><\/div>[\/vc_column][vc_column dfd_column_responsive_enable=\u00a0\u00bbdfd-column-responsive-enable\u00a0\u00bb offset=\u00a0\u00bbvc_col-lg-7 vc_col-md-5&Prime; col_shadow=\u00a0\u00bbbox_shadow_enable:disable|shadow_horizontal:0|shadow_vertical:15|shadow_blur:50|shadow_spread:0|box_shadow_color:rgba(0%2C0%2C0%2C0.35)\u00a0\u00bb col_shadow_hover=\u00a0\u00bbbox_shadow_enable:disable|shadow_horizontal:0|shadow_vertical:15|shadow_blur:50|shadow_spread:0|box_shadow_color:rgba(0%2C0%2C0%2C0.35)\u00a0\u00bb el_class=\u00a0\u00bbposicionar1&Prime; responsive_styles=\u00a0\u00bbpadding_left_desktop:0|padding_right_desktop:20|padding_top_tablet:50|padding_bottom_tablet:50|padding_left_tablet:0|padding_right_tablet:20&Prime;]<div id=\"dfd-carousel-69deb8b60b971\" class=\"dfd-carousel-wrapper\"><div class=\"dfd-carousel-module-wrapper  dfd-carousel-horizontal dfd-arrows_aside2 dfdfillsquare dfd-arrows-style_2 dfd-arrows-enabled dfd-dots-enabled\" ><div class=\"dfd-carousel\">[vc_single_image image=\u00a0\u00bb770&Prime; img_size=\u00a0\u00bbfull\u00a0\u00bb alignment=\u00a0\u00bbcenter\u00a0\u00bb][vc_single_image image=\u00a0\u00bb2468&Prime; img_size=\u00a0\u00bbfull\u00a0\u00bb alignment=\u00a0\u00bbcenter\u00a0\u00bb][vc_single_image image=\u00a0\u00bb769&Prime; img_size=\u00a0\u00bbfull\u00a0\u00bb alignment=\u00a0\u00bbcenter\u00a0\u00bb][vc_single_image image=\u00a0\u00bb2474&Prime; img_size=\u00a0\u00bbfull\u00a0\u00bb alignment=\u00a0\u00bbcenter\u00a0\u00bb]<\/div><a href=\"#\" class=\"dfd-slider-control prev\" title=\"Previous slide\"><i class=\"dfd-added-font-icon-left-open2\"><\/i><\/a><a href=\"#\" class=\"dfd-slider-control next\" title=\"Next slide\"><i class=\"dfd-added-font-icon-right-open2\"><\/i><\/a><\/div>\t\t\t\t<script type=\"text\/javascript\">\r\n\t\t\t\t\t(function($) {\r\n\t\t\t\t\t\t\"use strict\";\r\n\t\t\t\t\t\tvar $carousel = $('#dfd-carousel-69deb8b60b971').find('.dfd-carousel');\r\n\t\t\t\t\t\t$(document).ready(function() {\r\n\t\t\t\t\t\t\tvar $initialized = ($('body').hasClass('page-template-tmp-side-by-side')) ? $carousel.not('.slick-initialized') : $carousel;\r\n\t\t\t\t\t\t\t\t\t\t\t\t\t\t$carousel.siblings('.dfd-slider-control.prev').click(function(e) {\r\n\t\t\t\t\t\t\t\te.preventDefault();\r\n\t\t\t\t\t\t\t\t$carousel.eq(0).slick('slickPrev');\r\n\t\t\t\t\t\t\t});\r\n\t\t\t\t\t\t\t$carousel.siblings('.dfd-slider-control.next').click(function(e) {\r\n\t\t\t\t\t\t\t\te.preventDefault();\r\n\t\t\t\t\t\t\t\t$carousel.eq(0).slick('slickNext');\r\n\t\t\t\t\t\t\t});\r\n\t\t\t\t\t\t\t$initialized.slick({arrows: false,dotsClass: 'dfd-slick-dots',slidesToScroll: 1,autoplay: true,autoplaySpeed: 5000,dots: true,customPaging: function(slider, i) {\r\n\t\t\t\t\t\t\t\t\treturn '<span data-role=\"none\" role=\"button\" aria-required=\"false\" tabindex=\"0\"><\/span>';\r\n\t\t\t\t\t\t\t\t},infinite: true,slidesToShow: 1,speed: 300,swipe: true,draggable: true,adaptiveHeight: true,responsive: [\r\n\t\t\t\t\t\t\t{\r\n\t\t\t\t\t\t\t\tbreakpoint: 1024,\r\n\t\t\t\t\t\t\t\tsettings: {\r\n\t\t\t\t\t\t\t\t\tslidesToShow: 1,\r\n\t\t\t\t\t\t\t\t\tslidesToScroll: 1,\r\n\t\t\t\t\t\t\t\t}\r\n\t\t\t\t\t\t\t},\r\n\t\t\t\t\t\t\t{\r\n\t\t\t\t\t\t\t\tbreakpoint: 800,\r\n\t\t\t\t\t\t\t\tsettings: {\r\n\t\t\t\t\t\t\t\t\tslidesToShow: 1,\r\n\t\t\t\t\t\t\t\t\tslidesToScroll: 1,\r\n\t\t\t\t\t\t\t\t}\r\n\t\t\t\t\t\t\t},\r\n\t\t\t\t\t\t\t{\r\n\t\t\t\t\t\t\t\tbreakpoint: 480,\r\n\t\t\t\t\t\t\t\tsettings: {\r\n\t\t\t\t\t\t\t\t\tslidesToShow: 1,\r\n\t\t\t\t\t\t\t\t\tslidesToScroll: 1,\r\n\t\t\t\t\t\t\t\t}\r\n\t\t\t\t\t\t\t},]});\r\n\t\t\t\t\t\t\t$(\"head\").append(\"<style>#dfd-carousel-69deb8b60b971 .dfdrounded ul.dfd-slick-dots li.slick-active span:before, #dfd-carousel-69deb8b60b971 .dfdsquare ul.dfd-slick-dots li.slick-active span:before {background: #99381f}#dfd-carousel-69deb8b60b971 .dfdfillrounded ul.dfd-slick-dots li.slick-active span, #dfd-carousel-69deb8b60b971 .dfdfillsquare ul.dfd-slick-dots li.slick-active span {background: #99381f;border-color: #99381f;}#dfd-carousel-69deb8b60b971 .dfdemptyrounded ul.dfd-slick-dots li.slick-active span, #dfd-carousel-69deb8b60b971 .dfdemptysquare ul.dfd-slick-dots li.slick-active span {border-color: #99381f;}#dfd-carousel-69deb8b60b971 .dfdline ul.dfd-slick-dots li.slick-active span:before {border-color: #99381f;}#dfd-carousel-69deb8b60b971 .dfdadvancesquare ul.dfd-slick-dots li.slick-active span, #dfd-carousel-69deb8b60b971 .dfdfillsquareold .dfd-slick-dots li.slick-active span {background: #99381f;}#dfd-carousel-69deb8b60b971 .dfdadvancesquare ul.dfd-slick-dots li.slick-active span:before {border-bottom-color: #99381f;}#dfd-carousel-69deb8b60b971 .dfdemptyroundedold .dfd-slick-dots li.slick-active span {-webkit-box-shadow: 0 0 0 2px #99381f; box-shadow: 0 0 0 2px #99381f;}#dfd-carousel-69deb8b60b971 .dfdfillsquareold .dfd-slick-dots li.slick-active span {-webkit-box-shadow: 0 0 0 1px #99381f; box-shadow: 0 0 0 1px #99381f;}#dfd-carousel-69deb8b60b971 > .dfd-carousel-module-wrapper > .dfd-carousel > .slick-list > .slick-track > .dfd-item-wrap > .cover {padding: 10px;}#dfd-carousel-69deb8b60b971 {margin: -10px;}<\/style>\")\t\t\t\t\t\t});\r\n\t\t\t\t\t})(jQuery);\r\n\t\t\t\t<\/script>\r\n            <\/div>[\/vc_column][\/vc_row][vc_row][vc_column]<div class=\"dfd-spacer-module\"  data-units=\"px\" data-wide_resolution=\"1280\" data-wide_size=\"100\" data-normal_resolution=\"1024\" data-normal_size=\"50\" data-tablet_resolution=\"800\" data-tablet_size=\"50\" data-mobile_resolution=\"480\" data-mobile_size=\"20\" style=\"height: 100px;\"><\/div>[\/vc_column][\/vc_row]<\/p>\n<\/div>","protected":false},"excerpt":{"rendered":"<p>[vc_row][vc_column][\/vc_column][\/vc_row][vc_row el_class=\u00a0\u00bbcontenedorFlex\u00a0\u00bb][vc_column dfd_column_responsive_enable=\u00a0\u00bbdfd-column-responsive-enable\u00a0\u00bb css=\u00a0\u00bb.vc_custom_1649321657866{padding-right: 50px !important;}\u00a0\u00bb col_shadow=\u00a0\u00bbbox_shadow_enable:disable|shadow_horizontal:0|shadow_vertical:15|shadow_blur:50|shadow_spread:0|box_shadow_color:rgba(0%2C0%2C0%2C0.35)\u00a0\u00bb col_shadow_hover=\u00a0\u00bbbox_shadow_enable:disable|shadow_horizontal:0|shadow_vertical:15|shadow_blur:50|shadow_spread:0|box_shadow_color:rgba(0%2C0%2C0%2C0.35)\u00a0\u00bb offset=\u00a0\u00bbvc_col-lg-5 vc_col-md-7&Prime; responsive_styles=\u00a0\u00bbmargin_bottom_desktop:0|padding_bottom_desktop:0|padding_right_desktop:50|padding_top_tablet:0|padding_bottom_tablet:40|padding_left_tablet:40|padding_right_tablet:40|padding_top_mobile:20|padding_bottom_mobile:40|padding_left_mobile:20|padding_right_mobile:20&Prime; el_class=\u00a0\u00bbposicionar2&Prime;][vc_column_text el_class=\u00a0\u00bbtextCenter\u00a0\u00bb]Notre connaissance des technologies de raccordement \u00e0 travers des processus de soudage certifi\u00e9s garantit une robustesse maximale, ainsi<\/p>\n","protected":false},"author":2,"featured_media":0,"parent":1649,"menu_order":0,"comment_status":"closed","ping_status":"closed","template":"page-custom-with-header.php","meta":{"inline_featured_image":false,"footnotes":""},"class_list":["post-1665","page","type-page","status-publish","hentry"],"yoast_head":"<!-- This site is optimized with the Yoast SEO plugin v27.2 - https:\/\/yoast.com\/product\/yoast-seo-wordpress\/ -->\n<title>D\u00e9fense - SMARMEC<\/title>\n<meta name=\"robots\" content=\"index, follow, max-snippet:-1, max-image-preview:large, max-video-preview:-1\" \/>\n<link rel=\"canonical\" href=\"https:\/\/www.smarmec.com\/fr\/secteurs\/defense\/\" \/>\n<meta property=\"og:locale\" content=\"fr_FR\" \/>\n<meta property=\"og:type\" content=\"article\" \/>\n<meta property=\"og:title\" content=\"D\u00e9fense - SMARMEC\" \/>\n<meta property=\"og:description\" content=\"[vc_row][vc_column][\/vc_column][\/vc_row][vc_row el_class=\u00a0\u00bbcontenedorFlex\u00a0\u00bb][vc_column dfd_column_responsive_enable=\u00a0\u00bbdfd-column-responsive-enable\u00a0\u00bb css=\u00a0\u00bb.vc_custom_1649321657866{padding-right: 50px !important;}\u00a0\u00bb col_shadow=\u00a0\u00bbbox_shadow_enable:disable|shadow_horizontal:0|shadow_vertical:15|shadow_blur:50|shadow_spread:0|box_shadow_color:rgba(0%2C0%2C0%2C0.35)\u00a0\u00bb col_shadow_hover=\u00a0\u00bbbox_shadow_enable:disable|shadow_horizontal:0|shadow_vertical:15|shadow_blur:50|shadow_spread:0|box_shadow_color:rgba(0%2C0%2C0%2C0.35)\u00a0\u00bb offset=\u00a0\u00bbvc_col-lg-5 vc_col-md-7&Prime; responsive_styles=\u00a0\u00bbmargin_bottom_desktop:0|padding_bottom_desktop:0|padding_right_desktop:50|padding_top_tablet:0|padding_bottom_tablet:40|padding_left_tablet:40|padding_right_tablet:40|padding_top_mobile:20|padding_bottom_mobile:40|padding_left_mobile:20|padding_right_mobile:20&Prime; el_class=\u00a0\u00bbposicionar2&Prime;][vc_column_text el_class=\u00a0\u00bbtextCenter\u00a0\u00bb]Notre connaissance des technologies de raccordement \u00e0 travers des processus de soudage certifi\u00e9s garantit une robustesse maximale, ainsi\" \/>\n<meta property=\"og:url\" content=\"https:\/\/www.smarmec.com\/fr\/secteurs\/defense\/\" \/>\n<meta property=\"og:site_name\" content=\"SMARMEC\" \/>\n<meta property=\"article:modified_time\" content=\"2023-02-28T15:07:06+00:00\" \/>\n<meta name=\"twitter:card\" content=\"summary_large_image\" \/>\n<meta name=\"twitter:label1\" content=\"Dur\u00e9e de lecture estim\u00e9e\" \/>\n\t<meta name=\"twitter:data1\" content=\"2 minutes\" \/>\n<script type=\"application\/ld+json\" class=\"yoast-schema-graph\">{\"@context\":\"https:\/\/schema.org\",\"@graph\":[{\"@type\":\"WebPage\",\"@id\":\"https:\/\/www.smarmec.com\/fr\/secteurs\/defense\/\",\"url\":\"https:\/\/www.smarmec.com\/fr\/secteurs\/defense\/\",\"name\":\"D\u00e9fense - SMARMEC\",\"isPartOf\":{\"@id\":\"https:\/\/www.smarmec.com\/fr\/#website\"},\"datePublished\":\"2021-12-29T10:19:38+00:00\",\"dateModified\":\"2023-02-28T15:07:06+00:00\",\"breadcrumb\":{\"@id\":\"https:\/\/www.smarmec.com\/fr\/secteurs\/defense\/#breadcrumb\"},\"inLanguage\":\"fr-FR\",\"potentialAction\":[{\"@type\":\"ReadAction\",\"target\":[\"https:\/\/www.smarmec.com\/fr\/secteurs\/defense\/\"]}]},{\"@type\":\"BreadcrumbList\",\"@id\":\"https:\/\/www.smarmec.com\/fr\/secteurs\/defense\/#breadcrumb\",\"itemListElement\":[{\"@type\":\"ListItem\",\"position\":1,\"name\":\"Accueil\",\"item\":\"https:\/\/www.smarmec.com\/fr\/\"},{\"@type\":\"ListItem\",\"position\":2,\"name\":\"Secteurs\",\"item\":\"https:\/\/www.smarmec.com\/fr\/secteurs\/\"},{\"@type\":\"ListItem\",\"position\":3,\"name\":\"D\u00e9fense\"}]},{\"@type\":\"WebSite\",\"@id\":\"https:\/\/www.smarmec.com\/fr\/#website\",\"url\":\"https:\/\/www.smarmec.com\/fr\/\",\"name\":\"SMARMEC\",\"description\":\"Design &amp; Manufacturing Ideas\",\"potentialAction\":[{\"@type\":\"SearchAction\",\"target\":{\"@type\":\"EntryPoint\",\"urlTemplate\":\"https:\/\/www.smarmec.com\/fr\/?s={search_term_string}\"},\"query-input\":{\"@type\":\"PropertyValueSpecification\",\"valueRequired\":true,\"valueName\":\"search_term_string\"}}],\"inLanguage\":\"fr-FR\"}]}<\/script>\n<!-- \/ Yoast SEO plugin. -->","yoast_head_json":{"title":"D\u00e9fense - SMARMEC","robots":{"index":"index","follow":"follow","max-snippet":"max-snippet:-1","max-image-preview":"max-image-preview:large","max-video-preview":"max-video-preview:-1"},"canonical":"https:\/\/www.smarmec.com\/fr\/secteurs\/defense\/","og_locale":"fr_FR","og_type":"article","og_title":"D\u00e9fense - SMARMEC","og_description":"[vc_row][vc_column][\/vc_column][\/vc_row][vc_row el_class=\u00a0\u00bbcontenedorFlex\u00a0\u00bb][vc_column dfd_column_responsive_enable=\u00a0\u00bbdfd-column-responsive-enable\u00a0\u00bb css=\u00a0\u00bb.vc_custom_1649321657866{padding-right: 50px !important;}\u00a0\u00bb col_shadow=\u00a0\u00bbbox_shadow_enable:disable|shadow_horizontal:0|shadow_vertical:15|shadow_blur:50|shadow_spread:0|box_shadow_color:rgba(0%2C0%2C0%2C0.35)\u00a0\u00bb col_shadow_hover=\u00a0\u00bbbox_shadow_enable:disable|shadow_horizontal:0|shadow_vertical:15|shadow_blur:50|shadow_spread:0|box_shadow_color:rgba(0%2C0%2C0%2C0.35)\u00a0\u00bb offset=\u00a0\u00bbvc_col-lg-5 vc_col-md-7&Prime; responsive_styles=\u00a0\u00bbmargin_bottom_desktop:0|padding_bottom_desktop:0|padding_right_desktop:50|padding_top_tablet:0|padding_bottom_tablet:40|padding_left_tablet:40|padding_right_tablet:40|padding_top_mobile:20|padding_bottom_mobile:40|padding_left_mobile:20|padding_right_mobile:20&Prime; el_class=\u00a0\u00bbposicionar2&Prime;][vc_column_text el_class=\u00a0\u00bbtextCenter\u00a0\u00bb]Notre connaissance des technologies de raccordement \u00e0 travers des processus de soudage certifi\u00e9s garantit une robustesse maximale, ainsi","og_url":"https:\/\/www.smarmec.com\/fr\/secteurs\/defense\/","og_site_name":"SMARMEC","article_modified_time":"2023-02-28T15:07:06+00:00","twitter_card":"summary_large_image","twitter_misc":{"Dur\u00e9e de lecture estim\u00e9e":"2 minutes"},"schema":{"@context":"https:\/\/schema.org","@graph":[{"@type":"WebPage","@id":"https:\/\/www.smarmec.com\/fr\/secteurs\/defense\/","url":"https:\/\/www.smarmec.com\/fr\/secteurs\/defense\/","name":"D\u00e9fense - SMARMEC","isPartOf":{"@id":"https:\/\/www.smarmec.com\/fr\/#website"},"datePublished":"2021-12-29T10:19:38+00:00","dateModified":"2023-02-28T15:07:06+00:00","breadcrumb":{"@id":"https:\/\/www.smarmec.com\/fr\/secteurs\/defense\/#breadcrumb"},"inLanguage":"fr-FR","potentialAction":[{"@type":"ReadAction","target":["https:\/\/www.smarmec.com\/fr\/secteurs\/defense\/"]}]},{"@type":"BreadcrumbList","@id":"https:\/\/www.smarmec.com\/fr\/secteurs\/defense\/#breadcrumb","itemListElement":[{"@type":"ListItem","position":1,"name":"Accueil","item":"https:\/\/www.smarmec.com\/fr\/"},{"@type":"ListItem","position":2,"name":"Secteurs","item":"https:\/\/www.smarmec.com\/fr\/secteurs\/"},{"@type":"ListItem","position":3,"name":"D\u00e9fense"}]},{"@type":"WebSite","@id":"https:\/\/www.smarmec.com\/fr\/#website","url":"https:\/\/www.smarmec.com\/fr\/","name":"SMARMEC","description":"Design &amp; Manufacturing Ideas","potentialAction":[{"@type":"SearchAction","target":{"@type":"EntryPoint","urlTemplate":"https:\/\/www.smarmec.com\/fr\/?s={search_term_string}"},"query-input":{"@type":"PropertyValueSpecification","valueRequired":true,"valueName":"search_term_string"}}],"inLanguage":"fr-FR"}]}},"jetpack_sharing_enabled":true,"_links":{"self":[{"href":"https:\/\/www.smarmec.com\/fr\/wp-json\/wp\/v2\/pages\/1665","targetHints":{"allow":["GET"]}}],"collection":[{"href":"https:\/\/www.smarmec.com\/fr\/wp-json\/wp\/v2\/pages"}],"about":[{"href":"https:\/\/www.smarmec.com\/fr\/wp-json\/wp\/v2\/types\/page"}],"author":[{"embeddable":true,"href":"https:\/\/www.smarmec.com\/fr\/wp-json\/wp\/v2\/users\/2"}],"replies":[{"embeddable":true,"href":"https:\/\/www.smarmec.com\/fr\/wp-json\/wp\/v2\/comments?post=1665"}],"version-history":[{"count":5,"href":"https:\/\/www.smarmec.com\/fr\/wp-json\/wp\/v2\/pages\/1665\/revisions"}],"predecessor-version":[{"id":3224,"href":"https:\/\/www.smarmec.com\/fr\/wp-json\/wp\/v2\/pages\/1665\/revisions\/3224"}],"up":[{"embeddable":true,"href":"https:\/\/www.smarmec.com\/fr\/wp-json\/wp\/v2\/pages\/1649"}],"wp:attachment":[{"href":"https:\/\/www.smarmec.com\/fr\/wp-json\/wp\/v2\/media?parent=1665"}],"curies":[{"name":"wp","href":"https:\/\/api.w.org\/{rel}","templated":true}]}}