{"id":1649,"date":"2021-12-28T12:58:20","date_gmt":"2021-12-28T12:58:20","guid":{"rendered":"https:\/\/www.smarmec.com\/sectores\/"},"modified":"2023-02-28T14:04:27","modified_gmt":"2023-02-28T14:04:27","slug":"secteurs","status":"publish","type":"page","link":"https:\/\/www.smarmec.com\/fr\/secteurs\/","title":{"rendered":"Secteurs"},"content":{"rendered":"<div class=\"wpb-content-wrapper\"><p>[vc_row][vc_column]<div class=\"dfd-spacer-module\"  data-units=\"px\" data-wide_resolution=\"1280\" data-wide_size=\"100\" data-normal_resolution=\"1024\" data-normal_size=\"50\" data-tablet_resolution=\"800\" data-tablet_size=\"50\" data-mobile_resolution=\"480\" data-mobile_size=\"10\" style=\"height: 100px;\"><\/div>[\/vc_column][\/vc_row][vc_row el_class=\u00a0\u00bbcontenedorFlex\u00a0\u00bb][vc_column dfd_column_responsive_enable=\u00a0\u00bbdfd-column-responsive-enable\u00a0\u00bb css=\u00a0\u00bb.vc_custom_1640699766546{padding-right: 50px !important;padding-left: 20px !important;}\u00a0\u00bb col_shadow=\u00a0\u00bbbox_shadow_enable:disable|shadow_horizontal:0|shadow_vertical:15|shadow_blur:50|shadow_spread:0|box_shadow_color:rgba(0%2C0%2C0%2C0.35)\u00a0\u00bb col_shadow_hover=\u00a0\u00bbbox_shadow_enable:disable|shadow_horizontal:0|shadow_vertical:15|shadow_blur:50|shadow_spread:0|box_shadow_color:rgba(0%2C0%2C0%2C0.35)\u00a0\u00bb offset=\u00a0\u00bbvc_col-lg-5 vc_col-md-7&Prime; responsive_styles=\u00a0\u00bbmargin_bottom_desktop:0|padding_bottom_desktop:0|padding_left_desktop:20|padding_right_desktop:50|padding_top_tablet:0|padding_bottom_tablet:40|padding_left_tablet:40|padding_right_tablet:40|padding_top_mobile:20|padding_bottom_mobile:40|padding_left_mobile:20|padding_right_mobile:20&Prime; el_class=\u00a0\u00bbposicionar2&Prime;]<div class=\"dfd-heading-shortcode\"><div class=\"dfd-heading-module-wrap  text-left style_01 cr-animate-gen dfd-heading-6a01fcb5b731d dfd-disable-resposive-headings\" id=\"dfd-heading-6a01fcb5b731d\" data-animate-type = \"transition.fadeIn\" ><div class=\"inline-block\"><div class=\"dfd-heading-module\"><h2 class=\"widget-title dfd-title \" style=\"font-size: 27px; line-height: 30px; \"><strong>Smarmec <\/strong>poss\u00e8de une longue exp\u00e9rience dans diff\u00e9rents secteurs tels que l&rsquo;impression, la d\u00e9fense, l&rsquo;\u00e9nergie, l&rsquo;\u00e9lectro-m\u00e9decine, les automates de vente, l&rsquo;a\u00e9ronautique et les biens d&rsquo;\u00e9quipement, o\u00f9 nous avons accumul\u00e9 une grande vari\u00e9t\u00e9 de projets et des ann\u00e9es d&rsquo;exp\u00e9rience<\/h2><div class=\"dfd-heading-delimiter\"><\/div><\/div><\/div><\/div><script type=\"text\/javascript\">\r\n\t\t\t\t\t\t\t\t\t(function($) {\r\n\t\t\t\t\t\t\t\t\t\t$(\"head\").append(\"<style>.dfd-heading-6a01fcb5b731d.dfd-heading-module-wrap .dfd-heading-module .dfd-heading-delimiter {border-bottom-style:solid;border-bottom-width:1px;width:100px;border-bottom-color:#dddddd;}.dfd-heading-6a01fcb5b731d .dfd-heading-module .widget-title {margin-bottom:10px;}.dfd-heading-6a01fcb5b731d.dfd-heading-module-wrap .dfd-heading-module .dfd-heading-delimiter {margin-top:20px;margin-bottom:20px;}@media (max-width: 799px){.dfd-heading-6a01fcb5b731d .dfd-title{font-size: 23px !important;line-height: 26px !important;}}@media only screen and (max-width: 768px) {.dfd-heading-6a01fcb5b731d {text-align: center;}}<\/style>\");\r\n\t\t\t\t\t\t\t\t\t})(jQuery);\r\n\t\t\t\t\t\t\t\t<\/script><\/div><div class=\"dfd-spacer-module\"  data-units=\"px\" data-wide_resolution=\"1280\" data-wide_size=\"15\" data-normal_resolution=\"1024\" data-normal_size=\"15\" data-tablet_resolution=\"800\" data-tablet_size=\"15\" data-mobile_resolution=\"480\" data-mobile_size=\"15\" style=\"height: 15px;\"><\/div>[vc_column_text el_class=\u00a0\u00bbtextCenter\u00a0\u00bb]Notre connaissance approfondie du march\u00e9 nous permet d&rsquo;aborder des projets tr\u00e8s complexes, en g\u00e9rant la phase de conception, le d\u00e9veloppement de prototypes, l&rsquo;industrialisation et la production en s\u00e9rie.[\/vc_column_text][\/vc_column][vc_column dfd_column_responsive_enable=\u00a0\u00bbdfd-column-responsive-enable\u00a0\u00bb offset=\u00a0\u00bbvc_col-lg-7 vc_col-md-5 vc_hidden-sm vc_hidden-xs\u00a0\u00bb col_shadow=\u00a0\u00bbbox_shadow_enable:disable|shadow_horizontal:0|shadow_vertical:15|shadow_blur:50|shadow_spread:0|box_shadow_color:rgba(0%2C0%2C0%2C0.35)\u00a0\u00bb col_shadow_hover=\u00a0\u00bbbox_shadow_enable:disable|shadow_horizontal:0|shadow_vertical:15|shadow_blur:50|shadow_spread:0|box_shadow_color:rgba(0%2C0%2C0%2C0.35)\u00a0\u00bb el_class=\u00a0\u00bbposicionar1&Prime; responsive_styles=\u00a0\u00bbpadding_left_desktop:0|padding_right_desktop:20|padding_top_tablet:50|padding_bottom_tablet:50|padding_left_tablet:0|padding_right_tablet:20&Prime;][vc_single_image image=\u00a0\u00bb246&Prime; img_size=\u00a0\u00bbfull\u00a0\u00bb alignment=\u00a0\u00bbcenter\u00a0\u00bb css_animation=\u00a0\u00bbfadeIn\u00a0\u00bb][\/vc_column][\/vc_row][vc_row][vc_column]<div class=\"dfd-spacer-module\"  data-units=\"px\" data-wide_resolution=\"1280\" data-wide_size=\"20\" data-normal_resolution=\"1024\" data-normal_size=\"20\" data-tablet_resolution=\"800\" data-tablet_size=\"0\" data-mobile_resolution=\"480\" data-mobile_size=\"0\" style=\"height: 20px;\"><\/div>[\/vc_column][\/vc_row][vc_row][vc_column offset=\u00a0\u00bbvc_col-lg-4 vc_col-md-4&Prime; col_shadow=\u00a0\u00bbbox_shadow_enable:disable|shadow_horizontal:0|shadow_vertical:15|shadow_blur:50|shadow_spread:0|box_shadow_color:rgba(0%2C0%2C0%2C.35)\u00a0\u00bb col_shadow_hover=\u00a0\u00bbbox_shadow_enable:disable|shadow_horizontal:0|shadow_vertical:15|shadow_blur:50|shadow_spread:0|box_shadow_color:rgba(0%2C0%2C0%2C.35)\u00a0\u00bb css=\u00a0\u00bb.vc_custom_1677592592598{margin-bottom: 0px !important;padding-bottom: 0px !important;}\u00a0\u00bb]<div class=\"dfd-info-banner style-10 botSectores opacity delimiter-hidden  dfd-image-blur text-center\" ><div class=\"image-wrap\"><div class=\"image-cover \"><img loading=\"lazy\" decoding=\"async\" src=\"https:\/\/www.smarmec.com\/wp-content\/uploads\/2022\/03\/smarmec-energia-1-600x250.jpg\" alt=\"Energ\u00eda\"  width=\"600\" height=\"250\" class=\"info-banner-image \" \/><\/div><div class=\"overlay\" style=\"background: linear-gradient(to bottom, rgba(0,0,0,0.5), rgba(0,0,0,0.5));\"><\/div><div class=\"title-wrap\"><h4 class=\"info-box-title \" style=\"\">\u00c9nergie et mobilit\u00e9 \u00e9lectrique<\/h4><\/div><\/div><div class=\"content-wrap\"><\/div><a href=\"https:\/\/www.smarmec.com\/fr\/secteurs\/energie-et-mobilite-electrique\/\"  class=\"full-box-link\"><\/a><\/div>[\/vc_column][vc_column offset=\u00a0\u00bbvc_col-lg-4 vc_col-md-4&Prime; col_shadow=\u00a0\u00bbbox_shadow_enable:disable|shadow_horizontal:0|shadow_vertical:15|shadow_blur:50|shadow_spread:0|box_shadow_color:rgba(0%2C0%2C0%2C.35)\u00a0\u00bb col_shadow_hover=\u00a0\u00bbbox_shadow_enable:disable|shadow_horizontal:0|shadow_vertical:15|shadow_blur:50|shadow_spread:0|box_shadow_color:rgba(0%2C0%2C0%2C.35)\u00a0\u00bb css=\u00a0\u00bb.vc_custom_1677592598421{margin-bottom: 0px !important;padding-bottom: 0px !important;}\u00a0\u00bb]<div class=\"dfd-info-banner style-10 botSectores opacity delimiter-hidden  dfd-image-blur text-center\" ><div class=\"image-wrap\"><div class=\"image-cover \"><img loading=\"lazy\" decoding=\"async\" src=\"https:\/\/www.smarmec.com\/wp-content\/uploads\/2021\/12\/smarmec-impresion-600x250.jpg\" alt=\"Smarmec: impresi\u00f3n\"  width=\"600\" height=\"250\" class=\"info-banner-image \" \/><\/div><div class=\"overlay\" style=\"background: linear-gradient(to bottom, rgba(0,0,0,0.5), rgba(0,0,0,0.5));\"><\/div><div class=\"title-wrap\"><h4 class=\"info-box-title \" style=\"\">Impression<\/h4><\/div><\/div><div class=\"content-wrap\"><\/div><a href=\"https:\/\/www.smarmec.com\/fr\/secteurs\/impression\/\"  class=\"full-box-link\"><\/a><\/div>[\/vc_column][vc_column offset=\u00a0\u00bbvc_col-lg-4 vc_col-md-4&Prime; col_shadow=\u00a0\u00bbbox_shadow_enable:disable|shadow_horizontal:0|shadow_vertical:15|shadow_blur:50|shadow_spread:0|box_shadow_color:rgba(0%2C0%2C0%2C.35)\u00a0\u00bb col_shadow_hover=\u00a0\u00bbbox_shadow_enable:disable|shadow_horizontal:0|shadow_vertical:15|shadow_blur:50|shadow_spread:0|box_shadow_color:rgba(0%2C0%2C0%2C.35)\u00a0\u00bb css=\u00a0\u00bb.vc_custom_1677592605486{margin-bottom: 0px !important;padding-bottom: 0px !important;}\u00a0\u00bb]<div class=\"dfd-info-banner style-10 botSectores opacity delimiter-hidden  dfd-image-blur text-center\" ><div class=\"image-wrap\"><div class=\"image-cover \"><img loading=\"lazy\" decoding=\"async\" src=\"https:\/\/www.smarmec.com\/wp-content\/uploads\/2022\/03\/smarmec-automatas-de-venta-1-600x250.jpg\" alt=\"Aut\u00f3matas de venta\"  width=\"600\" height=\"250\" class=\"info-banner-image \" \/><\/div><div class=\"overlay\" style=\"background: linear-gradient(to bottom, rgba(0,0,0,0.5), rgba(0,0,0,0.5));\"><\/div><div class=\"title-wrap\"><h4 class=\"info-box-title \" style=\"\">Automates de vente<\/h4><\/div><\/div><div class=\"content-wrap\"><\/div><a href=\"https:\/\/www.smarmec.com\/fr\/secteurs\/automates-de-vente\/\"  class=\"full-box-link\"><\/a><\/div>[\/vc_column][\/vc_row][vc_row][vc_column offset=\u00a0\u00bbvc_col-lg-4 vc_col-md-4&Prime; col_shadow=\u00a0\u00bbbox_shadow_enable:disable|shadow_horizontal:0|shadow_vertical:15|shadow_blur:50|shadow_spread:0|box_shadow_color:rgba(0%2C0%2C0%2C.35)\u00a0\u00bb col_shadow_hover=\u00a0\u00bbbox_shadow_enable:disable|shadow_horizontal:0|shadow_vertical:15|shadow_blur:50|shadow_spread:0|box_shadow_color:rgba(0%2C0%2C0%2C.35)\u00a0\u00bb css=\u00a0\u00bb.vc_custom_1677592611882{margin-bottom: 0px !important;padding-bottom: 0px !important;}\u00a0\u00bb]<div class=\"dfd-info-banner style-10 botSectores opacity delimiter-hidden  dfd-image-blur text-center\" ><div class=\"image-wrap\"><div class=\"image-cover \"><img loading=\"lazy\" decoding=\"async\" src=\"https:\/\/www.smarmec.com\/wp-content\/uploads\/2023\/02\/smarmec-control-de-accesos-1-600x250.jpg\" alt=\"Contr\u00f4le d'acc\u00e8s\"  width=\"600\" height=\"250\" class=\"info-banner-image \" \/><\/div><div class=\"overlay\" style=\"background: linear-gradient(to bottom, rgba(0,0,0,0.5), rgba(0,0,0,0.5));\"><\/div><div class=\"title-wrap\"><h4 class=\"info-box-title \" style=\"\">Contr\u00f4le d\u2019acc\u00e8s<\/h4><\/div><\/div><div class=\"content-wrap\"><\/div><a href=\"https:\/\/www.smarmec.com\/fr\/secteurs\/controle-dacces\/\"  class=\"full-box-link\"><\/a><\/div>[\/vc_column][vc_column offset=\u00a0\u00bbvc_col-lg-4 vc_col-md-4&Prime; col_shadow=\u00a0\u00bbbox_shadow_enable:disable|shadow_horizontal:0|shadow_vertical:15|shadow_blur:50|shadow_spread:0|box_shadow_color:rgba(0%2C0%2C0%2C.35)\u00a0\u00bb col_shadow_hover=\u00a0\u00bbbox_shadow_enable:disable|shadow_horizontal:0|shadow_vertical:15|shadow_blur:50|shadow_spread:0|box_shadow_color:rgba(0%2C0%2C0%2C.35)\u00a0\u00bb css=\u00a0\u00bb.vc_custom_1677592619054{margin-bottom: 0px !important;padding-bottom: 0px !important;}\u00a0\u00bb]<div class=\"dfd-info-banner style-10 botSectores opacity delimiter-hidden  dfd-image-blur text-center\" ><div class=\"image-wrap\"><div class=\"image-cover \"><img loading=\"lazy\" decoding=\"async\" src=\"https:\/\/www.smarmec.com\/wp-content\/uploads\/2023\/02\/smarmec-maquinaria-industrial-02-600x250.jpg\" alt=\"\u00c9quipement industriel\"  width=\"600\" height=\"250\" class=\"info-banner-image \" \/><\/div><div class=\"overlay\" style=\"background: linear-gradient(to bottom, rgba(0,0,0,0.5), rgba(0,0,0,0.5));\"><\/div><div class=\"title-wrap\"><h4 class=\"info-box-title \" style=\"\">\u00c9quipement industriel<\/h4><\/div><\/div><div class=\"content-wrap\"><\/div><a href=\"https:\/\/www.smarmec.com\/fr\/secteurs\/equipement-industriel\/\"  class=\"full-box-link\"><\/a><\/div>[\/vc_column][vc_column offset=\u00a0\u00bbvc_col-lg-4 vc_col-md-4&Prime; col_shadow=\u00a0\u00bbbox_shadow_enable:disable|shadow_horizontal:0|shadow_vertical:15|shadow_blur:50|shadow_spread:0|box_shadow_color:rgba(0%2C0%2C0%2C.35)\u00a0\u00bb col_shadow_hover=\u00a0\u00bbbox_shadow_enable:disable|shadow_horizontal:0|shadow_vertical:15|shadow_blur:50|shadow_spread:0|box_shadow_color:rgba(0%2C0%2C0%2C.35)\u00a0\u00bb css=\u00a0\u00bb.vc_custom_1677592625347{margin-bottom: 0px !important;padding-bottom: 0px !important;}\u00a0\u00bb]<div class=\"dfd-info-banner style-10 botSectores opacity delimiter-hidden  dfd-image-blur text-center\" ><div class=\"image-wrap\"><div class=\"image-cover \"><img loading=\"lazy\" decoding=\"async\" src=\"https:\/\/www.smarmec.com\/wp-content\/uploads\/2022\/03\/smarmec-electro-medicina-1-600x250.jpg\" alt=\"Electro-medicina\"  width=\"600\" height=\"250\" class=\"info-banner-image \" \/><\/div><div class=\"overlay\" style=\"background: linear-gradient(to bottom, rgba(0,0,0,0.5), rgba(0,0,0,0.5));\"><\/div><div class=\"title-wrap\"><h4 class=\"info-box-title \" style=\"\">Dispositifs m\u00e9dicaux<\/h4><\/div><\/div><div class=\"content-wrap\"><\/div><a href=\"https:\/\/www.smarmec.com\/fr\/secteurs\/dispositifs-medicaux\/\"  class=\"full-box-link\"><\/a><\/div>[\/vc_column][\/vc_row][vc_row][vc_column offset=\u00a0\u00bbvc_col-lg-4 vc_col-md-4&Prime; col_shadow=\u00a0\u00bbbox_shadow_enable:disable|shadow_horizontal:0|shadow_vertical:15|shadow_blur:50|shadow_spread:0|box_shadow_color:rgba(0%2C0%2C0%2C.35)\u00a0\u00bb col_shadow_hover=\u00a0\u00bbbox_shadow_enable:disable|shadow_horizontal:0|shadow_vertical:15|shadow_blur:50|shadow_spread:0|box_shadow_color:rgba(0%2C0%2C0%2C.35)\u00a0\u00bb css=\u00a0\u00bb.vc_custom_1677592631090{margin-bottom: 0px !important;padding-bottom: 0px !important;}\u00a0\u00bb]<div class=\"dfd-info-banner style-10 botSectores opacity delimiter-hidden  dfd-image-blur text-center\" ><div class=\"image-wrap\"><div class=\"image-cover \"><img loading=\"lazy\" decoding=\"async\" src=\"https:\/\/www.smarmec.com\/wp-content\/uploads\/2021\/12\/smarmec-defensa-600x250.jpg\" alt=\"Smarmec: Defensa\"  width=\"600\" height=\"250\" class=\"info-banner-image \" \/><\/div><div class=\"overlay\" style=\"background: linear-gradient(to bottom, rgba(0,0,0,0.5), rgba(0,0,0,0.5));\"><\/div><div class=\"title-wrap\"><h4 class=\"info-box-title \" style=\"\">D\u00e9fense<\/h4><\/div><\/div><div class=\"content-wrap\"><\/div><a href=\"https:\/\/www.smarmec.com\/fr\/secteurs\/defense\/\"  class=\"full-box-link\"><\/a><\/div>[\/vc_column][\/vc_row][vc_row][vc_column]<div class=\"dfd-spacer-module\"  data-units=\"px\" data-wide_resolution=\"1280\" data-wide_size=\"100\" data-normal_resolution=\"1024\" data-normal_size=\"50\" data-tablet_resolution=\"800\" data-tablet_size=\"50\" data-mobile_resolution=\"480\" data-mobile_size=\"20\" style=\"height: 100px;\"><\/div>[\/vc_column][\/vc_row]<\/p>\n<\/div>","protected":false},"excerpt":{"rendered":"<p>[vc_row][vc_column][\/vc_column][\/vc_row][vc_row el_class=\u00a0\u00bbcontenedorFlex\u00a0\u00bb][vc_column dfd_column_responsive_enable=\u00a0\u00bbdfd-column-responsive-enable\u00a0\u00bb css=\u00a0\u00bb.vc_custom_1640699766546{padding-right: 50px !important;padding-left: 20px !important;}\u00a0\u00bb col_shadow=\u00a0\u00bbbox_shadow_enable:disable|shadow_horizontal:0|shadow_vertical:15|shadow_blur:50|shadow_spread:0|box_shadow_color:rgba(0%2C0%2C0%2C0.35)\u00a0\u00bb col_shadow_hover=\u00a0\u00bbbox_shadow_enable:disable|shadow_horizontal:0|shadow_vertical:15|shadow_blur:50|shadow_spread:0|box_shadow_color:rgba(0%2C0%2C0%2C0.35)\u00a0\u00bb offset=\u00a0\u00bbvc_col-lg-5 vc_col-md-7&Prime; responsive_styles=\u00a0\u00bbmargin_bottom_desktop:0|padding_bottom_desktop:0|padding_left_desktop:20|padding_right_desktop:50|padding_top_tablet:0|padding_bottom_tablet:40|padding_left_tablet:40|padding_right_tablet:40|padding_top_mobile:20|padding_bottom_mobile:40|padding_left_mobile:20|padding_right_mobile:20&Prime; el_class=\u00a0\u00bbposicionar2&Prime;][vc_column_text el_class=\u00a0\u00bbtextCenter\u00a0\u00bb]Notre connaissance approfondie du march\u00e9 nous permet d&rsquo;aborder des projets tr\u00e8s complexes, en g\u00e9rant la phase<\/p>\n","protected":false},"author":2,"featured_media":0,"parent":0,"menu_order":0,"comment_status":"closed","ping_status":"closed","template":"page-custom-with-header.php","meta":{"inline_featured_image":false,"footnotes":""},"class_list":["post-1649","page","type-page","status-publish","hentry"],"yoast_head":"<!-- This site is optimized with the Yoast SEO plugin v27.5 - https:\/\/yoast.com\/product\/yoast-seo-wordpress\/ -->\n<title>Secteurs - SMARMEC<\/title>\n<meta name=\"robots\" content=\"index, follow, max-snippet:-1, max-image-preview:large, max-video-preview:-1\" \/>\n<link rel=\"canonical\" href=\"https:\/\/www.smarmec.com\/fr\/secteurs\/\" \/>\n<meta property=\"og:locale\" content=\"fr_FR\" \/>\n<meta property=\"og:type\" content=\"article\" \/>\n<meta property=\"og:title\" content=\"Secteurs - SMARMEC\" \/>\n<meta property=\"og:description\" content=\"[vc_row][vc_column][\/vc_column][\/vc_row][vc_row el_class=\u00a0\u00bbcontenedorFlex\u00a0\u00bb][vc_column dfd_column_responsive_enable=\u00a0\u00bbdfd-column-responsive-enable\u00a0\u00bb css=\u00a0\u00bb.vc_custom_1640699766546{padding-right: 50px !important;padding-left: 20px !important;}\u00a0\u00bb col_shadow=\u00a0\u00bbbox_shadow_enable:disable|shadow_horizontal:0|shadow_vertical:15|shadow_blur:50|shadow_spread:0|box_shadow_color:rgba(0%2C0%2C0%2C0.35)\u00a0\u00bb col_shadow_hover=\u00a0\u00bbbox_shadow_enable:disable|shadow_horizontal:0|shadow_vertical:15|shadow_blur:50|shadow_spread:0|box_shadow_color:rgba(0%2C0%2C0%2C0.35)\u00a0\u00bb offset=\u00a0\u00bbvc_col-lg-5 vc_col-md-7&Prime; responsive_styles=\u00a0\u00bbmargin_bottom_desktop:0|padding_bottom_desktop:0|padding_left_desktop:20|padding_right_desktop:50|padding_top_tablet:0|padding_bottom_tablet:40|padding_left_tablet:40|padding_right_tablet:40|padding_top_mobile:20|padding_bottom_mobile:40|padding_left_mobile:20|padding_right_mobile:20&Prime; el_class=\u00a0\u00bbposicionar2&Prime;][vc_column_text el_class=\u00a0\u00bbtextCenter\u00a0\u00bb]Notre connaissance approfondie du march\u00e9 nous permet d&rsquo;aborder des projets tr\u00e8s complexes, en g\u00e9rant la phase\" \/>\n<meta property=\"og:url\" content=\"https:\/\/www.smarmec.com\/fr\/secteurs\/\" \/>\n<meta property=\"og:site_name\" content=\"SMARMEC\" \/>\n<meta property=\"article:modified_time\" content=\"2023-02-28T14:04:27+00:00\" \/>\n<meta name=\"twitter:card\" content=\"summary_large_image\" \/>\n<meta name=\"twitter:label1\" content=\"Dur\u00e9e de lecture estim\u00e9e\" \/>\n\t<meta name=\"twitter:data1\" content=\"2 minutes\" \/>\n<script type=\"application\/ld+json\" class=\"yoast-schema-graph\">{\"@context\":\"https:\\\/\\\/schema.org\",\"@graph\":[{\"@type\":\"WebPage\",\"@id\":\"https:\\\/\\\/www.smarmec.com\\\/fr\\\/secteurs\\\/\",\"url\":\"https:\\\/\\\/www.smarmec.com\\\/fr\\\/secteurs\\\/\",\"name\":\"Secteurs - SMARMEC\",\"isPartOf\":{\"@id\":\"https:\\\/\\\/www.smarmec.com\\\/fr\\\/#website\"},\"datePublished\":\"2021-12-28T12:58:20+00:00\",\"dateModified\":\"2023-02-28T14:04:27+00:00\",\"breadcrumb\":{\"@id\":\"https:\\\/\\\/www.smarmec.com\\\/fr\\\/secteurs\\\/#breadcrumb\"},\"inLanguage\":\"fr-FR\",\"potentialAction\":[{\"@type\":\"ReadAction\",\"target\":[\"https:\\\/\\\/www.smarmec.com\\\/fr\\\/secteurs\\\/\"]}]},{\"@type\":\"BreadcrumbList\",\"@id\":\"https:\\\/\\\/www.smarmec.com\\\/fr\\\/secteurs\\\/#breadcrumb\",\"itemListElement\":[{\"@type\":\"ListItem\",\"position\":1,\"name\":\"Accueil\",\"item\":\"https:\\\/\\\/www.smarmec.com\\\/fr\\\/\"},{\"@type\":\"ListItem\",\"position\":2,\"name\":\"Secteurs\"}]},{\"@type\":\"WebSite\",\"@id\":\"https:\\\/\\\/www.smarmec.com\\\/fr\\\/#website\",\"url\":\"https:\\\/\\\/www.smarmec.com\\\/fr\\\/\",\"name\":\"SMARMEC\",\"description\":\"Design &amp; Manufacturing Ideas\",\"potentialAction\":[{\"@type\":\"SearchAction\",\"target\":{\"@type\":\"EntryPoint\",\"urlTemplate\":\"https:\\\/\\\/www.smarmec.com\\\/fr\\\/?s={search_term_string}\"},\"query-input\":{\"@type\":\"PropertyValueSpecification\",\"valueRequired\":true,\"valueName\":\"search_term_string\"}}],\"inLanguage\":\"fr-FR\"}]}<\/script>\n<!-- \/ Yoast SEO plugin. -->","yoast_head_json":{"title":"Secteurs - SMARMEC","robots":{"index":"index","follow":"follow","max-snippet":"max-snippet:-1","max-image-preview":"max-image-preview:large","max-video-preview":"max-video-preview:-1"},"canonical":"https:\/\/www.smarmec.com\/fr\/secteurs\/","og_locale":"fr_FR","og_type":"article","og_title":"Secteurs - SMARMEC","og_description":"[vc_row][vc_column][\/vc_column][\/vc_row][vc_row el_class=\u00a0\u00bbcontenedorFlex\u00a0\u00bb][vc_column dfd_column_responsive_enable=\u00a0\u00bbdfd-column-responsive-enable\u00a0\u00bb css=\u00a0\u00bb.vc_custom_1640699766546{padding-right: 50px !important;padding-left: 20px !important;}\u00a0\u00bb col_shadow=\u00a0\u00bbbox_shadow_enable:disable|shadow_horizontal:0|shadow_vertical:15|shadow_blur:50|shadow_spread:0|box_shadow_color:rgba(0%2C0%2C0%2C0.35)\u00a0\u00bb col_shadow_hover=\u00a0\u00bbbox_shadow_enable:disable|shadow_horizontal:0|shadow_vertical:15|shadow_blur:50|shadow_spread:0|box_shadow_color:rgba(0%2C0%2C0%2C0.35)\u00a0\u00bb offset=\u00a0\u00bbvc_col-lg-5 vc_col-md-7&Prime; responsive_styles=\u00a0\u00bbmargin_bottom_desktop:0|padding_bottom_desktop:0|padding_left_desktop:20|padding_right_desktop:50|padding_top_tablet:0|padding_bottom_tablet:40|padding_left_tablet:40|padding_right_tablet:40|padding_top_mobile:20|padding_bottom_mobile:40|padding_left_mobile:20|padding_right_mobile:20&Prime; el_class=\u00a0\u00bbposicionar2&Prime;][vc_column_text el_class=\u00a0\u00bbtextCenter\u00a0\u00bb]Notre connaissance approfondie du march\u00e9 nous permet d&rsquo;aborder des projets tr\u00e8s complexes, en g\u00e9rant la phase","og_url":"https:\/\/www.smarmec.com\/fr\/secteurs\/","og_site_name":"SMARMEC","article_modified_time":"2023-02-28T14:04:27+00:00","twitter_card":"summary_large_image","twitter_misc":{"Dur\u00e9e de lecture estim\u00e9e":"2 minutes"},"schema":{"@context":"https:\/\/schema.org","@graph":[{"@type":"WebPage","@id":"https:\/\/www.smarmec.com\/fr\/secteurs\/","url":"https:\/\/www.smarmec.com\/fr\/secteurs\/","name":"Secteurs - SMARMEC","isPartOf":{"@id":"https:\/\/www.smarmec.com\/fr\/#website"},"datePublished":"2021-12-28T12:58:20+00:00","dateModified":"2023-02-28T14:04:27+00:00","breadcrumb":{"@id":"https:\/\/www.smarmec.com\/fr\/secteurs\/#breadcrumb"},"inLanguage":"fr-FR","potentialAction":[{"@type":"ReadAction","target":["https:\/\/www.smarmec.com\/fr\/secteurs\/"]}]},{"@type":"BreadcrumbList","@id":"https:\/\/www.smarmec.com\/fr\/secteurs\/#breadcrumb","itemListElement":[{"@type":"ListItem","position":1,"name":"Accueil","item":"https:\/\/www.smarmec.com\/fr\/"},{"@type":"ListItem","position":2,"name":"Secteurs"}]},{"@type":"WebSite","@id":"https:\/\/www.smarmec.com\/fr\/#website","url":"https:\/\/www.smarmec.com\/fr\/","name":"SMARMEC","description":"Design &amp; Manufacturing Ideas","potentialAction":[{"@type":"SearchAction","target":{"@type":"EntryPoint","urlTemplate":"https:\/\/www.smarmec.com\/fr\/?s={search_term_string}"},"query-input":{"@type":"PropertyValueSpecification","valueRequired":true,"valueName":"search_term_string"}}],"inLanguage":"fr-FR"}]}},"jetpack_sharing_enabled":true,"_links":{"self":[{"href":"https:\/\/www.smarmec.com\/fr\/wp-json\/wp\/v2\/pages\/1649","targetHints":{"allow":["GET"]}}],"collection":[{"href":"https:\/\/www.smarmec.com\/fr\/wp-json\/wp\/v2\/pages"}],"about":[{"href":"https:\/\/www.smarmec.com\/fr\/wp-json\/wp\/v2\/types\/page"}],"author":[{"embeddable":true,"href":"https:\/\/www.smarmec.com\/fr\/wp-json\/wp\/v2\/users\/2"}],"replies":[{"embeddable":true,"href":"https:\/\/www.smarmec.com\/fr\/wp-json\/wp\/v2\/comments?post=1649"}],"version-history":[{"count":7,"href":"https:\/\/www.smarmec.com\/fr\/wp-json\/wp\/v2\/pages\/1649\/revisions"}],"predecessor-version":[{"id":3204,"href":"https:\/\/www.smarmec.com\/fr\/wp-json\/wp\/v2\/pages\/1649\/revisions\/3204"}],"wp:attachment":[{"href":"https:\/\/www.smarmec.com\/fr\/wp-json\/wp\/v2\/media?parent=1649"}],"curies":[{"name":"wp","href":"https:\/\/api.w.org\/{rel}","templated":true}]}}