{"id":1644,"date":"2021-12-27T15:32:35","date_gmt":"2021-12-27T15:32:35","guid":{"rendered":"https:\/\/www.smarmec.com\/decouvrez-nous\/sostenibilidad\/"},"modified":"2022-05-23T12:52:22","modified_gmt":"2022-05-23T12:52:22","slug":"durabilite","status":"publish","type":"page","link":"https:\/\/www.smarmec.com\/fr\/decouvrez-nous\/durabilite\/","title":{"rendered":"Durabilit\u00e9"},"content":{"rendered":"<div class=\"wpb-content-wrapper\"><p>[vc_row][vc_column]<div class=\"dfd-spacer-module\"  data-units=\"px\" data-wide_resolution=\"1280\" data-wide_size=\"100\" data-normal_resolution=\"1024\" data-normal_size=\"50\" data-tablet_resolution=\"800\" data-tablet_size=\"50\" data-mobile_resolution=\"480\" data-mobile_size=\"10\" style=\"height: 100px;\"><\/div>[\/vc_column][\/vc_row][vc_row el_class=\u00a0\u00bbcontenedorFlex\u00a0\u00bb][vc_column dfd_column_responsive_enable=\u00a0\u00bbdfd-column-responsive-enable\u00a0\u00bb css=\u00a0\u00bb.vc_custom_1649321166335{padding-right: 50px !important;}\u00a0\u00bb col_shadow=\u00a0\u00bbbox_shadow_enable:disable|shadow_horizontal:0|shadow_vertical:15|shadow_blur:50|shadow_spread:0|box_shadow_color:rgba(0%2C0%2C0%2C0.35)\u00a0\u00bb col_shadow_hover=\u00a0\u00bbbox_shadow_enable:disable|shadow_horizontal:0|shadow_vertical:15|shadow_blur:50|shadow_spread:0|box_shadow_color:rgba(0%2C0%2C0%2C0.35)\u00a0\u00bb offset=\u00a0\u00bbvc_col-lg-5 vc_col-md-7&Prime; responsive_styles=\u00a0\u00bbmargin_bottom_desktop:0|padding_bottom_desktop:0|padding_right_desktop:50|padding_top_tablet:0|padding_bottom_tablet:40|padding_left_tablet:40|padding_right_tablet:40|padding_top_mobile:20|padding_bottom_mobile:40|padding_left_mobile:20|padding_right_mobile:20&Prime; el_class=\u00a0\u00bbposicionar2&Prime;]<div class=\"dfd-heading-shortcode\"><div class=\"dfd-heading-module-wrap  text-left style_01 cr-animate-gen dfd-heading-69f717d9d56f9 dfd-disable-resposive-headings\" id=\"dfd-heading-69f717d9d56f9\" data-animate-type = \"transition.fadeIn\" ><div class=\"inline-block\"><div class=\"dfd-heading-module\"><h2 class=\"widget-title dfd-title \" style=\"font-size: 26px; line-height: 29px; \"><strong>Smarmec<\/strong>\u00a0mise fermement sur la\u00a0<a href=\"http:\/\/www.velatia.com\/en\/sustainability\">durabilit\u00e9<\/a> et conjugue le d\u00e9veloppement de notre activit\u00e9 avec la satisfaction de nos groupes d\u2019int\u00e9r\u00eat, le soutien \u00e0 la communaut\u00e9 dans laquelle nous op\u00e9rons et la minimisation de l\u2019impact environnemental sur celle-ci<\/h2><div class=\"dfd-heading-delimiter\"><\/div><\/div><\/div><\/div><script type=\"text\/javascript\">\r\n\t\t\t\t\t\t\t\t\t(function($) {\r\n\t\t\t\t\t\t\t\t\t\t$(\"head\").append(\"<style>.dfd-heading-69f717d9d56f9.dfd-heading-module-wrap .dfd-heading-module .dfd-heading-delimiter {border-bottom-style:solid;border-bottom-width:1px;width:100px;border-bottom-color:#dddddd;}.dfd-heading-69f717d9d56f9 .dfd-heading-module .widget-title {margin-bottom:10px;}.dfd-heading-69f717d9d56f9.dfd-heading-module-wrap .dfd-heading-module .dfd-heading-delimiter {margin-top:20px;margin-bottom:20px;}@media (max-width: 799px){.dfd-heading-69f717d9d56f9 .dfd-title{font-size: 23px !important;line-height: 26px !important;}}@media only screen and (max-width: 768px) {.dfd-heading-69f717d9d56f9 {text-align: center;}}<\/style>\");\r\n\t\t\t\t\t\t\t\t\t})(jQuery);\r\n\t\t\t\t\t\t\t\t<\/script><\/div><div class=\"dfd-spacer-module\"  data-units=\"px\" data-wide_resolution=\"1280\" data-wide_size=\"15\" data-normal_resolution=\"1024\" data-normal_size=\"15\" data-tablet_resolution=\"800\" data-tablet_size=\"15\" data-mobile_resolution=\"480\" data-mobile_size=\"15\" style=\"height: 15px;\"><\/div>[vc_column_text el_class=\u00a0\u00bbtextCenter\u00a0\u00bb]<strong>Smarmec<\/strong>, en tant que membre de Velatia, adh\u00e8re au\u00a0<a href=\"http:\/\/www.pactomundial.org\/\">Pacte Mondial des Nations Unies<\/a> en mati\u00e8re des droits de l\u2019homme, du travail, de l\u2019environnement et de la lutte contre la corruption.[\/vc_column_text]<div class=\"dfd-spacer-module\"  data-units=\"px\" data-wide_resolution=\"1280\" data-wide_size=\"15\" data-normal_resolution=\"1024\" data-normal_size=\"15\" data-tablet_resolution=\"800\" data-tablet_size=\"15\" data-mobile_resolution=\"480\" data-mobile_size=\"15\" style=\"height: 15px;\"><\/div>[vc_column_text el_class=\u00a0\u00bbtextCenter\u00a0\u00bb]<strong>Consultez\u00a0<a href=\"https:\/\/www.smarmec.com\/wp-content\/uploads\/2022\/04\/Velatia-Sustainability-Report-2020-Web-1.pdf\">ici<\/a>\u00a0le M\u00e9moire de Durabilit\u00e9 de Velatia.<\/strong>[\/vc_column_text]<div class=\"dfd-spacer-module\"  data-units=\"px\" data-wide_resolution=\"1280\" data-wide_size=\"30\" data-normal_resolution=\"1024\" data-normal_size=\"30\" data-tablet_resolution=\"800\" data-tablet_size=\"30\" data-mobile_resolution=\"480\" data-mobile_size=\"30\" style=\"height: 30px;\"><\/div><div class=\"dfd-info-banner style-10  delimiter-hidden  dfd-image-blur text-center\" ><div class=\"image-wrap\"><div class=\"image-cover \"><img loading=\"lazy\" decoding=\"async\" src=\"https:\/\/www.smarmec.com\/wp-content\/uploads\/2021\/12\/smarmec-memoria-sostenibilidad-velatia-600x300.jpg\" alt=\"Descargar memoria de sostenibilidad de Velatia\"  width=\"600\" height=\"300\" class=\"info-banner-image \" \/><\/div><div class=\"overlay\" ><\/div><div class=\"title-wrap\"><h3 class=\"info-box-title \" style=\"font-size: 24px; line-height: 28px; \">M\u00e9moire de Durabilit\u00e9 de Velatia<\/h3><h3 class=\"info-box-subtitle widget-sub-title \" style=\"font-size: 17px; color: #ffffff !important; line-height: 21px; \">Vous voulez savoir ce que nous avons fait en termes de durabilit\u00e9 ? Vous n&#039;\u00eates qu&#039;\u00e0 un clic de le d\u00e9couvrir<\/h3><\/div><\/div><div class=\"content-wrap\"><\/div><a href=\"https:\/\/www.smarmec.com\/wp-content\/uploads\/2022\/04\/Velatia-Sustainability-Report-2020-Web-1.pdf\" target=\"_blank\"  class=\"full-box-link\"><\/a><\/div>[\/vc_column][vc_column dfd_column_responsive_enable=\u00a0\u00bbdfd-column-responsive-enable\u00a0\u00bb offset=\u00a0\u00bbvc_col-lg-7 vc_col-md-5&Prime; col_shadow=\u00a0\u00bbbox_shadow_enable:disable|shadow_horizontal:0|shadow_vertical:15|shadow_blur:50|shadow_spread:0|box_shadow_color:rgba(0%2C0%2C0%2C0.35)\u00a0\u00bb col_shadow_hover=\u00a0\u00bbbox_shadow_enable:disable|shadow_horizontal:0|shadow_vertical:15|shadow_blur:50|shadow_spread:0|box_shadow_color:rgba(0%2C0%2C0%2C0.35)\u00a0\u00bb el_class=\u00a0\u00bbposicionar1&Prime; responsive_styles=\u00a0\u00bbpadding_left_desktop:0|padding_right_desktop:20|padding_top_tablet:50|padding_bottom_tablet:50|padding_left_tablet:0|padding_right_tablet:20|margin_top_mobile:-100&Prime;][vc_single_image image=\u00a0\u00bb143&Prime; img_size=\u00a0\u00bbfull\u00a0\u00bb alignment=\u00a0\u00bbcenter\u00a0\u00bb css_animation=\u00a0\u00bbfadeIn\u00a0\u00bb][\/vc_column][\/vc_row][vc_row][vc_column]<div class=\"dfd-spacer-module\"  data-units=\"px\" data-wide_resolution=\"1280\" data-wide_size=\"50\" data-normal_resolution=\"1024\" data-normal_size=\"50\" data-tablet_resolution=\"800\" data-tablet_size=\"50\" data-mobile_resolution=\"480\" data-mobile_size=\"20\" style=\"height: 50px;\"><\/div>[\/vc_column][\/vc_row]<\/p>\n<\/div>","protected":false},"excerpt":{"rendered":"<p>[vc_row][vc_column][\/vc_column][\/vc_row][vc_row el_class=\u00a0\u00bbcontenedorFlex\u00a0\u00bb][vc_column dfd_column_responsive_enable=\u00a0\u00bbdfd-column-responsive-enable\u00a0\u00bb css=\u00a0\u00bb.vc_custom_1649321166335{padding-right: 50px !important;}\u00a0\u00bb col_shadow=\u00a0\u00bbbox_shadow_enable:disable|shadow_horizontal:0|shadow_vertical:15|shadow_blur:50|shadow_spread:0|box_shadow_color:rgba(0%2C0%2C0%2C0.35)\u00a0\u00bb col_shadow_hover=\u00a0\u00bbbox_shadow_enable:disable|shadow_horizontal:0|shadow_vertical:15|shadow_blur:50|shadow_spread:0|box_shadow_color:rgba(0%2C0%2C0%2C0.35)\u00a0\u00bb offset=\u00a0\u00bbvc_col-lg-5 vc_col-md-7&Prime; responsive_styles=\u00a0\u00bbmargin_bottom_desktop:0|padding_bottom_desktop:0|padding_right_desktop:50|padding_top_tablet:0|padding_bottom_tablet:40|padding_left_tablet:40|padding_right_tablet:40|padding_top_mobile:20|padding_bottom_mobile:40|padding_left_mobile:20|padding_right_mobile:20&Prime; el_class=\u00a0\u00bbposicionar2&Prime;][vc_column_text el_class=\u00a0\u00bbtextCenter\u00a0\u00bb]Smarmec, en tant que membre de Velatia, adh\u00e8re au\u00a0Pacte Mondial des Nations Unies en mati\u00e8re des droits de<\/p>\n","protected":false},"author":2,"featured_media":0,"parent":1633,"menu_order":0,"comment_status":"closed","ping_status":"closed","template":"page-custom-with-header.php","meta":{"inline_featured_image":false,"footnotes":""},"class_list":["post-1644","page","type-page","status-publish","hentry"],"yoast_head":"<!-- This site is optimized with the Yoast SEO plugin v27.5 - https:\/\/yoast.com\/product\/yoast-seo-wordpress\/ -->\n<title>Durabilit\u00e9 - SMARMEC<\/title>\n<meta name=\"robots\" content=\"index, follow, max-snippet:-1, max-image-preview:large, max-video-preview:-1\" \/>\n<link rel=\"canonical\" href=\"https:\/\/www.smarmec.com\/fr\/decouvrez-nous\/durabilite\/\" \/>\n<meta property=\"og:locale\" content=\"fr_FR\" \/>\n<meta property=\"og:type\" content=\"article\" \/>\n<meta property=\"og:title\" content=\"Durabilit\u00e9 - SMARMEC\" \/>\n<meta property=\"og:description\" content=\"[vc_row][vc_column][\/vc_column][\/vc_row][vc_row el_class=\u00a0\u00bbcontenedorFlex\u00a0\u00bb][vc_column dfd_column_responsive_enable=\u00a0\u00bbdfd-column-responsive-enable\u00a0\u00bb css=\u00a0\u00bb.vc_custom_1649321166335{padding-right: 50px !important;}\u00a0\u00bb col_shadow=\u00a0\u00bbbox_shadow_enable:disable|shadow_horizontal:0|shadow_vertical:15|shadow_blur:50|shadow_spread:0|box_shadow_color:rgba(0%2C0%2C0%2C0.35)\u00a0\u00bb col_shadow_hover=\u00a0\u00bbbox_shadow_enable:disable|shadow_horizontal:0|shadow_vertical:15|shadow_blur:50|shadow_spread:0|box_shadow_color:rgba(0%2C0%2C0%2C0.35)\u00a0\u00bb offset=\u00a0\u00bbvc_col-lg-5 vc_col-md-7&Prime; responsive_styles=\u00a0\u00bbmargin_bottom_desktop:0|padding_bottom_desktop:0|padding_right_desktop:50|padding_top_tablet:0|padding_bottom_tablet:40|padding_left_tablet:40|padding_right_tablet:40|padding_top_mobile:20|padding_bottom_mobile:40|padding_left_mobile:20|padding_right_mobile:20&Prime; el_class=\u00a0\u00bbposicionar2&Prime;][vc_column_text el_class=\u00a0\u00bbtextCenter\u00a0\u00bb]Smarmec, en tant que membre de Velatia, adh\u00e8re au\u00a0Pacte Mondial des Nations Unies en mati\u00e8re des droits de\" \/>\n<meta property=\"og:url\" content=\"https:\/\/www.smarmec.com\/fr\/decouvrez-nous\/durabilite\/\" \/>\n<meta property=\"og:site_name\" content=\"SMARMEC\" \/>\n<meta property=\"article:modified_time\" content=\"2022-05-23T12:52:22+00:00\" \/>\n<meta name=\"twitter:card\" content=\"summary_large_image\" \/>\n<meta name=\"twitter:label1\" content=\"Dur\u00e9e de lecture estim\u00e9e\" \/>\n\t<meta name=\"twitter:data1\" content=\"3 minutes\" \/>\n<script type=\"application\/ld+json\" class=\"yoast-schema-graph\">{\"@context\":\"https:\\\/\\\/schema.org\",\"@graph\":[{\"@type\":\"WebPage\",\"@id\":\"https:\\\/\\\/www.smarmec.com\\\/fr\\\/decouvrez-nous\\\/durabilite\\\/\",\"url\":\"https:\\\/\\\/www.smarmec.com\\\/fr\\\/decouvrez-nous\\\/durabilite\\\/\",\"name\":\"Durabilit\u00e9 - SMARMEC\",\"isPartOf\":{\"@id\":\"https:\\\/\\\/www.smarmec.com\\\/fr\\\/#website\"},\"datePublished\":\"2021-12-27T15:32:35+00:00\",\"dateModified\":\"2022-05-23T12:52:22+00:00\",\"breadcrumb\":{\"@id\":\"https:\\\/\\\/www.smarmec.com\\\/fr\\\/decouvrez-nous\\\/durabilite\\\/#breadcrumb\"},\"inLanguage\":\"fr-FR\",\"potentialAction\":[{\"@type\":\"ReadAction\",\"target\":[\"https:\\\/\\\/www.smarmec.com\\\/fr\\\/decouvrez-nous\\\/durabilite\\\/\"]}]},{\"@type\":\"BreadcrumbList\",\"@id\":\"https:\\\/\\\/www.smarmec.com\\\/fr\\\/decouvrez-nous\\\/durabilite\\\/#breadcrumb\",\"itemListElement\":[{\"@type\":\"ListItem\",\"position\":1,\"name\":\"Accueil\",\"item\":\"https:\\\/\\\/www.smarmec.com\\\/fr\\\/\"},{\"@type\":\"ListItem\",\"position\":2,\"name\":\"D\u00e9couvrez-nous\",\"item\":\"https:\\\/\\\/www.smarmec.com\\\/fr\\\/decouvrez-nous\\\/\"},{\"@type\":\"ListItem\",\"position\":3,\"name\":\"Durabilit\u00e9\"}]},{\"@type\":\"WebSite\",\"@id\":\"https:\\\/\\\/www.smarmec.com\\\/fr\\\/#website\",\"url\":\"https:\\\/\\\/www.smarmec.com\\\/fr\\\/\",\"name\":\"SMARMEC\",\"description\":\"Design &amp; Manufacturing Ideas\",\"potentialAction\":[{\"@type\":\"SearchAction\",\"target\":{\"@type\":\"EntryPoint\",\"urlTemplate\":\"https:\\\/\\\/www.smarmec.com\\\/fr\\\/?s={search_term_string}\"},\"query-input\":{\"@type\":\"PropertyValueSpecification\",\"valueRequired\":true,\"valueName\":\"search_term_string\"}}],\"inLanguage\":\"fr-FR\"}]}<\/script>\n<!-- \/ Yoast SEO plugin. -->","yoast_head_json":{"title":"Durabilit\u00e9 - SMARMEC","robots":{"index":"index","follow":"follow","max-snippet":"max-snippet:-1","max-image-preview":"max-image-preview:large","max-video-preview":"max-video-preview:-1"},"canonical":"https:\/\/www.smarmec.com\/fr\/decouvrez-nous\/durabilite\/","og_locale":"fr_FR","og_type":"article","og_title":"Durabilit\u00e9 - SMARMEC","og_description":"[vc_row][vc_column][\/vc_column][\/vc_row][vc_row el_class=\u00a0\u00bbcontenedorFlex\u00a0\u00bb][vc_column dfd_column_responsive_enable=\u00a0\u00bbdfd-column-responsive-enable\u00a0\u00bb css=\u00a0\u00bb.vc_custom_1649321166335{padding-right: 50px !important;}\u00a0\u00bb col_shadow=\u00a0\u00bbbox_shadow_enable:disable|shadow_horizontal:0|shadow_vertical:15|shadow_blur:50|shadow_spread:0|box_shadow_color:rgba(0%2C0%2C0%2C0.35)\u00a0\u00bb col_shadow_hover=\u00a0\u00bbbox_shadow_enable:disable|shadow_horizontal:0|shadow_vertical:15|shadow_blur:50|shadow_spread:0|box_shadow_color:rgba(0%2C0%2C0%2C0.35)\u00a0\u00bb offset=\u00a0\u00bbvc_col-lg-5 vc_col-md-7&Prime; responsive_styles=\u00a0\u00bbmargin_bottom_desktop:0|padding_bottom_desktop:0|padding_right_desktop:50|padding_top_tablet:0|padding_bottom_tablet:40|padding_left_tablet:40|padding_right_tablet:40|padding_top_mobile:20|padding_bottom_mobile:40|padding_left_mobile:20|padding_right_mobile:20&Prime; el_class=\u00a0\u00bbposicionar2&Prime;][vc_column_text el_class=\u00a0\u00bbtextCenter\u00a0\u00bb]Smarmec, en tant que membre de Velatia, adh\u00e8re au\u00a0Pacte Mondial des Nations Unies en mati\u00e8re des droits de","og_url":"https:\/\/www.smarmec.com\/fr\/decouvrez-nous\/durabilite\/","og_site_name":"SMARMEC","article_modified_time":"2022-05-23T12:52:22+00:00","twitter_card":"summary_large_image","twitter_misc":{"Dur\u00e9e de lecture estim\u00e9e":"3 minutes"},"schema":{"@context":"https:\/\/schema.org","@graph":[{"@type":"WebPage","@id":"https:\/\/www.smarmec.com\/fr\/decouvrez-nous\/durabilite\/","url":"https:\/\/www.smarmec.com\/fr\/decouvrez-nous\/durabilite\/","name":"Durabilit\u00e9 - SMARMEC","isPartOf":{"@id":"https:\/\/www.smarmec.com\/fr\/#website"},"datePublished":"2021-12-27T15:32:35+00:00","dateModified":"2022-05-23T12:52:22+00:00","breadcrumb":{"@id":"https:\/\/www.smarmec.com\/fr\/decouvrez-nous\/durabilite\/#breadcrumb"},"inLanguage":"fr-FR","potentialAction":[{"@type":"ReadAction","target":["https:\/\/www.smarmec.com\/fr\/decouvrez-nous\/durabilite\/"]}]},{"@type":"BreadcrumbList","@id":"https:\/\/www.smarmec.com\/fr\/decouvrez-nous\/durabilite\/#breadcrumb","itemListElement":[{"@type":"ListItem","position":1,"name":"Accueil","item":"https:\/\/www.smarmec.com\/fr\/"},{"@type":"ListItem","position":2,"name":"D\u00e9couvrez-nous","item":"https:\/\/www.smarmec.com\/fr\/decouvrez-nous\/"},{"@type":"ListItem","position":3,"name":"Durabilit\u00e9"}]},{"@type":"WebSite","@id":"https:\/\/www.smarmec.com\/fr\/#website","url":"https:\/\/www.smarmec.com\/fr\/","name":"SMARMEC","description":"Design &amp; Manufacturing Ideas","potentialAction":[{"@type":"SearchAction","target":{"@type":"EntryPoint","urlTemplate":"https:\/\/www.smarmec.com\/fr\/?s={search_term_string}"},"query-input":{"@type":"PropertyValueSpecification","valueRequired":true,"valueName":"search_term_string"}}],"inLanguage":"fr-FR"}]}},"jetpack_sharing_enabled":true,"_links":{"self":[{"href":"https:\/\/www.smarmec.com\/fr\/wp-json\/wp\/v2\/pages\/1644","targetHints":{"allow":["GET"]}}],"collection":[{"href":"https:\/\/www.smarmec.com\/fr\/wp-json\/wp\/v2\/pages"}],"about":[{"href":"https:\/\/www.smarmec.com\/fr\/wp-json\/wp\/v2\/types\/page"}],"author":[{"embeddable":true,"href":"https:\/\/www.smarmec.com\/fr\/wp-json\/wp\/v2\/users\/2"}],"replies":[{"embeddable":true,"href":"https:\/\/www.smarmec.com\/fr\/wp-json\/wp\/v2\/comments?post=1644"}],"version-history":[{"count":5,"href":"https:\/\/www.smarmec.com\/fr\/wp-json\/wp\/v2\/pages\/1644\/revisions"}],"predecessor-version":[{"id":1816,"href":"https:\/\/www.smarmec.com\/fr\/wp-json\/wp\/v2\/pages\/1644\/revisions\/1816"}],"up":[{"embeddable":true,"href":"https:\/\/www.smarmec.com\/fr\/wp-json\/wp\/v2\/pages\/1633"}],"wp:attachment":[{"href":"https:\/\/www.smarmec.com\/fr\/wp-json\/wp\/v2\/media?parent=1644"}],"curies":[{"name":"wp","href":"https:\/\/api.w.org\/{rel}","templated":true}]}}