{"id":1635,"date":"2021-12-27T09:58:06","date_gmt":"2021-12-27T09:58:06","guid":{"rendered":"https:\/\/www.smarmec.com\/decouvrez-nous\/quienes-somos\/"},"modified":"2022-05-23T12:52:22","modified_gmt":"2022-05-23T12:52:22","slug":"qui-sommes-nous","status":"publish","type":"page","link":"https:\/\/www.smarmec.com\/fr\/decouvrez-nous\/qui-sommes-nous\/","title":{"rendered":"Qui-sommes-nous?"},"content":{"rendered":"<div class=\"wpb-content-wrapper\"><p>[vc_row][vc_column]<div class=\"dfd-spacer-module\"  data-units=\"px\" data-wide_resolution=\"1280\" data-wide_size=\"100\" data-normal_resolution=\"1024\" data-normal_size=\"50\" data-tablet_resolution=\"800\" data-tablet_size=\"50\" data-mobile_resolution=\"480\" data-mobile_size=\"10\" style=\"height: 100px;\"><\/div>[\/vc_column][\/vc_row][vc_row force_equal_height_columns=\u00a0\u00bbmain_row\u00a0\u00bb mobile_destroy_equal_heights_resolution=\u00a0\u00bb1024&Prime; el_class=\u00a0\u00bbcontenedorFlex\u00a0\u00bb mobile_destroy_equal_heights=\u00a0\u00bbyes\u00a0\u00bb][vc_column dfd_column_responsive_enable=\u00a0\u00bbdfd-column-responsive-enable\u00a0\u00bb css=\u00a0\u00bb.vc_custom_1649321315917{padding-right: 50px !important;}\u00a0\u00bb col_shadow=\u00a0\u00bbbox_shadow_enable:disable|shadow_horizontal:0|shadow_vertical:15|shadow_blur:50|shadow_spread:0|box_shadow_color:rgba(0%2C0%2C0%2C0.35)\u00a0\u00bb col_shadow_hover=\u00a0\u00bbbox_shadow_enable:disable|shadow_horizontal:0|shadow_vertical:15|shadow_blur:50|shadow_spread:0|box_shadow_color:rgba(0%2C0%2C0%2C0.35)\u00a0\u00bb offset=\u00a0\u00bbvc_col-lg-5 vc_col-md-7&Prime; responsive_styles=\u00a0\u00bbpadding_right_desktop:50|padding_top_tablet:0|padding_bottom_tablet:40|padding_left_tablet:0|padding_right_tablet:40|padding_top_mobile:20|padding_bottom_mobile:20|padding_left_mobile:20|padding_right_mobile:20&Prime; el_class=\u00a0\u00bbposicionar2&Prime;]<div class=\"dfd-heading-shortcode\"><div class=\"dfd-heading-module-wrap  text-left style_01 cr-animate-gen dfd-heading-69f4ab8d11f9c dfd-disable-resposive-headings\" id=\"dfd-heading-69f4ab8d11f9c\" data-animate-type = \"transition.fadeIn\" ><div class=\"inline-block\"><div class=\"dfd-heading-module\"><h2 class=\"widget-title dfd-title \" style=\"font-size: 29px; line-height: 31px; \"><strong>Smarmec <\/strong>est une entreprise sp\u00e9cialis\u00e9e dans la conception, l&rsquo;industrialisation et la fabrication de solutions m\u00e9caniques avec l&rsquo;int\u00e9gration des technologies les plus appropri\u00e9es pour chaque projet<\/h2><h2 class=\"widget-sub-title dfd-sub-title \" style=\"\">Des solutions cl\u00e9-en-main allant de la conception et du prototypage \u00e0 la production en s\u00e9rie et \u00e0 la gestion de l'ensemble de la cha\u00eene d'approvisionnement<\/h2><div class=\"dfd-heading-delimiter\"><\/div><\/div><\/div><\/div><script type=\"text\/javascript\">\r\n\t\t\t\t\t\t\t\t\t(function($) {\r\n\t\t\t\t\t\t\t\t\t\t$(\"head\").append(\"<style>.dfd-heading-69f4ab8d11f9c.dfd-heading-module-wrap .dfd-heading-module .dfd-heading-delimiter {border-bottom-style:solid;border-bottom-width:1px;width:100px;border-bottom-color:#dddddd;}.dfd-heading-69f4ab8d11f9c .dfd-heading-module .widget-title {margin-bottom:10px;}.dfd-heading-69f4ab8d11f9c .dfd-heading-module .widget-sub-title {margin-bottom:10px;}.dfd-heading-69f4ab8d11f9c.dfd-heading-module-wrap .dfd-heading-module .dfd-heading-delimiter {margin-top:20px;margin-bottom:20px;}@media (max-width: 799px){.dfd-heading-69f4ab8d11f9c .dfd-title{font-size: 23px !important;line-height: 26px !important;}}@media only screen and (max-width: 768px) {.dfd-heading-69f4ab8d11f9c {text-align: center;}}<\/style>\");\r\n\t\t\t\t\t\t\t\t\t})(jQuery);\r\n\t\t\t\t\t\t\t\t<\/script><\/div>[vc_column_text css_animation=\u00a0\u00bbfadeIn\u00a0\u00bb]<\/p>\n<p align=\"justify\">Nous sommes experts en technologies de raccordement et en finitions cosm\u00e9tiques et nous avons une exp\u00e9rience av\u00e9r\u00e9e dans la fabrication de solutions singuli\u00e8res, de prototypes et de s\u00e9ries courtes, en apportant une valeur ajout\u00e9e dans les processus diff\u00e9rentiels technologiquement avanc\u00e9s de la fabrication additive.<\/p>\n<p>[\/vc_column_text]<div class=\"dfd-spacer-module\"  data-units=\"px\" data-wide_resolution=\"1280\" data-wide_size=\"30\" data-normal_resolution=\"1024\" data-normal_size=\"30\" data-tablet_resolution=\"800\" data-tablet_size=\"0\" data-mobile_resolution=\"480\" data-mobile_size=\"0\" style=\"height: 30px;\"><\/div>[\/vc_column][vc_column dfd_column_responsive_enable=\u00a0\u00bbdfd-column-responsive-enable\u00a0\u00bb offset=\u00a0\u00bbvc_col-lg-7 vc_col-md-5&Prime; col_shadow=\u00a0\u00bbbox_shadow_enable:disable|shadow_horizontal:0|shadow_vertical:15|shadow_blur:50|shadow_spread:0|box_shadow_color:rgba(0%2C0%2C0%2C0.35)\u00a0\u00bb col_shadow_hover=\u00a0\u00bbbox_shadow_enable:disable|shadow_horizontal:0|shadow_vertical:15|shadow_blur:50|shadow_spread:0|box_shadow_color:rgba(0%2C0%2C0%2C0.35)\u00a0\u00bb el_class=\u00a0\u00bbposicionar1&Prime; responsive_styles=\u00a0\u00bbpadding_left_desktop:0|padding_right_desktop:20|padding_top_tablet:50|padding_bottom_tablet:50|padding_left_tablet:0|padding_right_tablet:20&Prime;][vc_single_image image=\u00a0\u00bb742&Prime; img_size=\u00a0\u00bbfull\u00a0\u00bb alignment=\u00a0\u00bbcenter\u00a0\u00bb css_animation=\u00a0\u00bbfadeIn\u00a0\u00bb][\/vc_column][\/vc_row][vc_row][vc_column]<div class=\"dfd-spacer-module\"  data-units=\"px\" data-wide_resolution=\"1280\" data-wide_size=\"30\" data-normal_resolution=\"1024\" data-normal_size=\"30\" data-tablet_resolution=\"800\" data-tablet_size=\"30\" data-mobile_resolution=\"480\" data-mobile_size=\"20\" style=\"height: 30px;\"><\/div>[\/vc_column][\/vc_row][vc_row][vc_column]<div class=\"animation-container \" ><div id=\"video-player-69f4ab8d1210f-5223\" class=\"dfd-videoplayer style-1  text-center \"><div class=\"dfd-video-content video-content\" id=\"module_video_69f4ab8d12112\"><div class=\"dfd-video-box no-thumb\"  ><div class=\"wpb_video_wrapper\"><iframe loading=\"lazy\" title=\"&quot;En Smarmec apostamos por la personalizaci\u00f3n de la calidad&quot;, Kepa Mart\u00edn, Director de Smarmec\" width=\"1200\" height=\"675\" src=\"https:\/\/www.youtube.com\/embed\/3yc9P_1hCVY?feature=oembed\" frameborder=\"0\" allow=\"accelerometer; autoplay; clipboard-write; encrypted-media; gyroscope; picture-in-picture\" allowfullscreen><\/iframe><\/div><\/div><\/div><\/div><\/div><script type=\"text\/javascript\">\r\n\t\t\t\t\t\t\t(function($) {\r\n\t\t\t\t\t\t\t\t$(\"head\").append(\"<style><\/style>\");\r\n\t\t\t\t\t\t\t\t$(document).ready(function(){\r\n\t\t\t\t\t\t\t\t\tDFD_VideoModule.init(\"module_video_69f4ab8d12112\",\"video-player-69f4ab8d1210f-5223\");\r\n\t\t\t\t\t\t\t\t});\r\n\t\t\t\t\t\t\t})(jQuery);\r\n\t\t\t\t\t\t<\/script>[\/vc_column][\/vc_row][vc_row][vc_column]<div class=\"dfd-spacer-module\"  data-units=\"px\" data-wide_resolution=\"1280\" data-wide_size=\"100\" data-normal_resolution=\"1024\" data-normal_size=\"50\" data-tablet_resolution=\"800\" data-tablet_size=\"50\" data-mobile_resolution=\"480\" data-mobile_size=\"10\" style=\"height: 100px;\"><\/div>[\/vc_column][\/vc_row][vc_row el_class=\u00a0\u00bbcontenedorFlex\u00a0\u00bb][vc_column dfd_column_responsive_enable=\u00a0\u00bbdfd-column-responsive-enable\u00a0\u00bb offset=\u00a0\u00bbvc_col-lg-7 vc_col-md-5&Prime; col_shadow=\u00a0\u00bbbox_shadow_enable:disable|shadow_horizontal:0|shadow_vertical:15|shadow_blur:50|shadow_spread:0|box_shadow_color:rgba(0%2C0%2C0%2C0.35)\u00a0\u00bb col_shadow_hover=\u00a0\u00bbbox_shadow_enable:disable|shadow_horizontal:0|shadow_vertical:15|shadow_blur:50|shadow_spread:0|box_shadow_color:rgba(0%2C0%2C0%2C0.35)\u00a0\u00bb el_class=\u00a0\u00bbposicionar1&Prime; responsive_styles=\u00a0\u00bbpadding_left_desktop:0|padding_right_desktop:20|padding_top_tablet:50|padding_bottom_tablet:50|padding_left_tablet:0|padding_right_tablet:20&Prime;][vc_single_image image=\u00a0\u00bb82&Prime; img_size=\u00a0\u00bbfull\u00a0\u00bb alignment=\u00a0\u00bbcenter\u00a0\u00bb css_animation=\u00a0\u00bbfadeIn\u00a0\u00bb][\/vc_column][vc_column dfd_column_responsive_enable=\u00a0\u00bbdfd-column-responsive-enable\u00a0\u00bb css=\u00a0\u00bb.vc_custom_1647613169769{padding-left: 50px !important;}\u00a0\u00bb col_shadow=\u00a0\u00bbbox_shadow_enable:disable|shadow_horizontal:0|shadow_vertical:15|shadow_blur:50|shadow_spread:0|box_shadow_color:rgba(0%2C0%2C0%2C0.35)\u00a0\u00bb col_shadow_hover=\u00a0\u00bbbox_shadow_enable:disable|shadow_horizontal:0|shadow_vertical:15|shadow_blur:50|shadow_spread:0|box_shadow_color:rgba(0%2C0%2C0%2C0.35)\u00a0\u00bb offset=\u00a0\u00bbvc_col-lg-5 vc_col-md-7&Prime; responsive_styles=\u00a0\u00bbpadding_left_desktop:50|padding_right_desktop:0|padding_top_tablet:0|padding_bottom_tablet:40|padding_left_tablet:40|padding_right_tablet:0|padding_top_mobile:20|padding_bottom_mobile:40|padding_left_mobile:20|padding_right_mobile:20&Prime; el_class=\u00a0\u00bbposicionar2&Prime;]<div class=\"dfd-heading-shortcode\"><div class=\"dfd-heading-module-wrap  text-left style_01 dfd-heading-69f4ab8d12751 dfd-disable-resposive-headings\" id=\"dfd-heading-69f4ab8d12751\" ><div class=\"inline-block\"><div class=\"dfd-heading-module\"><h2 class=\"widget-title dfd-title \" style=\"font-size: 39px; line-height: 42px; \">Histoire<\/h2><div class=\"dfd-heading-delimiter\"><\/div><\/div><\/div><\/div><script type=\"text\/javascript\">\r\n\t\t\t\t\t\t\t\t\t(function($) {\r\n\t\t\t\t\t\t\t\t\t\t$(\"head\").append(\"<style>.dfd-heading-69f4ab8d12751.dfd-heading-module-wrap .dfd-heading-module .dfd-heading-delimiter {border-bottom-style:solid;border-bottom-width:1px;width:100px;border-bottom-color:#dddddd;}.dfd-heading-69f4ab8d12751.dfd-heading-module-wrap .dfd-heading-module .dfd-heading-delimiter {margin-top:20px;margin-bottom:20px;}@media (max-width: 799px){.dfd-heading-69f4ab8d12751 .dfd-title{font-size: 33px !important;line-height: 36px !important;}}@media only screen and (max-width: 768px) {.dfd-heading-69f4ab8d12751 {text-align: center;}}<\/style>\");\r\n\t\t\t\t\t\t\t\t\t})(jQuery);\r\n\t\t\t\t\t\t\t\t<\/script><\/div><div class=\"dfd-heading-shortcode\"><div class=\"dfd-heading-module-wrap  text-left style_01 dfd-heading-69f4ab8d127fb dfd-disable-resposive-headings\" id=\"dfd-heading-69f4ab8d127fb\" ><div class=\"inline-block\"><div class=\"dfd-heading-module\"><h2 class=\"widget-title dfd-title \" style=\"font-size: 29px; line-height: 31px; \"><strong>Smarmec <\/strong>est le r\u00e9sultat de notre pari continu pour l\u2019innovation et une haute sp\u00e9cialisation des connaissances appliqu\u00e9es \u00e0 la conception, aux mat\u00e9riaux, aux technologies de fabrication et aux flux logistiques<\/h2><div class=\"dfd-heading-delimiter\"><\/div><\/div><\/div><\/div><script type=\"text\/javascript\">\r\n\t\t\t\t\t\t\t\t\t(function($) {\r\n\t\t\t\t\t\t\t\t\t\t$(\"head\").append(\"<style>.dfd-heading-69f4ab8d127fb.dfd-heading-module-wrap .dfd-heading-module .dfd-heading-delimiter {border-bottom-style:solid;border-bottom-width:1px;width:100px;border-bottom-color:#dddddd;}.dfd-heading-69f4ab8d127fb.dfd-heading-module-wrap .dfd-heading-module .dfd-heading-delimiter {margin-top:20px;margin-bottom:20px;}@media (max-width: 799px){.dfd-heading-69f4ab8d127fb .dfd-title{font-size: 23px !important;line-height: 26px !important;}}@media only screen and (max-width: 768px) {.dfd-heading-69f4ab8d127fb {text-align: center;}}<\/style>\");\r\n\t\t\t\t\t\t\t\t\t})(jQuery);\r\n\t\t\t\t\t\t\t\t<\/script><\/div>[vc_column_text css_animation=\u00a0\u00bbfadeIn\u00a0\u00bb]<\/p>\n<p align=\"justify\"><strong>Smarmec\u00a0<\/strong>na\u00eet en 2016, mais elle cumule d\u00e9j\u00e0 plus de 30 ann\u00e9es d\u2019exp\u00e9rience au sein de\u00a0<a href=\"http:\/\/www.velatia.com\/en\">Velatia<\/a>, dans l\u2019entreprise\u00a0<strong>Tecnichapa<\/strong>, fond\u00e9e en 1982 et dont l\u2019objet est alors de fournir des solutions int\u00e9gr\u00e9es \u00e0 ses clients dans le secteur de la\u00a0<strong>chaudronnerie fine et de pr\u00e9cision<\/strong>.<\/p>\n<p>Le succ\u00e8s de notre organisation pendant toute cette p\u00e9riode repose sur la confiance et l\u2019engagement t\u00e9moign\u00e9s par nos clients.[\/vc_column_text][\/vc_column][\/vc_row][vc_row][vc_column]<div class=\"dfd-spacer-module\"  data-units=\"px\" data-wide_resolution=\"1280\" data-wide_size=\"100\" data-normal_resolution=\"1024\" data-normal_size=\"30\" data-tablet_resolution=\"800\" data-tablet_size=\"30\" data-mobile_resolution=\"480\" data-mobile_size=\"20\" style=\"height: 100px;\"><\/div>[\/vc_column][\/vc_row]<\/p>\n<\/div>","protected":false},"excerpt":{"rendered":"<p>[vc_row][vc_column][\/vc_column][\/vc_row][vc_row force_equal_height_columns=\u00a0\u00bbmain_row\u00a0\u00bb mobile_destroy_equal_heights_resolution=\u00a0\u00bb1024&Prime; el_class=\u00a0\u00bbcontenedorFlex\u00a0\u00bb mobile_destroy_equal_heights=\u00a0\u00bbyes\u00a0\u00bb][vc_column dfd_column_responsive_enable=\u00a0\u00bbdfd-column-responsive-enable\u00a0\u00bb css=\u00a0\u00bb.vc_custom_1649321315917{padding-right: 50px !important;}\u00a0\u00bb col_shadow=\u00a0\u00bbbox_shadow_enable:disable|shadow_horizontal:0|shadow_vertical:15|shadow_blur:50|shadow_spread:0|box_shadow_color:rgba(0%2C0%2C0%2C0.35)\u00a0\u00bb col_shadow_hover=\u00a0\u00bbbox_shadow_enable:disable|shadow_horizontal:0|shadow_vertical:15|shadow_blur:50|shadow_spread:0|box_shadow_color:rgba(0%2C0%2C0%2C0.35)\u00a0\u00bb offset=\u00a0\u00bbvc_col-lg-5 vc_col-md-7&Prime; responsive_styles=\u00a0\u00bbpadding_right_desktop:50|padding_top_tablet:0|padding_bottom_tablet:40|padding_left_tablet:0|padding_right_tablet:40|padding_top_mobile:20|padding_bottom_mobile:20|padding_left_mobile:20|padding_right_mobile:20&Prime; el_class=\u00a0\u00bbposicionar2&Prime;][vc_column_text css_animation=\u00a0\u00bbfadeIn\u00a0\u00bb] Nous sommes experts en technologies de raccordement et en finitions cosm\u00e9tiques et nous avons<\/p>\n","protected":false},"author":2,"featured_media":0,"parent":1633,"menu_order":0,"comment_status":"closed","ping_status":"closed","template":"page-custom-with-header.php","meta":{"inline_featured_image":false,"footnotes":""},"class_list":["post-1635","page","type-page","status-publish","hentry"],"yoast_head":"<!-- This site is optimized with the Yoast SEO plugin v27.5 - https:\/\/yoast.com\/product\/yoast-seo-wordpress\/ -->\n<title>Qui-sommes-nous? - SMARMEC<\/title>\n<meta name=\"robots\" content=\"index, follow, max-snippet:-1, max-image-preview:large, max-video-preview:-1\" \/>\n<link rel=\"canonical\" href=\"https:\/\/www.smarmec.com\/fr\/decouvrez-nous\/qui-sommes-nous\/\" \/>\n<meta property=\"og:locale\" content=\"fr_FR\" \/>\n<meta property=\"og:type\" content=\"article\" \/>\n<meta property=\"og:title\" content=\"Qui-sommes-nous? - SMARMEC\" \/>\n<meta property=\"og:description\" content=\"[vc_row][vc_column][\/vc_column][\/vc_row][vc_row force_equal_height_columns=\u00a0\u00bbmain_row\u00a0\u00bb mobile_destroy_equal_heights_resolution=\u00a0\u00bb1024&Prime; el_class=\u00a0\u00bbcontenedorFlex\u00a0\u00bb mobile_destroy_equal_heights=\u00a0\u00bbyes\u00a0\u00bb][vc_column dfd_column_responsive_enable=\u00a0\u00bbdfd-column-responsive-enable\u00a0\u00bb css=\u00a0\u00bb.vc_custom_1649321315917{padding-right: 50px !important;}\u00a0\u00bb col_shadow=\u00a0\u00bbbox_shadow_enable:disable|shadow_horizontal:0|shadow_vertical:15|shadow_blur:50|shadow_spread:0|box_shadow_color:rgba(0%2C0%2C0%2C0.35)\u00a0\u00bb col_shadow_hover=\u00a0\u00bbbox_shadow_enable:disable|shadow_horizontal:0|shadow_vertical:15|shadow_blur:50|shadow_spread:0|box_shadow_color:rgba(0%2C0%2C0%2C0.35)\u00a0\u00bb offset=\u00a0\u00bbvc_col-lg-5 vc_col-md-7&Prime; responsive_styles=\u00a0\u00bbpadding_right_desktop:50|padding_top_tablet:0|padding_bottom_tablet:40|padding_left_tablet:0|padding_right_tablet:40|padding_top_mobile:20|padding_bottom_mobile:20|padding_left_mobile:20|padding_right_mobile:20&Prime; el_class=\u00a0\u00bbposicionar2&Prime;][vc_column_text css_animation=\u00a0\u00bbfadeIn\u00a0\u00bb] Nous sommes experts en technologies de raccordement et en finitions cosm\u00e9tiques et nous avons\" \/>\n<meta property=\"og:url\" content=\"https:\/\/www.smarmec.com\/fr\/decouvrez-nous\/qui-sommes-nous\/\" \/>\n<meta property=\"og:site_name\" content=\"SMARMEC\" \/>\n<meta property=\"article:modified_time\" content=\"2022-05-23T12:52:22+00:00\" \/>\n<meta name=\"twitter:card\" content=\"summary_large_image\" \/>\n<meta name=\"twitter:label1\" content=\"Dur\u00e9e de lecture estim\u00e9e\" \/>\n\t<meta name=\"twitter:data1\" content=\"5 minutes\" \/>\n<script type=\"application\/ld+json\" class=\"yoast-schema-graph\">{\"@context\":\"https:\\\/\\\/schema.org\",\"@graph\":[{\"@type\":\"WebPage\",\"@id\":\"https:\\\/\\\/www.smarmec.com\\\/fr\\\/decouvrez-nous\\\/qui-sommes-nous\\\/\",\"url\":\"https:\\\/\\\/www.smarmec.com\\\/fr\\\/decouvrez-nous\\\/qui-sommes-nous\\\/\",\"name\":\"Qui-sommes-nous? - SMARMEC\",\"isPartOf\":{\"@id\":\"https:\\\/\\\/www.smarmec.com\\\/fr\\\/#website\"},\"datePublished\":\"2021-12-27T09:58:06+00:00\",\"dateModified\":\"2022-05-23T12:52:22+00:00\",\"breadcrumb\":{\"@id\":\"https:\\\/\\\/www.smarmec.com\\\/fr\\\/decouvrez-nous\\\/qui-sommes-nous\\\/#breadcrumb\"},\"inLanguage\":\"fr-FR\",\"potentialAction\":[{\"@type\":\"ReadAction\",\"target\":[\"https:\\\/\\\/www.smarmec.com\\\/fr\\\/decouvrez-nous\\\/qui-sommes-nous\\\/\"]}]},{\"@type\":\"BreadcrumbList\",\"@id\":\"https:\\\/\\\/www.smarmec.com\\\/fr\\\/decouvrez-nous\\\/qui-sommes-nous\\\/#breadcrumb\",\"itemListElement\":[{\"@type\":\"ListItem\",\"position\":1,\"name\":\"Accueil\",\"item\":\"https:\\\/\\\/www.smarmec.com\\\/fr\\\/\"},{\"@type\":\"ListItem\",\"position\":2,\"name\":\"D\u00e9couvrez-nous\",\"item\":\"https:\\\/\\\/www.smarmec.com\\\/fr\\\/decouvrez-nous\\\/\"},{\"@type\":\"ListItem\",\"position\":3,\"name\":\"Qui-sommes-nous?\"}]},{\"@type\":\"WebSite\",\"@id\":\"https:\\\/\\\/www.smarmec.com\\\/fr\\\/#website\",\"url\":\"https:\\\/\\\/www.smarmec.com\\\/fr\\\/\",\"name\":\"SMARMEC\",\"description\":\"Design &amp; Manufacturing Ideas\",\"potentialAction\":[{\"@type\":\"SearchAction\",\"target\":{\"@type\":\"EntryPoint\",\"urlTemplate\":\"https:\\\/\\\/www.smarmec.com\\\/fr\\\/?s={search_term_string}\"},\"query-input\":{\"@type\":\"PropertyValueSpecification\",\"valueRequired\":true,\"valueName\":\"search_term_string\"}}],\"inLanguage\":\"fr-FR\"}]}<\/script>\n<!-- \/ Yoast SEO plugin. -->","yoast_head_json":{"title":"Qui-sommes-nous? - SMARMEC","robots":{"index":"index","follow":"follow","max-snippet":"max-snippet:-1","max-image-preview":"max-image-preview:large","max-video-preview":"max-video-preview:-1"},"canonical":"https:\/\/www.smarmec.com\/fr\/decouvrez-nous\/qui-sommes-nous\/","og_locale":"fr_FR","og_type":"article","og_title":"Qui-sommes-nous? - SMARMEC","og_description":"[vc_row][vc_column][\/vc_column][\/vc_row][vc_row force_equal_height_columns=\u00a0\u00bbmain_row\u00a0\u00bb mobile_destroy_equal_heights_resolution=\u00a0\u00bb1024&Prime; el_class=\u00a0\u00bbcontenedorFlex\u00a0\u00bb mobile_destroy_equal_heights=\u00a0\u00bbyes\u00a0\u00bb][vc_column dfd_column_responsive_enable=\u00a0\u00bbdfd-column-responsive-enable\u00a0\u00bb css=\u00a0\u00bb.vc_custom_1649321315917{padding-right: 50px !important;}\u00a0\u00bb col_shadow=\u00a0\u00bbbox_shadow_enable:disable|shadow_horizontal:0|shadow_vertical:15|shadow_blur:50|shadow_spread:0|box_shadow_color:rgba(0%2C0%2C0%2C0.35)\u00a0\u00bb col_shadow_hover=\u00a0\u00bbbox_shadow_enable:disable|shadow_horizontal:0|shadow_vertical:15|shadow_blur:50|shadow_spread:0|box_shadow_color:rgba(0%2C0%2C0%2C0.35)\u00a0\u00bb offset=\u00a0\u00bbvc_col-lg-5 vc_col-md-7&Prime; responsive_styles=\u00a0\u00bbpadding_right_desktop:50|padding_top_tablet:0|padding_bottom_tablet:40|padding_left_tablet:0|padding_right_tablet:40|padding_top_mobile:20|padding_bottom_mobile:20|padding_left_mobile:20|padding_right_mobile:20&Prime; el_class=\u00a0\u00bbposicionar2&Prime;][vc_column_text css_animation=\u00a0\u00bbfadeIn\u00a0\u00bb] Nous sommes experts en technologies de raccordement et en finitions cosm\u00e9tiques et nous avons","og_url":"https:\/\/www.smarmec.com\/fr\/decouvrez-nous\/qui-sommes-nous\/","og_site_name":"SMARMEC","article_modified_time":"2022-05-23T12:52:22+00:00","twitter_card":"summary_large_image","twitter_misc":{"Dur\u00e9e de lecture estim\u00e9e":"5 minutes"},"schema":{"@context":"https:\/\/schema.org","@graph":[{"@type":"WebPage","@id":"https:\/\/www.smarmec.com\/fr\/decouvrez-nous\/qui-sommes-nous\/","url":"https:\/\/www.smarmec.com\/fr\/decouvrez-nous\/qui-sommes-nous\/","name":"Qui-sommes-nous? - SMARMEC","isPartOf":{"@id":"https:\/\/www.smarmec.com\/fr\/#website"},"datePublished":"2021-12-27T09:58:06+00:00","dateModified":"2022-05-23T12:52:22+00:00","breadcrumb":{"@id":"https:\/\/www.smarmec.com\/fr\/decouvrez-nous\/qui-sommes-nous\/#breadcrumb"},"inLanguage":"fr-FR","potentialAction":[{"@type":"ReadAction","target":["https:\/\/www.smarmec.com\/fr\/decouvrez-nous\/qui-sommes-nous\/"]}]},{"@type":"BreadcrumbList","@id":"https:\/\/www.smarmec.com\/fr\/decouvrez-nous\/qui-sommes-nous\/#breadcrumb","itemListElement":[{"@type":"ListItem","position":1,"name":"Accueil","item":"https:\/\/www.smarmec.com\/fr\/"},{"@type":"ListItem","position":2,"name":"D\u00e9couvrez-nous","item":"https:\/\/www.smarmec.com\/fr\/decouvrez-nous\/"},{"@type":"ListItem","position":3,"name":"Qui-sommes-nous?"}]},{"@type":"WebSite","@id":"https:\/\/www.smarmec.com\/fr\/#website","url":"https:\/\/www.smarmec.com\/fr\/","name":"SMARMEC","description":"Design &amp; Manufacturing Ideas","potentialAction":[{"@type":"SearchAction","target":{"@type":"EntryPoint","urlTemplate":"https:\/\/www.smarmec.com\/fr\/?s={search_term_string}"},"query-input":{"@type":"PropertyValueSpecification","valueRequired":true,"valueName":"search_term_string"}}],"inLanguage":"fr-FR"}]}},"jetpack_sharing_enabled":true,"_links":{"self":[{"href":"https:\/\/www.smarmec.com\/fr\/wp-json\/wp\/v2\/pages\/1635","targetHints":{"allow":["GET"]}}],"collection":[{"href":"https:\/\/www.smarmec.com\/fr\/wp-json\/wp\/v2\/pages"}],"about":[{"href":"https:\/\/www.smarmec.com\/fr\/wp-json\/wp\/v2\/types\/page"}],"author":[{"embeddable":true,"href":"https:\/\/www.smarmec.com\/fr\/wp-json\/wp\/v2\/users\/2"}],"replies":[{"embeddable":true,"href":"https:\/\/www.smarmec.com\/fr\/wp-json\/wp\/v2\/comments?post=1635"}],"version-history":[{"count":3,"href":"https:\/\/www.smarmec.com\/fr\/wp-json\/wp\/v2\/pages\/1635\/revisions"}],"predecessor-version":[{"id":1789,"href":"https:\/\/www.smarmec.com\/fr\/wp-json\/wp\/v2\/pages\/1635\/revisions\/1789"}],"up":[{"embeddable":true,"href":"https:\/\/www.smarmec.com\/fr\/wp-json\/wp\/v2\/pages\/1633"}],"wp:attachment":[{"href":"https:\/\/www.smarmec.com\/fr\/wp-json\/wp\/v2\/media?parent=1635"}],"curies":[{"name":"wp","href":"https:\/\/api.w.org\/{rel}","templated":true}]}}