{"id":1633,"date":"2021-12-27T08:58:54","date_gmt":"2021-12-27T08:58:54","guid":{"rendered":"https:\/\/www.smarmec.com\/conocenos\/"},"modified":"2022-05-23T12:52:22","modified_gmt":"2022-05-23T12:52:22","slug":"decouvrez-nous","status":"publish","type":"page","link":"https:\/\/www.smarmec.com\/fr\/decouvrez-nous\/","title":{"rendered":"D\u00e9couvrez-nous"},"content":{"rendered":"<div class=\"wpb-content-wrapper\"><p>[vc_row][vc_column]<div class=\"dfd-spacer-module\"  data-units=\"px\" data-wide_resolution=\"1280\" data-wide_size=\"80\" data-normal_resolution=\"1024\" data-normal_size=\"50\" data-tablet_resolution=\"800\" data-tablet_size=\"50\" data-mobile_resolution=\"480\" data-mobile_size=\"40\" style=\"height: 80px;\"><\/div><div class=\"dfd-heading-shortcode\"><div class=\"dfd-heading-module-wrap  text-center style_01 cr-animate-gen dfd-heading-69f51dc0785bc dfd-disable-resposive-headings\" id=\"dfd-heading-69f51dc0785bc\" data-animate-type = \"transition.fadeIn\" ><div class=\"inline-block\"><div class=\"dfd-heading-module\"><h2 class=\"widget-title dfd-title \" style=\"font-family:Fira Sans; font-weight:400; font-style:normal; font-size: 25px; color: #7a7f84 !important; line-height: 28px; \"><strong>Smarmec <\/strong>est le fruit de la sp\u00e9cialisation, de l&rsquo;innovation et de l&rsquo;orientation client pendant plus de 30 ans d&rsquo;exp\u00e9rience dans le monde de la chaudronnerie fine et de l&rsquo;int\u00e9gration, et combine la capacit\u00e9 d&rsquo;ing\u00e9nierie, l&rsquo;engagement vis-\u00e0-vis de sa client\u00e8le et la sp\u00e9cialisation dans les s\u00e9ries courtes et moyennes.<\/h2><\/div><\/div><\/div><script type=\"text\/javascript\">\r\n\t\t\t\t\t\t\t\t\t(function($) {\r\n\t\t\t\t\t\t\t\t\t\t$(\"head\").append(\"<style>.dfd-heading-69f51dc0785bc .dfd-heading-module .widget-title {margin-bottom:10px;}.dfd-heading-69f51dc0785bc.dfd-heading-module-wrap .dfd-heading-module .dfd-heading-delimiter {margin-top:10px;margin-bottom:10px;}@media only screen and (max-width: 768px) {.dfd-heading-69f51dc0785bc {text-align: center;}}<\/style>\");\r\n\t\t\t\t\t\t\t\t\t})(jQuery);\r\n\t\t\t\t\t\t\t\t<\/script><\/div><div class=\"dfd-spacer-module\"  data-units=\"px\" data-wide_resolution=\"1280\" data-wide_size=\"30\" data-normal_resolution=\"1024\" data-normal_size=\"30\" data-tablet_resolution=\"800\" data-tablet_size=\"30\" data-mobile_resolution=\"480\" data-mobile_size=\"10\" style=\"height: 30px;\"><\/div>[\/vc_column][\/vc_row][vc_row force_equal_height_columns=\u00a0\u00bbmain_row\u00a0\u00bb mobile_destroy_equal_heights_resolution=\u00a0\u00bb1024&Prime; el_class=\u00a0\u00bbcontenedorFlex\u00a0\u00bb mobile_destroy_equal_heights=\u00a0\u00bbyes\u00a0\u00bb][vc_column dfd_column_responsive_enable=\u00a0\u00bbdfd-column-responsive-enable\u00a0\u00bb offset=\u00a0\u00bbvc_col-lg-7 vc_col-md-offset-0 vc_col-md-5&Prime; col_shadow=\u00a0\u00bbbox_shadow_enable:disable|shadow_horizontal:0|shadow_vertical:15|shadow_blur:50|shadow_spread:0|box_shadow_color:rgba(0%2C0%2C0%2C0.35)\u00a0\u00bb col_shadow_hover=\u00a0\u00bbbox_shadow_enable:disable|shadow_horizontal:0|shadow_vertical:15|shadow_blur:50|shadow_spread:0|box_shadow_color:rgba(0%2C0%2C0%2C0.35)\u00a0\u00bb el_class=\u00a0\u00bbposicionar1&Prime; responsive_styles=\u00a0\u00bbpadding_left_desktop:20|padding_right_desktop:0|padding_top_tablet:50|padding_bottom_tablet:50|padding_left_tablet:20|padding_right_tablet:0&Prime;][vc_single_image image=\u00a0\u00bb32&Prime; img_size=\u00a0\u00bbfull\u00a0\u00bb alignment=\u00a0\u00bbcenter\u00a0\u00bb css_animation=\u00a0\u00bbfadeIn\u00a0\u00bb][\/vc_column][vc_column dfd_column_responsive_enable=\u00a0\u00bbdfd-column-responsive-enable\u00a0\u00bb col_shadow=\u00a0\u00bbbox_shadow_enable:disable|shadow_horizontal:0|shadow_vertical:15|shadow_blur:50|shadow_spread:0|box_shadow_color:rgba(0%2C0%2C0%2C0.35)\u00a0\u00bb col_shadow_hover=\u00a0\u00bbbox_shadow_enable:disable|shadow_horizontal:0|shadow_vertical:15|shadow_blur:50|shadow_spread:0|box_shadow_color:rgba(0%2C0%2C0%2C0.35)\u00a0\u00bb offset=\u00a0\u00bbvc_col-lg-5 vc_col-md-7&Prime; responsive_styles=\u00a0\u00bbpadding_left_desktop:50|padding_right_desktop:50|padding_top_tablet:0|padding_bottom_tablet:40|padding_left_tablet:40|padding_right_tablet:40|padding_top_mobile:20|padding_bottom_mobile:40|padding_left_mobile:20|padding_right_mobile:20&Prime; el_class=\u00a0\u00bbposicionar2&Prime; css=\u00a0\u00bb.vc_custom_1640693118026{padding-right: 50px !important;padding-left: 50px !important;}\u00a0\u00bb]<div class=\"dfd-spacer-module\"  data-units=\"px\" data-wide_resolution=\"1280\" data-wide_size=\"20\" data-normal_resolution=\"1024\" data-normal_size=\"0\" data-tablet_resolution=\"800\" data-tablet_size=\"0\" data-mobile_resolution=\"480\" data-mobile_size=\"0\" style=\"height: 20px;\"><\/div><div class=\"dfd-heading-shortcode\"><div class=\"dfd-heading-module-wrap  text-left style_01 cr-animate-gen dfd-heading-69f51dc0787e4 dfd-disable-resposive-headings\" id=\"dfd-heading-69f51dc0787e4\" data-animate-type = \"transition.fadeIn\" ><div class=\"inline-block\"><div class=\"dfd-heading-module\"><h2 class=\"widget-title dfd-title \" style=\"font-size: 35px; line-height: 38px; \">Le soutien d&rsquo;un groupe ayant plus de 50 ans d&rsquo;exp\u00e9rience<\/h2><h2 class=\"widget-sub-title dfd-sub-title \" style=\"\">Smarmec fait partie de Velatia, un groupe familial, industriel, technologique, mondial et une r\u00e9f\u00e9rence, avec plus de 50 ans d'exp\u00e9rience et 3 300 employ\u00e9s r\u00e9partis dans 19 pays sur tous les continents et 15 centres de fabrication<\/h2><div class=\"dfd-heading-delimiter\"><\/div><\/div><\/div><\/div><script type=\"text\/javascript\">\r\n\t\t\t\t\t\t\t\t\t(function($) {\r\n\t\t\t\t\t\t\t\t\t\t$(\"head\").append(\"<style>.dfd-heading-69f51dc0787e4.dfd-heading-module-wrap .dfd-heading-module .dfd-heading-delimiter {border-bottom-style:solid;border-bottom-width:1px;width:100px;border-bottom-color:#dddddd;}.dfd-heading-69f51dc0787e4 .dfd-heading-module .widget-title {margin-bottom:10px;}.dfd-heading-69f51dc0787e4 .dfd-heading-module .widget-sub-title {margin-bottom:10px;}.dfd-heading-69f51dc0787e4.dfd-heading-module-wrap .dfd-heading-module .dfd-heading-delimiter {margin-top:20px;margin-bottom:20px;}@media (max-width: 799px){.dfd-heading-69f51dc0787e4 .dfd-title{font-size: 28px !important;line-height: 31px !important;}}@media only screen and (max-width: 768px) {.dfd-heading-69f51dc0787e4 {text-align: center;}}<\/style>\");\r\n\t\t\t\t\t\t\t\t\t})(jQuery);\r\n\t\t\t\t\t\t\t\t<\/script><\/div>[vc_column_text css_animation=\u00a0\u00bbfadeIn\u00a0\u00bb]Compos\u00e9e d&rsquo;entreprises qui d\u00e9passent ensemble les cent ann\u00e9es d&rsquo;exp\u00e9rience et engag\u00e9e dans l&rsquo;innovation pour r\u00e9pondre aux besoins actuels et futurs de nos clients,<strong> o\u00f9 qu&rsquo;ils se trouvent<\/strong>.[\/vc_column_text]<div class=\"dfd-spacer-module\"  data-units=\"px\" data-wide_resolution=\"1280\" data-wide_size=\"15\" data-normal_resolution=\"1024\" data-normal_size=\"15\" data-tablet_resolution=\"800\" data-tablet_size=\"15\" data-mobile_resolution=\"480\" data-mobile_size=\"15\" style=\"height: 15px;\"><\/div>[vc_column_text css_animation=\u00a0\u00bbfadeIn\u00a0\u00bb]Les solutions des entreprises qui composent <strong>Velatia<\/strong> visent \u00e0 faire du monde un endroit<strong> plus connect\u00e9, plus durable, plus intelligent, mieux communiqu\u00e9, plus s\u00fbr, plus humain<\/strong>&#8230;[\/vc_column_text][\/vc_column][\/vc_row][vc_row][vc_column]<div class=\"dfd-spacer-module\"  data-units=\"px\" data-wide_resolution=\"1280\" data-wide_size=\"100\" data-normal_resolution=\"1024\" data-normal_size=\"50\" data-tablet_resolution=\"800\" data-tablet_size=\"50\" data-mobile_resolution=\"480\" data-mobile_size=\"20\" style=\"height: 100px;\"><\/div>[\/vc_column][\/vc_row]<\/p>\n<\/div>","protected":false},"excerpt":{"rendered":"<p>[vc_row][vc_column][\/vc_column][\/vc_row][vc_row force_equal_height_columns=\u00a0\u00bbmain_row\u00a0\u00bb mobile_destroy_equal_heights_resolution=\u00a0\u00bb1024&Prime; el_class=\u00a0\u00bbcontenedorFlex\u00a0\u00bb mobile_destroy_equal_heights=\u00a0\u00bbyes\u00a0\u00bb][vc_column dfd_column_responsive_enable=\u00a0\u00bbdfd-column-responsive-enable\u00a0\u00bb offset=\u00a0\u00bbvc_col-lg-7 vc_col-md-offset-0 vc_col-md-5&Prime; col_shadow=\u00a0\u00bbbox_shadow_enable:disable|shadow_horizontal:0|shadow_vertical:15|shadow_blur:50|shadow_spread:0|box_shadow_color:rgba(0%2C0%2C0%2C0.35)\u00a0\u00bb col_shadow_hover=\u00a0\u00bbbox_shadow_enable:disable|shadow_horizontal:0|shadow_vertical:15|shadow_blur:50|shadow_spread:0|box_shadow_color:rgba(0%2C0%2C0%2C0.35)\u00a0\u00bb el_class=\u00a0\u00bbposicionar1&Prime; responsive_styles=\u00a0\u00bbpadding_left_desktop:20|padding_right_desktop:0|padding_top_tablet:50|padding_bottom_tablet:50|padding_left_tablet:20|padding_right_tablet:0&Prime;][vc_single_image image=\u00a0\u00bb32&Prime; img_size=\u00a0\u00bbfull\u00a0\u00bb alignment=\u00a0\u00bbcenter\u00a0\u00bb css_animation=\u00a0\u00bbfadeIn\u00a0\u00bb][\/vc_column][vc_column dfd_column_responsive_enable=\u00a0\u00bbdfd-column-responsive-enable\u00a0\u00bb col_shadow=\u00a0\u00bbbox_shadow_enable:disable|shadow_horizontal:0|shadow_vertical:15|shadow_blur:50|shadow_spread:0|box_shadow_color:rgba(0%2C0%2C0%2C0.35)\u00a0\u00bb col_shadow_hover=\u00a0\u00bbbox_shadow_enable:disable|shadow_horizontal:0|shadow_vertical:15|shadow_blur:50|shadow_spread:0|box_shadow_color:rgba(0%2C0%2C0%2C0.35)\u00a0\u00bb offset=\u00a0\u00bbvc_col-lg-5 vc_col-md-7&Prime; responsive_styles=\u00a0\u00bbpadding_left_desktop:50|padding_right_desktop:50|padding_top_tablet:0|padding_bottom_tablet:40|padding_left_tablet:40|padding_right_tablet:40|padding_top_mobile:20|padding_bottom_mobile:40|padding_left_mobile:20|padding_right_mobile:20&Prime; el_class=\u00a0\u00bbposicionar2&Prime; css=\u00a0\u00bb.vc_custom_1640693118026{padding-right: 50px !important;padding-left: 50px !important;}\u00a0\u00bb][vc_column_text css_animation=\u00a0\u00bbfadeIn\u00a0\u00bb]Compos\u00e9e<\/p>\n","protected":false},"author":2,"featured_media":0,"parent":0,"menu_order":0,"comment_status":"closed","ping_status":"closed","template":"page-custom-with-header.php","meta":{"inline_featured_image":false,"footnotes":""},"class_list":["post-1633","page","type-page","status-publish","hentry"],"yoast_head":"<!-- This site is optimized with the Yoast SEO plugin v27.5 - https:\/\/yoast.com\/product\/yoast-seo-wordpress\/ -->\n<title>D\u00e9couvrez-nous - SMARMEC<\/title>\n<meta name=\"robots\" content=\"index, follow, max-snippet:-1, max-image-preview:large, max-video-preview:-1\" \/>\n<link rel=\"canonical\" href=\"https:\/\/www.smarmec.com\/fr\/decouvrez-nous\/\" \/>\n<meta property=\"og:locale\" content=\"fr_FR\" \/>\n<meta property=\"og:type\" content=\"article\" \/>\n<meta property=\"og:title\" content=\"D\u00e9couvrez-nous - SMARMEC\" \/>\n<meta property=\"og:description\" content=\"[vc_row][vc_column][\/vc_column][\/vc_row][vc_row force_equal_height_columns=\u00a0\u00bbmain_row\u00a0\u00bb mobile_destroy_equal_heights_resolution=\u00a0\u00bb1024&Prime; el_class=\u00a0\u00bbcontenedorFlex\u00a0\u00bb mobile_destroy_equal_heights=\u00a0\u00bbyes\u00a0\u00bb][vc_column dfd_column_responsive_enable=\u00a0\u00bbdfd-column-responsive-enable\u00a0\u00bb offset=\u00a0\u00bbvc_col-lg-7 vc_col-md-offset-0 vc_col-md-5&Prime; col_shadow=\u00a0\u00bbbox_shadow_enable:disable|shadow_horizontal:0|shadow_vertical:15|shadow_blur:50|shadow_spread:0|box_shadow_color:rgba(0%2C0%2C0%2C0.35)\u00a0\u00bb col_shadow_hover=\u00a0\u00bbbox_shadow_enable:disable|shadow_horizontal:0|shadow_vertical:15|shadow_blur:50|shadow_spread:0|box_shadow_color:rgba(0%2C0%2C0%2C0.35)\u00a0\u00bb el_class=\u00a0\u00bbposicionar1&Prime; responsive_styles=\u00a0\u00bbpadding_left_desktop:20|padding_right_desktop:0|padding_top_tablet:50|padding_bottom_tablet:50|padding_left_tablet:20|padding_right_tablet:0&Prime;][vc_single_image image=\u00a0\u00bb32&Prime; img_size=\u00a0\u00bbfull\u00a0\u00bb alignment=\u00a0\u00bbcenter\u00a0\u00bb css_animation=\u00a0\u00bbfadeIn\u00a0\u00bb][\/vc_column][vc_column dfd_column_responsive_enable=\u00a0\u00bbdfd-column-responsive-enable\u00a0\u00bb col_shadow=\u00a0\u00bbbox_shadow_enable:disable|shadow_horizontal:0|shadow_vertical:15|shadow_blur:50|shadow_spread:0|box_shadow_color:rgba(0%2C0%2C0%2C0.35)\u00a0\u00bb col_shadow_hover=\u00a0\u00bbbox_shadow_enable:disable|shadow_horizontal:0|shadow_vertical:15|shadow_blur:50|shadow_spread:0|box_shadow_color:rgba(0%2C0%2C0%2C0.35)\u00a0\u00bb offset=\u00a0\u00bbvc_col-lg-5 vc_col-md-7&Prime; responsive_styles=\u00a0\u00bbpadding_left_desktop:50|padding_right_desktop:50|padding_top_tablet:0|padding_bottom_tablet:40|padding_left_tablet:40|padding_right_tablet:40|padding_top_mobile:20|padding_bottom_mobile:40|padding_left_mobile:20|padding_right_mobile:20&Prime; el_class=\u00a0\u00bbposicionar2&Prime; css=\u00a0\u00bb.vc_custom_1640693118026{padding-right: 50px !important;padding-left: 50px !important;}\u00a0\u00bb][vc_column_text css_animation=\u00a0\u00bbfadeIn\u00a0\u00bb]Compos\u00e9e\" \/>\n<meta property=\"og:url\" content=\"https:\/\/www.smarmec.com\/fr\/decouvrez-nous\/\" \/>\n<meta property=\"og:site_name\" content=\"SMARMEC\" \/>\n<meta property=\"article:modified_time\" content=\"2022-05-23T12:52:22+00:00\" \/>\n<meta name=\"twitter:card\" content=\"summary_large_image\" \/>\n<meta name=\"twitter:label1\" content=\"Dur\u00e9e de lecture estim\u00e9e\" \/>\n\t<meta name=\"twitter:data1\" content=\"3 minutes\" \/>\n<script type=\"application\/ld+json\" class=\"yoast-schema-graph\">{\"@context\":\"https:\\\/\\\/schema.org\",\"@graph\":[{\"@type\":\"WebPage\",\"@id\":\"https:\\\/\\\/www.smarmec.com\\\/fr\\\/decouvrez-nous\\\/\",\"url\":\"https:\\\/\\\/www.smarmec.com\\\/fr\\\/decouvrez-nous\\\/\",\"name\":\"D\u00e9couvrez-nous - SMARMEC\",\"isPartOf\":{\"@id\":\"https:\\\/\\\/www.smarmec.com\\\/fr\\\/#website\"},\"datePublished\":\"2021-12-27T08:58:54+00:00\",\"dateModified\":\"2022-05-23T12:52:22+00:00\",\"breadcrumb\":{\"@id\":\"https:\\\/\\\/www.smarmec.com\\\/fr\\\/decouvrez-nous\\\/#breadcrumb\"},\"inLanguage\":\"fr-FR\",\"potentialAction\":[{\"@type\":\"ReadAction\",\"target\":[\"https:\\\/\\\/www.smarmec.com\\\/fr\\\/decouvrez-nous\\\/\"]}]},{\"@type\":\"BreadcrumbList\",\"@id\":\"https:\\\/\\\/www.smarmec.com\\\/fr\\\/decouvrez-nous\\\/#breadcrumb\",\"itemListElement\":[{\"@type\":\"ListItem\",\"position\":1,\"name\":\"Accueil\",\"item\":\"https:\\\/\\\/www.smarmec.com\\\/fr\\\/\"},{\"@type\":\"ListItem\",\"position\":2,\"name\":\"D\u00e9couvrez-nous\"}]},{\"@type\":\"WebSite\",\"@id\":\"https:\\\/\\\/www.smarmec.com\\\/fr\\\/#website\",\"url\":\"https:\\\/\\\/www.smarmec.com\\\/fr\\\/\",\"name\":\"SMARMEC\",\"description\":\"Design &amp; Manufacturing Ideas\",\"potentialAction\":[{\"@type\":\"SearchAction\",\"target\":{\"@type\":\"EntryPoint\",\"urlTemplate\":\"https:\\\/\\\/www.smarmec.com\\\/fr\\\/?s={search_term_string}\"},\"query-input\":{\"@type\":\"PropertyValueSpecification\",\"valueRequired\":true,\"valueName\":\"search_term_string\"}}],\"inLanguage\":\"fr-FR\"}]}<\/script>\n<!-- \/ Yoast SEO plugin. -->","yoast_head_json":{"title":"D\u00e9couvrez-nous - SMARMEC","robots":{"index":"index","follow":"follow","max-snippet":"max-snippet:-1","max-image-preview":"max-image-preview:large","max-video-preview":"max-video-preview:-1"},"canonical":"https:\/\/www.smarmec.com\/fr\/decouvrez-nous\/","og_locale":"fr_FR","og_type":"article","og_title":"D\u00e9couvrez-nous - SMARMEC","og_description":"[vc_row][vc_column][\/vc_column][\/vc_row][vc_row force_equal_height_columns=\u00a0\u00bbmain_row\u00a0\u00bb mobile_destroy_equal_heights_resolution=\u00a0\u00bb1024&Prime; el_class=\u00a0\u00bbcontenedorFlex\u00a0\u00bb mobile_destroy_equal_heights=\u00a0\u00bbyes\u00a0\u00bb][vc_column dfd_column_responsive_enable=\u00a0\u00bbdfd-column-responsive-enable\u00a0\u00bb offset=\u00a0\u00bbvc_col-lg-7 vc_col-md-offset-0 vc_col-md-5&Prime; col_shadow=\u00a0\u00bbbox_shadow_enable:disable|shadow_horizontal:0|shadow_vertical:15|shadow_blur:50|shadow_spread:0|box_shadow_color:rgba(0%2C0%2C0%2C0.35)\u00a0\u00bb col_shadow_hover=\u00a0\u00bbbox_shadow_enable:disable|shadow_horizontal:0|shadow_vertical:15|shadow_blur:50|shadow_spread:0|box_shadow_color:rgba(0%2C0%2C0%2C0.35)\u00a0\u00bb el_class=\u00a0\u00bbposicionar1&Prime; responsive_styles=\u00a0\u00bbpadding_left_desktop:20|padding_right_desktop:0|padding_top_tablet:50|padding_bottom_tablet:50|padding_left_tablet:20|padding_right_tablet:0&Prime;][vc_single_image image=\u00a0\u00bb32&Prime; img_size=\u00a0\u00bbfull\u00a0\u00bb alignment=\u00a0\u00bbcenter\u00a0\u00bb css_animation=\u00a0\u00bbfadeIn\u00a0\u00bb][\/vc_column][vc_column dfd_column_responsive_enable=\u00a0\u00bbdfd-column-responsive-enable\u00a0\u00bb col_shadow=\u00a0\u00bbbox_shadow_enable:disable|shadow_horizontal:0|shadow_vertical:15|shadow_blur:50|shadow_spread:0|box_shadow_color:rgba(0%2C0%2C0%2C0.35)\u00a0\u00bb col_shadow_hover=\u00a0\u00bbbox_shadow_enable:disable|shadow_horizontal:0|shadow_vertical:15|shadow_blur:50|shadow_spread:0|box_shadow_color:rgba(0%2C0%2C0%2C0.35)\u00a0\u00bb offset=\u00a0\u00bbvc_col-lg-5 vc_col-md-7&Prime; responsive_styles=\u00a0\u00bbpadding_left_desktop:50|padding_right_desktop:50|padding_top_tablet:0|padding_bottom_tablet:40|padding_left_tablet:40|padding_right_tablet:40|padding_top_mobile:20|padding_bottom_mobile:40|padding_left_mobile:20|padding_right_mobile:20&Prime; el_class=\u00a0\u00bbposicionar2&Prime; css=\u00a0\u00bb.vc_custom_1640693118026{padding-right: 50px !important;padding-left: 50px !important;}\u00a0\u00bb][vc_column_text css_animation=\u00a0\u00bbfadeIn\u00a0\u00bb]Compos\u00e9e","og_url":"https:\/\/www.smarmec.com\/fr\/decouvrez-nous\/","og_site_name":"SMARMEC","article_modified_time":"2022-05-23T12:52:22+00:00","twitter_card":"summary_large_image","twitter_misc":{"Dur\u00e9e de lecture estim\u00e9e":"3 minutes"},"schema":{"@context":"https:\/\/schema.org","@graph":[{"@type":"WebPage","@id":"https:\/\/www.smarmec.com\/fr\/decouvrez-nous\/","url":"https:\/\/www.smarmec.com\/fr\/decouvrez-nous\/","name":"D\u00e9couvrez-nous - SMARMEC","isPartOf":{"@id":"https:\/\/www.smarmec.com\/fr\/#website"},"datePublished":"2021-12-27T08:58:54+00:00","dateModified":"2022-05-23T12:52:22+00:00","breadcrumb":{"@id":"https:\/\/www.smarmec.com\/fr\/decouvrez-nous\/#breadcrumb"},"inLanguage":"fr-FR","potentialAction":[{"@type":"ReadAction","target":["https:\/\/www.smarmec.com\/fr\/decouvrez-nous\/"]}]},{"@type":"BreadcrumbList","@id":"https:\/\/www.smarmec.com\/fr\/decouvrez-nous\/#breadcrumb","itemListElement":[{"@type":"ListItem","position":1,"name":"Accueil","item":"https:\/\/www.smarmec.com\/fr\/"},{"@type":"ListItem","position":2,"name":"D\u00e9couvrez-nous"}]},{"@type":"WebSite","@id":"https:\/\/www.smarmec.com\/fr\/#website","url":"https:\/\/www.smarmec.com\/fr\/","name":"SMARMEC","description":"Design &amp; Manufacturing Ideas","potentialAction":[{"@type":"SearchAction","target":{"@type":"EntryPoint","urlTemplate":"https:\/\/www.smarmec.com\/fr\/?s={search_term_string}"},"query-input":{"@type":"PropertyValueSpecification","valueRequired":true,"valueName":"search_term_string"}}],"inLanguage":"fr-FR"}]}},"jetpack_sharing_enabled":true,"_links":{"self":[{"href":"https:\/\/www.smarmec.com\/fr\/wp-json\/wp\/v2\/pages\/1633","targetHints":{"allow":["GET"]}}],"collection":[{"href":"https:\/\/www.smarmec.com\/fr\/wp-json\/wp\/v2\/pages"}],"about":[{"href":"https:\/\/www.smarmec.com\/fr\/wp-json\/wp\/v2\/types\/page"}],"author":[{"embeddable":true,"href":"https:\/\/www.smarmec.com\/fr\/wp-json\/wp\/v2\/users\/2"}],"replies":[{"embeddable":true,"href":"https:\/\/www.smarmec.com\/fr\/wp-json\/wp\/v2\/comments?post=1633"}],"version-history":[{"count":3,"href":"https:\/\/www.smarmec.com\/fr\/wp-json\/wp\/v2\/pages\/1633\/revisions"}],"predecessor-version":[{"id":1788,"href":"https:\/\/www.smarmec.com\/fr\/wp-json\/wp\/v2\/pages\/1633\/revisions\/1788"}],"wp:attachment":[{"href":"https:\/\/www.smarmec.com\/fr\/wp-json\/wp\/v2\/media?parent=1633"}],"curies":[{"name":"wp","href":"https:\/\/api.w.org\/{rel}","templated":true}]}}