{"id":537,"date":"2021-12-30T14:26:13","date_gmt":"2021-12-30T14:26:13","guid":{"rendered":"https:\/\/www.smarmec.com\/?page_id=537"},"modified":"2022-05-23T12:50:52","modified_gmt":"2022-05-23T12:50:52","slug":"aviso-legal","status":"publish","type":"page","link":"https:\/\/www.smarmec.com\/es\/aviso-legal\/","title":{"rendered":"Aviso legal"},"content":{"rendered":"<div class=\"wpb-content-wrapper\"><p>[vc_row][vc_column]<div class=\"dfd-spacer-module\"  data-units=\"px\" data-wide_resolution=\"1280\" data-wide_size=\"100\" data-normal_resolution=\"1024\" data-normal_size=\"50\" data-tablet_resolution=\"800\" data-tablet_size=\"40\" data-mobile_resolution=\"480\" data-mobile_size=\"40\" style=\"height: 100px;\"><\/div>[\/vc_column][\/vc_row][vc_row dfd_row_responsive_enable=\u00bbdfd-row-responsive-enable\u00bb responsive_styles=\u00bbmargin_left_tablet:20|margin_right_tablet:20|margin_left_mobile:20|margin_right_mobile:20&#8243;][vc_column]<div class=\"dfd-heading-shortcode\"><div class=\"dfd-heading-module-wrap  text-left style_05 dfd-heading-69f5d760564b5 dfd-disable-resposive-headings\" id=\"dfd-heading-69f5d760564b5\" ><div class=\"inline-block\"><div class=\"dfd-heading-module\"><h2 class=\"widget-title dfd-title \" style=\"\">Datos del Titular<\/h2><\/div><\/div><\/div><script type=\"text\/javascript\">\r\n\t\t\t\t\t\t\t\t\t(function($) {\r\n\t\t\t\t\t\t\t\t\t\t$(\"head\").append(\"<style>.dfd-heading-69f5d760564b5 .dfd-heading-module .widget-title {margin-bottom:30px;}.dfd-heading-69f5d760564b5.dfd-heading-module-wrap .dfd-heading-module .dfd-heading-delimiter {margin-top:10px;margin-bottom:10px;}@media (max-width: 799px){.dfd-heading-69f5d760564b5 .dfd-title{font-size: 30px !important;line-height: 33px !important;}}<\/style>\");\r\n\t\t\t\t\t\t\t\t\t})(jQuery);\r\n\t\t\t\t\t\t\t\t<\/script><\/div><div class=\"dfd-spacer-module\"  data-units=\"px\" data-wide_resolution=\"1280\" data-wide_size=\"20\" data-normal_resolution=\"1024\" data-normal_size=\"20\" data-tablet_resolution=\"800\" data-tablet_size=\"10\" data-mobile_resolution=\"480\" data-mobile_size=\"0\" style=\"height: 20px;\"><\/div>[vc_column_text el_class=\u00bbtextAvisoPolit\u00bb]En cumplimiento del art\u00edculo 10 de la Ley 34\/2002, de 11 de julio, de Servicios de la Sociedad de la Informaci\u00f3n y Comercio Electr\u00f3nico, a continuaci\u00f3n se exponen los siguientes datos de la empresa:[\/vc_column_text]<div class=\"dfd-spacer-module\"  data-units=\"px\" data-wide_resolution=\"1280\" data-wide_size=\"30\" data-normal_resolution=\"1024\" data-normal_size=\"20\" data-tablet_resolution=\"800\" data-tablet_size=\"20\" data-mobile_resolution=\"480\" data-mobile_size=\"20\" style=\"height: 30px;\"><\/div><div class=\"dfd-heading-shortcode\"><div class=\"dfd-heading-module-wrap  text-left style_09 dfd-heading-69f5d76056664 dfd-disable-resposive-headings\" id=\"dfd-heading-69f5d76056664\" ><div class=\"inline-block\"><div class=\"dfd-heading-module\"><div class=\"title-wrap\"><h3 class=\"widget-title dfd-title \" style=\"font-size: 23px; line-height: 30px; \">Denominaci\u00f3n social<\/h3><\/div><\/div><\/div><\/div><script type=\"text\/javascript\">\r\n\t\t\t\t\t\t\t\t\t(function($) {\r\n\t\t\t\t\t\t\t\t\t\t$(\"head\").append(\"<style>.dfd-heading-69f5d76056664.dfd-heading-module-wrap .dfd-heading-module .dfd-heading-delimiter {margin-top:10px;margin-bottom:10px;}<\/style>\");\r\n\t\t\t\t\t\t\t\t\t})(jQuery);\r\n\t\t\t\t\t\t\t\t<\/script><\/div>[vc_column_text el_class=\u00bbtextAvisoPolit\u00bb]VELATIA, S.L.[\/vc_column_text]<div class=\"dfd-spacer-module\"  data-units=\"px\" data-wide_resolution=\"1280\" data-wide_size=\"50\" data-normal_resolution=\"1024\" data-normal_size=\"40\" data-tablet_resolution=\"800\" data-tablet_size=\"30\" data-mobile_resolution=\"480\" data-mobile_size=\"30\" style=\"height: 50px;\"><\/div><div class=\"dfd-heading-shortcode\"><div class=\"dfd-heading-module-wrap  text-left style_09 cr-animate-gen dfd-heading-69f5d7605674b dfd-disable-resposive-headings\" id=\"dfd-heading-69f5d7605674b\" data-animate-type = \"transition.slideLeftIn\" ><div class=\"inline-block\"><div class=\"dfd-heading-module\"><div class=\"title-wrap\"><h3 class=\"widget-title dfd-title \" style=\"font-size: 23px; line-height: 30px; \">Datos Registrales<\/h3><\/div><\/div><\/div><\/div><script type=\"text\/javascript\">\r\n\t\t\t\t\t\t\t\t\t(function($) {\r\n\t\t\t\t\t\t\t\t\t\t$(\"head\").append(\"<style>.dfd-heading-69f5d7605674b.dfd-heading-module-wrap .dfd-heading-module .dfd-heading-delimiter {margin-top:10px;margin-bottom:10px;}<\/style>\");\r\n\t\t\t\t\t\t\t\t\t})(jQuery);\r\n\t\t\t\t\t\t\t\t<\/script><\/div>[vc_column_text item_animation=\u00bbtransition.fadeIn\u00bb el_class=\u00bbtextAvisoPolit\u00bb]Se encuentra inscrita en el Registro Mercantil de Bizkaia, en el tomo 5.100, folio 89, hoja BI-56.032.[\/vc_column_text]<div class=\"dfd-spacer-module\"  data-units=\"px\" data-wide_resolution=\"1280\" data-wide_size=\"50\" data-normal_resolution=\"1024\" data-normal_size=\"40\" data-tablet_resolution=\"800\" data-tablet_size=\"30\" data-mobile_resolution=\"480\" data-mobile_size=\"30\" style=\"height: 50px;\"><\/div><div class=\"dfd-heading-shortcode\"><div class=\"dfd-heading-module-wrap  text-left style_09 cr-animate-gen dfd-heading-69f5d7605681b dfd-disable-resposive-headings\" id=\"dfd-heading-69f5d7605681b\" data-animate-type = \"transition.slideLeftIn\" ><div class=\"inline-block\"><div class=\"dfd-heading-module\"><div class=\"title-wrap\"><h3 class=\"widget-title dfd-title \" style=\"font-size: 23px; line-height: 30px; \">Domicilio fiscal<\/h3><\/div><\/div><\/div><\/div><script type=\"text\/javascript\">\r\n\t\t\t\t\t\t\t\t\t(function($) {\r\n\t\t\t\t\t\t\t\t\t\t$(\"head\").append(\"<style>.dfd-heading-69f5d7605681b.dfd-heading-module-wrap .dfd-heading-module .dfd-heading-delimiter {margin-top:10px;margin-bottom:10px;}<\/style>\");\r\n\t\t\t\t\t\t\t\t\t})(jQuery);\r\n\t\t\t\t\t\t\t\t<\/script><\/div>[vc_column_text item_animation=\u00bbtransition.fadeIn\u00bb el_class=\u00bbtextAvisoPolit\u00bb]Zamudio (Bizkaia), Parque Cient\u00edfico y Tecnol\u00f3gico de Bizkaia, 104.[\/vc_column_text]<div class=\"dfd-spacer-module\"  data-units=\"px\" data-wide_resolution=\"1280\" data-wide_size=\"50\" data-normal_resolution=\"1024\" data-normal_size=\"40\" data-tablet_resolution=\"800\" data-tablet_size=\"30\" data-mobile_resolution=\"480\" data-mobile_size=\"30\" style=\"height: 50px;\"><\/div><div class=\"dfd-heading-shortcode\"><div class=\"dfd-heading-module-wrap  text-left style_09 cr-animate-gen dfd-heading-69f5d760568e7 dfd-disable-resposive-headings\" id=\"dfd-heading-69f5d760568e7\" data-animate-type = \"transition.slideLeftIn\" ><div class=\"inline-block\"><div class=\"dfd-heading-module\"><div class=\"title-wrap\"><h3 class=\"widget-title dfd-title \" style=\"font-size: 23px; line-height: 30px; \">CIF<\/h3><\/div><\/div><\/div><\/div><script type=\"text\/javascript\">\r\n\t\t\t\t\t\t\t\t\t(function($) {\r\n\t\t\t\t\t\t\t\t\t\t$(\"head\").append(\"<style>.dfd-heading-69f5d760568e7.dfd-heading-module-wrap .dfd-heading-module .dfd-heading-delimiter {margin-top:10px;margin-bottom:10px;}<\/style>\");\r\n\t\t\t\t\t\t\t\t\t})(jQuery);\r\n\t\t\t\t\t\t\t\t<\/script><\/div>[vc_column_text item_animation=\u00bbtransition.fadeIn\u00bb el_class=\u00bbtextAvisoPolit\u00bb]B-95.594.172[\/vc_column_text]<div class=\"dfd-spacer-module\"  data-units=\"px\" data-wide_resolution=\"1280\" data-wide_size=\"50\" data-normal_resolution=\"1024\" data-normal_size=\"40\" data-tablet_resolution=\"800\" data-tablet_size=\"30\" data-mobile_resolution=\"480\" data-mobile_size=\"30\" style=\"height: 50px;\"><\/div><div class=\"dfd-heading-shortcode\"><div class=\"dfd-heading-module-wrap  text-left style_09 cr-animate-gen dfd-heading-69f5d760569af dfd-disable-resposive-headings\" id=\"dfd-heading-69f5d760569af\" data-animate-type = \"transition.slideLeftIn\" ><div class=\"inline-block\"><div class=\"dfd-heading-module\"><div class=\"title-wrap\"><h3 class=\"widget-title dfd-title \" style=\"font-size: 23px; line-height: 30px; \">C\u00f3digos de Conducta<\/h3><\/div><\/div><\/div><\/div><script type=\"text\/javascript\">\r\n\t\t\t\t\t\t\t\t\t(function($) {\r\n\t\t\t\t\t\t\t\t\t\t$(\"head\").append(\"<style>.dfd-heading-69f5d760569af.dfd-heading-module-wrap .dfd-heading-module .dfd-heading-delimiter {margin-top:10px;margin-bottom:10px;}<\/style>\");\r\n\t\t\t\t\t\t\t\t\t})(jQuery);\r\n\t\t\t\t\t\t\t\t<\/script><\/div>[vc_column_text item_animation=\u00bbtransition.fadeIn\u00bb el_class=\u00bbtextAvisoPolit\u00bb]Las sociedades del VELATIA y sus empleados se encuentran sometidos a las normas internas del C\u00f3digo \u00c9tico y de Responsabilidad Social Corporativa que est\u00e1n a disposici\u00f3n de los usuarios junto con la informaci\u00f3n relativa a su cumplimiento en la siguiente direcci\u00f3n:\u00a0<a href=\"https:\/\/www.velatia.com\/es\/etica-e-integridad\/\" target=\"_blank\" rel=\"noopener\">clic aqu\u00ed<\/a>[\/vc_column_text]<div class=\"dfd-spacer-module\"  data-units=\"px\" data-wide_resolution=\"1280\" data-wide_size=\"50\" data-normal_resolution=\"1024\" data-normal_size=\"40\" data-tablet_resolution=\"800\" data-tablet_size=\"30\" data-mobile_resolution=\"480\" data-mobile_size=\"30\" style=\"height: 50px;\"><\/div><div class=\"dfd-heading-shortcode\"><div class=\"dfd-heading-module-wrap  text-left style_09 cr-animate-gen dfd-heading-69f5d76056a7e dfd-disable-resposive-headings\" id=\"dfd-heading-69f5d76056a7e\" data-animate-type = \"transition.slideLeftIn\" ><div class=\"inline-block\"><div class=\"dfd-heading-module\"><div class=\"title-wrap\"><h3 class=\"widget-title dfd-title \" style=\"font-size: 23px; line-height: 30px; \">Copyright. Derechos<\/h3><\/div><\/div><\/div><\/div><script type=\"text\/javascript\">\r\n\t\t\t\t\t\t\t\t\t(function($) {\r\n\t\t\t\t\t\t\t\t\t\t$(\"head\").append(\"<style>.dfd-heading-69f5d76056a7e.dfd-heading-module-wrap .dfd-heading-module .dfd-heading-delimiter {margin-top:10px;margin-bottom:10px;}<\/style>\");\r\n\t\t\t\t\t\t\t\t\t})(jQuery);\r\n\t\t\t\t\t\t\t\t<\/script><\/div>[vc_column_text item_animation=\u00bbtransition.fadeIn\u00bb el_class=\u00bbtextAvisoPolit\u00bb]Reservados todos los derechos.<br \/>\nQueda expresamente prohibido, sin permiso previo y expreso de VELATIA S.L., la reproducci\u00f3n, copia, cesi\u00f3n, difusi\u00f3n y cualquier tipo de utilizaci\u00f3n, total o parcial, del contenido de la presente p\u00e1gina web, cualquiera que sea su finalidad.<br \/>\nQueda igualmente prohibido cualquier tipo de manipulaci\u00f3n, alteraci\u00f3n o modificaci\u00f3n de la configuraci\u00f3n y contenidos de esta p\u00e1gina web.<br \/>\nLos usuarios de la p\u00e1gina deber\u00e1n respetar el contenido y configuraci\u00f3n de la misma, as\u00ed como los derechos de propiedad intelectual e industrial que la amparan.[\/vc_column_text]<div class=\"dfd-spacer-module\"  data-units=\"px\" data-wide_resolution=\"1280\" data-wide_size=\"50\" data-normal_resolution=\"1024\" data-normal_size=\"40\" data-tablet_resolution=\"800\" data-tablet_size=\"30\" data-mobile_resolution=\"480\" data-mobile_size=\"30\" style=\"height: 50px;\"><\/div><div class=\"dfd-heading-shortcode\"><div class=\"dfd-heading-module-wrap  text-left style_09 cr-animate-gen dfd-heading-69f5d76056b45 dfd-disable-resposive-headings\" id=\"dfd-heading-69f5d76056b45\" data-animate-type = \"transition.slideLeftIn\" ><div class=\"inline-block\"><div class=\"dfd-heading-module\"><div class=\"title-wrap\"><h3 class=\"widget-title dfd-title \" style=\"font-size: 23px; line-height: 30px; \">Uso de la P\u00e1gina Web<\/h3><\/div><\/div><\/div><\/div><script type=\"text\/javascript\">\r\n\t\t\t\t\t\t\t\t\t(function($) {\r\n\t\t\t\t\t\t\t\t\t\t$(\"head\").append(\"<style>.dfd-heading-69f5d76056b45.dfd-heading-module-wrap .dfd-heading-module .dfd-heading-delimiter {margin-top:10px;margin-bottom:10px;}<\/style>\");\r\n\t\t\t\t\t\t\t\t\t})(jQuery);\r\n\t\t\t\t\t\t\t\t<\/script><\/div>[vc_column_text item_animation=\u00bbtransition.fadeIn\u00bb el_class=\u00bbtextAvisoPolit\u00bb]El uso de esta p\u00e1gina web total o parcialmente supone la aceptaci\u00f3n de los t\u00e9rminos que a continuaci\u00f3n se detallan. En caso de no aceptar alguno de ellos no se encuentra autorizado a utilizar esta p\u00e1gina web.<br \/>\nRevisen, por favor, las Condiciones de Uso publicadas en esta P\u00e1gina web de forma regular para asegurarse de que conocen todos los t\u00e9rminos que rigen su uso.<br \/>\nEstas Condiciones de uso pueden ser modificadas por VELATIA S.L. en cualquier momento. Una vez modificadas, las Condiciones de uso tendr\u00e1n efecto desde el mismo momento en el que se introduzcan en esta P\u00e1gina web.<br \/>\nLa informaci\u00f3n facilitada a cualquier usuario en esta p\u00e1gina web se proporciona sin garant\u00edas de ning\u00fan tipo, ya sean expresas o impl\u00edcitas; VELATIA S.L. tampoco concede ninguna garant\u00eda de que el acceso a dicho portal sea ininterrumpido, que el portal sea seguro o que est\u00e9 libre de virus o de cualquier otro elemento perjudicial, ni de que la informaci\u00f3n facilitada en el portal sea completa, precisa y oportuna en todo momento.<br \/>\nEn ning\u00fan caso VELATIA S.L. ser\u00e1 responsable de ni ning\u00fan da\u00f1o directo, indirecto, consecuencial o punible ocasionado, originado o en conexi\u00f3n con el uso o la imposibilidad de utilizar esta p\u00e1gina web o su contenido.<br \/>\nAsimismo VELATIA S.L., tampoco se responsabilizar\u00e1 de ning\u00fan tipo de manipulaci\u00f3n o alteraci\u00f3n que, efectuada por terceros, pueda causar da\u00f1os a los usuarios de esta p\u00e1gina web.<br \/>\nVELATIA S.L., no captar\u00e1 m\u00e1s datos personales que los expresamente facilitados por sus usuarios.[\/vc_column_text]<div class=\"dfd-spacer-module\"  data-units=\"px\" data-wide_resolution=\"1280\" data-wide_size=\"50\" data-normal_resolution=\"1024\" data-normal_size=\"40\" data-tablet_resolution=\"800\" data-tablet_size=\"30\" data-mobile_resolution=\"480\" data-mobile_size=\"30\" style=\"height: 50px;\"><\/div><div class=\"dfd-heading-shortcode\"><div class=\"dfd-heading-module-wrap  text-left style_09 cr-animate-gen dfd-heading-69f5d76056c09 dfd-disable-resposive-headings\" id=\"dfd-heading-69f5d76056c09\" data-animate-type = \"transition.slideLeftIn\" ><div class=\"inline-block\"><div class=\"dfd-heading-module\"><div class=\"title-wrap\"><h3 class=\"widget-title dfd-title \" style=\"font-size: 23px; line-height: 30px; \">Enlaces<\/h3><\/div><\/div><\/div><\/div><script type=\"text\/javascript\">\r\n\t\t\t\t\t\t\t\t\t(function($) {\r\n\t\t\t\t\t\t\t\t\t\t$(\"head\").append(\"<style>.dfd-heading-69f5d76056c09.dfd-heading-module-wrap .dfd-heading-module .dfd-heading-delimiter {margin-top:10px;margin-bottom:10px;}<\/style>\");\r\n\t\t\t\t\t\t\t\t\t})(jQuery);\r\n\t\t\t\t\t\t\t\t<\/script><\/div>[vc_column_text item_animation=\u00bbtransition.fadeIn\u00bb el_class=\u00bbtextAvisoPolit\u00bb]Los sitios web de terceros a los que el usuario pueda acceder a trav\u00e9s de esta p\u00e1gina web no est\u00e1n bajo el control de VELATIA S.L. Por tanto VELATIA S.L. no puede hacerse responsable ni otorgar ninguna garant\u00eda sobre el contenido de cualquier sitio web o enlace vinculado, sobre sus posibles cambios o actualizaciones ni sobre el uso que terceros les puedan otorgar.[\/vc_column_text][\/vc_column][\/vc_row][vc_row][vc_column]<div class=\"dfd-spacer-module\"  data-units=\"px\" data-wide_resolution=\"1280\" data-wide_size=\"100\" data-normal_resolution=\"1024\" data-normal_size=\"80\" data-tablet_resolution=\"800\" data-tablet_size=\"60\" data-mobile_resolution=\"480\" data-mobile_size=\"60\" style=\"height: 100px;\"><\/div>[\/vc_column][\/vc_row]<\/p>\n<\/div>","protected":false},"excerpt":{"rendered":"<p>[vc_row][vc_column][\/vc_column][\/vc_row][vc_row dfd_row_responsive_enable=\u00bbdfd-row-responsive-enable\u00bb responsive_styles=\u00bbmargin_left_tablet:20|margin_right_tablet:20|margin_left_mobile:20|margin_right_mobile:20&#8243;][vc_column][vc_column_text el_class=\u00bbtextAvisoPolit\u00bb]En cumplimiento del art\u00edculo 10 de la Ley 34\/2002, de 11 de julio, de Servicios de la Sociedad de la Informaci\u00f3n y Comercio Electr\u00f3nico, a continuaci\u00f3n se<\/p>\n","protected":false},"author":2,"featured_media":0,"parent":0,"menu_order":0,"comment_status":"closed","ping_status":"closed","template":"page-custom-with-header.php","meta":{"inline_featured_image":false,"footnotes":""},"class_list":["post-537","page","type-page","status-publish","hentry"],"yoast_head":"<!-- This site is optimized with the Yoast SEO plugin v27.5 - https:\/\/yoast.com\/product\/yoast-seo-wordpress\/ -->\n<title>Aviso legal - SMARMEC<\/title>\n<meta name=\"robots\" content=\"index, follow, max-snippet:-1, max-image-preview:large, max-video-preview:-1\" \/>\n<link rel=\"canonical\" href=\"https:\/\/www.smarmec.com\/es\/aviso-legal\/\" \/>\n<meta property=\"og:locale\" content=\"es_ES\" \/>\n<meta property=\"og:type\" content=\"article\" \/>\n<meta property=\"og:title\" content=\"Aviso legal - SMARMEC\" \/>\n<meta property=\"og:description\" content=\"[vc_row][vc_column][\/vc_column][\/vc_row][vc_row dfd_row_responsive_enable=\u00bbdfd-row-responsive-enable\u00bb responsive_styles=\u00bbmargin_left_tablet:20|margin_right_tablet:20|margin_left_mobile:20|margin_right_mobile:20&#8243;][vc_column][vc_column_text el_class=\u00bbtextAvisoPolit\u00bb]En cumplimiento del art\u00edculo 10 de la Ley 34\/2002, de 11 de julio, de Servicios de la Sociedad de la Informaci\u00f3n y Comercio Electr\u00f3nico, a continuaci\u00f3n se\" \/>\n<meta property=\"og:url\" content=\"https:\/\/www.smarmec.com\/es\/aviso-legal\/\" \/>\n<meta property=\"og:site_name\" content=\"SMARMEC\" \/>\n<meta property=\"article:modified_time\" content=\"2022-05-23T12:50:52+00:00\" \/>\n<meta name=\"twitter:card\" content=\"summary_large_image\" \/>\n<meta name=\"twitter:label1\" content=\"Tiempo de lectura\" \/>\n\t<meta name=\"twitter:data1\" content=\"7 minutos\" \/>\n<script type=\"application\/ld+json\" class=\"yoast-schema-graph\">{\"@context\":\"https:\\\/\\\/schema.org\",\"@graph\":[{\"@type\":\"WebPage\",\"@id\":\"https:\\\/\\\/www.smarmec.com\\\/es\\\/aviso-legal\\\/\",\"url\":\"https:\\\/\\\/www.smarmec.com\\\/es\\\/aviso-legal\\\/\",\"name\":\"Aviso legal - SMARMEC\",\"isPartOf\":{\"@id\":\"https:\\\/\\\/www.smarmec.com\\\/es\\\/#website\"},\"datePublished\":\"2021-12-30T14:26:13+00:00\",\"dateModified\":\"2022-05-23T12:50:52+00:00\",\"breadcrumb\":{\"@id\":\"https:\\\/\\\/www.smarmec.com\\\/es\\\/aviso-legal\\\/#breadcrumb\"},\"inLanguage\":\"es\",\"potentialAction\":[{\"@type\":\"ReadAction\",\"target\":[\"https:\\\/\\\/www.smarmec.com\\\/es\\\/aviso-legal\\\/\"]}]},{\"@type\":\"BreadcrumbList\",\"@id\":\"https:\\\/\\\/www.smarmec.com\\\/es\\\/aviso-legal\\\/#breadcrumb\",\"itemListElement\":[{\"@type\":\"ListItem\",\"position\":1,\"name\":\"Portada\",\"item\":\"https:\\\/\\\/www.smarmec.com\\\/es\\\/\"},{\"@type\":\"ListItem\",\"position\":2,\"name\":\"Aviso legal\"}]},{\"@type\":\"WebSite\",\"@id\":\"https:\\\/\\\/www.smarmec.com\\\/es\\\/#website\",\"url\":\"https:\\\/\\\/www.smarmec.com\\\/es\\\/\",\"name\":\"SMARMEC\",\"description\":\"Design &amp; Manufacturing Ideas\",\"potentialAction\":[{\"@type\":\"SearchAction\",\"target\":{\"@type\":\"EntryPoint\",\"urlTemplate\":\"https:\\\/\\\/www.smarmec.com\\\/es\\\/?s={search_term_string}\"},\"query-input\":{\"@type\":\"PropertyValueSpecification\",\"valueRequired\":true,\"valueName\":\"search_term_string\"}}],\"inLanguage\":\"es\"}]}<\/script>\n<!-- \/ Yoast SEO plugin. -->","yoast_head_json":{"title":"Aviso legal - SMARMEC","robots":{"index":"index","follow":"follow","max-snippet":"max-snippet:-1","max-image-preview":"max-image-preview:large","max-video-preview":"max-video-preview:-1"},"canonical":"https:\/\/www.smarmec.com\/es\/aviso-legal\/","og_locale":"es_ES","og_type":"article","og_title":"Aviso legal - SMARMEC","og_description":"[vc_row][vc_column][\/vc_column][\/vc_row][vc_row dfd_row_responsive_enable=\u00bbdfd-row-responsive-enable\u00bb responsive_styles=\u00bbmargin_left_tablet:20|margin_right_tablet:20|margin_left_mobile:20|margin_right_mobile:20&#8243;][vc_column][vc_column_text el_class=\u00bbtextAvisoPolit\u00bb]En cumplimiento del art\u00edculo 10 de la Ley 34\/2002, de 11 de julio, de Servicios de la Sociedad de la Informaci\u00f3n y Comercio Electr\u00f3nico, a continuaci\u00f3n se","og_url":"https:\/\/www.smarmec.com\/es\/aviso-legal\/","og_site_name":"SMARMEC","article_modified_time":"2022-05-23T12:50:52+00:00","twitter_card":"summary_large_image","twitter_misc":{"Tiempo de lectura":"7 minutos"},"schema":{"@context":"https:\/\/schema.org","@graph":[{"@type":"WebPage","@id":"https:\/\/www.smarmec.com\/es\/aviso-legal\/","url":"https:\/\/www.smarmec.com\/es\/aviso-legal\/","name":"Aviso legal - SMARMEC","isPartOf":{"@id":"https:\/\/www.smarmec.com\/es\/#website"},"datePublished":"2021-12-30T14:26:13+00:00","dateModified":"2022-05-23T12:50:52+00:00","breadcrumb":{"@id":"https:\/\/www.smarmec.com\/es\/aviso-legal\/#breadcrumb"},"inLanguage":"es","potentialAction":[{"@type":"ReadAction","target":["https:\/\/www.smarmec.com\/es\/aviso-legal\/"]}]},{"@type":"BreadcrumbList","@id":"https:\/\/www.smarmec.com\/es\/aviso-legal\/#breadcrumb","itemListElement":[{"@type":"ListItem","position":1,"name":"Portada","item":"https:\/\/www.smarmec.com\/es\/"},{"@type":"ListItem","position":2,"name":"Aviso legal"}]},{"@type":"WebSite","@id":"https:\/\/www.smarmec.com\/es\/#website","url":"https:\/\/www.smarmec.com\/es\/","name":"SMARMEC","description":"Design &amp; Manufacturing Ideas","potentialAction":[{"@type":"SearchAction","target":{"@type":"EntryPoint","urlTemplate":"https:\/\/www.smarmec.com\/es\/?s={search_term_string}"},"query-input":{"@type":"PropertyValueSpecification","valueRequired":true,"valueName":"search_term_string"}}],"inLanguage":"es"}]}},"jetpack_sharing_enabled":true,"_links":{"self":[{"href":"https:\/\/www.smarmec.com\/es\/wp-json\/wp\/v2\/pages\/537","targetHints":{"allow":["GET"]}}],"collection":[{"href":"https:\/\/www.smarmec.com\/es\/wp-json\/wp\/v2\/pages"}],"about":[{"href":"https:\/\/www.smarmec.com\/es\/wp-json\/wp\/v2\/types\/page"}],"author":[{"embeddable":true,"href":"https:\/\/www.smarmec.com\/es\/wp-json\/wp\/v2\/users\/2"}],"replies":[{"embeddable":true,"href":"https:\/\/www.smarmec.com\/es\/wp-json\/wp\/v2\/comments?post=537"}],"version-history":[{"count":5,"href":"https:\/\/www.smarmec.com\/es\/wp-json\/wp\/v2\/pages\/537\/revisions"}],"predecessor-version":[{"id":1160,"href":"https:\/\/www.smarmec.com\/es\/wp-json\/wp\/v2\/pages\/537\/revisions\/1160"}],"wp:attachment":[{"href":"https:\/\/www.smarmec.com\/es\/wp-json\/wp\/v2\/media?parent=537"}],"curies":[{"name":"wp","href":"https:\/\/api.w.org\/{rel}","templated":true}]}}