{"id":509,"date":"2021-12-30T11:56:37","date_gmt":"2021-12-30T11:56:37","guid":{"rendered":"https:\/\/www.smarmec.com\/?page_id=509"},"modified":"2023-02-09T09:50:20","modified_gmt":"2023-02-09T09:50:20","slug":"contacto","status":"publish","type":"page","link":"https:\/\/www.smarmec.com\/es\/contacto\/","title":{"rendered":"Contacto"},"content":{"rendered":"<div class=\"wpb-content-wrapper\"><p>[vc_row][vc_column]<div class=\"dfd-spacer-module\"  data-units=\"px\" data-wide_resolution=\"1280\" data-wide_size=\"100\" data-normal_resolution=\"1024\" data-normal_size=\"50\" data-tablet_resolution=\"800\" data-tablet_size=\"50\" data-mobile_resolution=\"480\" data-mobile_size=\"10\" style=\"height: 100px;\"><\/div>[\/vc_column][\/vc_row][vc_row force_equal_height_columns=\u00bbmain_row\u00bb align_content_vertically=\u00bb\u00bb mobile_destroy_equal_heights_resolution=\u00bb1024&#8243; el_class=\u00bbcontenedorFlex\u00bb mobile_destroy_equal_heights=\u00bbyes\u00bb][vc_column dfd_column_responsive_enable=\u00bbdfd-column-responsive-enable\u00bb offset=\u00bbvc_col-lg-4 vc_col-md-4 vc_hidden-md vc_hidden-sm vc_hidden-xs\u00bb col_shadow=\u00bbbox_shadow_enable:disable|shadow_horizontal:0|shadow_vertical:15|shadow_blur:50|shadow_spread:0|box_shadow_color:rgba(0%2C0%2C0%2C0.35)\u00bb col_shadow_hover=\u00bbbox_shadow_enable:disable|shadow_horizontal:0|shadow_vertical:15|shadow_blur:50|shadow_spread:0|box_shadow_color:rgba(0%2C0%2C0%2C0.35)\u00bb el_class=\u00bbposicionar1&#8243; responsive_styles=\u00bbpadding_left_desktop:20|padding_right_desktop:0|padding_top_tablet:50|padding_bottom_tablet:50|padding_left_tablet:20|padding_right_tablet:0&#8243; css=\u00bb.vc_custom_1640872426481{background-image: url(https:\/\/www.smarmec.com\/wp-content\/uploads\/2021\/12\/smarmec-contacto.jpg?id=518) !important;background-position: center !important;background-repeat: no-repeat !important;background-size: cover !important;}\u00bb][\/vc_column][vc_column dfd_column_responsive_enable=\u00bbdfd-column-responsive-enable\u00bb col_shadow=\u00bbbox_shadow_enable:disable|shadow_horizontal:0|shadow_vertical:15|shadow_blur:50|shadow_spread:0|box_shadow_color:rgba(0%2C0%2C0%2C0.35)\u00bb col_shadow_hover=\u00bbbox_shadow_enable:disable|shadow_horizontal:0|shadow_vertical:15|shadow_blur:50|shadow_spread:0|box_shadow_color:rgba(0%2C0%2C0%2C0.35)\u00bb offset=\u00bbvc_col-lg-8 vc_col-md-12&#8243; responsive_styles=\u00bbpadding_left_desktop:50|padding_right_desktop:50|padding_top_tablet:0|padding_bottom_tablet:40|padding_left_tablet:40|padding_right_tablet:40|padding_top_mobile:20|padding_bottom_mobile:40|padding_left_mobile:20|padding_right_mobile:20&#8243; el_class=\u00bbposicionar2&#8243; css=\u00bb.vc_custom_1640873808282{padding-right: 50px !important;padding-left: 50px !important;}\u00bb]<div class=\"dfd-spacer-module\"  data-units=\"px\" data-wide_resolution=\"1280\" data-wide_size=\"30\" data-normal_resolution=\"1024\" data-normal_size=\"30\" data-tablet_resolution=\"800\" data-tablet_size=\"30\" data-mobile_resolution=\"480\" data-mobile_size=\"0\" style=\"height: 30px;\"><\/div><div class=\"dfd-heading-shortcode\"><div class=\"dfd-heading-module-wrap  text-left style_01 cr-animate-gen dfd-heading-69f5376ea9e42 dfd-disable-resposive-headings\" id=\"dfd-heading-69f5376ea9e42\" data-animate-type = \"transition.fadeIn\" ><div class=\"inline-block\"><div class=\"dfd-heading-module\"><h2 class=\"widget-title dfd-title \" style=\"font-size: 35px; line-height: 38px; \">\u00bfPodemos Ayudarte?<\/h2><\/div><\/div><\/div><script type=\"text\/javascript\">\r\n\t\t\t\t\t\t\t\t\t(function($) {\r\n\t\t\t\t\t\t\t\t\t\t$(\"head\").append(\"<style>.dfd-heading-69f5376ea9e42 .dfd-heading-module .widget-title {margin-bottom:10px;}.dfd-heading-69f5376ea9e42.dfd-heading-module-wrap .dfd-heading-module .dfd-heading-delimiter {margin-top:10px;margin-bottom:10px;}@media (max-width: 799px){.dfd-heading-69f5376ea9e42 .dfd-title{font-size: 23px !important;line-height: 26px !important;}}@media only screen and (max-width: 768px) {.dfd-heading-69f5376ea9e42 {text-align: center;}}<\/style>\");\r\n\t\t\t\t\t\t\t\t\t})(jQuery);\r\n\t\t\t\t\t\t\t\t<\/script><\/div><div class=\"dfd-spacer-module\"  data-units=\"px\" data-wide_resolution=\"1280\" data-wide_size=\"0\" data-normal_resolution=\"1024\" data-normal_size=\"0\" data-tablet_resolution=\"800\" data-tablet_size=\"0\" data-mobile_resolution=\"480\" data-mobile_size=\"10\" style=\"height: 0px;\"><\/div>\n<div class=\"wpcf7 no-js\" id=\"wpcf7-f508-o1\" lang=\"es-ES\" dir=\"ltr\" data-wpcf7-id=\"508\">\n<div class=\"screen-reader-response\"><p role=\"status\" aria-live=\"polite\" aria-atomic=\"true\"><\/p> <ul><\/ul><\/div>\n<form action=\"\/es\/wp-json\/wp\/v2\/pages\/509#wpcf7-f508-o1\" method=\"post\" class=\"wpcf7-form init\" aria-label=\"Formulario de contacto\" novalidate=\"novalidate\" data-status=\"init\">\n<fieldset class=\"hidden-fields-container\"><input type=\"hidden\" name=\"_wpcf7\" value=\"508\" \/><input type=\"hidden\" name=\"_wpcf7_version\" value=\"6.1.5\" \/><input type=\"hidden\" name=\"_wpcf7_locale\" value=\"es_ES\" \/><input type=\"hidden\" name=\"_wpcf7_unit_tag\" value=\"wpcf7-f508-o1\" \/><input type=\"hidden\" name=\"_wpcf7_container_post\" value=\"0\" \/><input type=\"hidden\" name=\"_wpcf7_posted_data_hash\" value=\"\" \/><input type=\"hidden\" name=\"_wpcf7_recaptcha_response\" value=\"\" \/>\n<\/fieldset>\n<div id=\"formHablamos\">\n\t<div style=\"float:left; width:100%;\">\n\t\t<div style=\"float:left; width:49%; margin-right:2%;\">\n\t\t\t<p><span class=\"wpcf7-form-control-wrap\" data-name=\"text-199\"><input size=\"40\" maxlength=\"400\" class=\"wpcf7-form-control wpcf7-text wpcf7-validates-as-required\" aria-required=\"true\" aria-invalid=\"false\" placeholder=\"Nombre\" value=\"\" type=\"text\" name=\"text-199\" \/><\/span>\n\t\t\t<\/p>\n\t\t<\/div>\n\t\t<div style=\"float:right; width:49%;\">\n\t\t\t<p><span class=\"wpcf7-form-control-wrap\" data-name=\"tel-67\"><input size=\"40\" maxlength=\"400\" class=\"wpcf7-form-control wpcf7-tel wpcf7-validates-as-required wpcf7-text wpcf7-validates-as-tel\" aria-required=\"true\" aria-invalid=\"false\" placeholder=\"Tel\u00e9fono\" value=\"\" type=\"tel\" name=\"tel-67\" \/><\/span>\n\t\t\t<\/p>\n\t\t<\/div>\n\t<\/div>\n\t<div style=\"float:left;width:100%;\">\n\t\t<p><span class=\"wpcf7-form-control-wrap\" data-name=\"email-281\"><input size=\"40\" maxlength=\"400\" class=\"wpcf7-form-control wpcf7-email wpcf7-validates-as-required wpcf7-text wpcf7-validates-as-email\" aria-required=\"true\" aria-invalid=\"false\" placeholder=\"Correo electr\u00f3nico\" value=\"\" type=\"email\" name=\"email-281\" \/><\/span>\n\t\t<\/p>\n\t<\/div>\n\t<div class=\"textAreaHablamos\" style=\"float:left;width:100%;\">\n\t\t<p><span class=\"wpcf7-form-control-wrap\" data-name=\"textarea-613\"><textarea cols=\"40\" rows=\"10\" maxlength=\"2000\" class=\"wpcf7-form-control wpcf7-textarea\" aria-invalid=\"false\" placeholder=\"Cu\u00e9ntanos en qu\u00e9 podemos ayudarte\" name=\"textarea-613\"><\/textarea><\/span>\n\t\t<\/p>\n\t<\/div>\n\t<div class=\"textFormPie\">\n\t\t<p>Los datos recogidos en este sitio web ser\u00e1n tratados por Smarmec para dar respuesta a su solicitud de informaci\u00f3n, recibir el cat\u00e1logo solicitado o informaci\u00f3n sobre los productos de su inter\u00e9s. Si desea suscribirse a nuestros boletines y comunicaciones comerciales podremos mantenerle actualizado respecto de los productos y servicios de Smarmec. Puede ejercer sus derechos mediante escrito dirigido a <a href='mailto:info@smarmec.com' style='text-decoration:underline'>info@smarmec.com<\/a>. Dispone de m\u00e1s informaci\u00f3n acerca de sus derechos y de los tratamientos con datos personales en la <a href='https:\/\/www.smarmec.com\/es\/politica-de-privacidad\/' style='text-decoration:underline'>pol\u00edtica de privacidad<\/a>.\n\t\t<\/p>\n\t\t<ul>\n\t\t\t<li class=\"acepPolitica\">\n\t\t\t\t<p><span class=\"wpcf7-form-control-wrap\" data-name=\"acepto-politica\"><span class=\"wpcf7-form-control wpcf7-acceptance\"><span class=\"wpcf7-list-item\"><label><input type=\"checkbox\" name=\"acepto-politica\" value=\"1\" aria-invalid=\"false\" \/><span class=\"wpcf7-list-item-label\"><span class=\"texto\">Confirmo que he le\u00eddo la <a href='https:\/\/www.smarmec.com\/es\/politica-de-privacidad\/' style='text-decoration:underline'>pol\u00edtica de privacidad<\/a>.<\/span><\/span><\/label><\/span><\/span><\/span>\n\t\t\t\t<\/p>\n\t\t\t<\/li>\n\t\t\t<li>\n\t\t\t\t<p><span class=\"wpcf7-form-control-wrap\" data-name=\"acepto-comunicacion\"><span class=\"wpcf7-form-control wpcf7-checkbox\"><span class=\"wpcf7-list-item first last\"><input type=\"checkbox\" name=\"acepto-comunicacion[]\" value=\"&nbsp;\" \/><span class=\"wpcf7-list-item-label\">&nbsp;<\/span><\/span><\/span><\/span><span class=\"texto\">Deseo recibir comunicaciones para mantenerme actualizado de los productos y servicios de Smarmec.<\/span>\n\t\t\t\t<\/p>\n\t\t\t<\/li>\n\t\t<\/ul>\n\t<\/div>\n<input class=\"wpcf7-form-control wpcf7-hidden\" value=\"\" type=\"hidden\" name=\"dimension\" \/>\n\t<div class=\"botFormul\">\n\t\t<p><input class=\"wpcf7-form-control wpcf7-submit has-spinner\" type=\"submit\" value=\"Enviar\" \/>\n\t\t<\/p>\n\t<\/div>\n<\/div><div class=\"wpcf7-response-output\" aria-hidden=\"true\"><\/div>\n<\/form>\n<\/div>\n<div class=\"dfd-spacer-module\"  data-units=\"px\" data-wide_resolution=\"1280\" data-wide_size=\"30\" data-normal_resolution=\"1024\" data-normal_size=\"30\" data-tablet_resolution=\"800\" data-tablet_size=\"0\" data-mobile_resolution=\"480\" data-mobile_size=\"0\" style=\"height: 30px;\"><\/div>[\/vc_column][\/vc_row][vc_row][vc_column]<div class=\"dfd-spacer-module\"  data-units=\"px\" data-wide_resolution=\"1280\" data-wide_size=\"100\" data-normal_resolution=\"1024\" data-normal_size=\"50\" data-tablet_resolution=\"800\" data-tablet_size=\"50\" data-mobile_resolution=\"480\" data-mobile_size=\"20\" style=\"height: 100px;\"><\/div>[\/vc_column][\/vc_row]<\/p>\n<\/div>","protected":false},"excerpt":{"rendered":"<p>[vc_row][vc_column][\/vc_column][\/vc_row][vc_row force_equal_height_columns=\u00bbmain_row\u00bb align_content_vertically=\u00bb\u00bb mobile_destroy_equal_heights_resolution=\u00bb1024&#8243; el_class=\u00bbcontenedorFlex\u00bb mobile_destroy_equal_heights=\u00bbyes\u00bb][vc_column dfd_column_responsive_enable=\u00bbdfd-column-responsive-enable\u00bb offset=\u00bbvc_col-lg-4 vc_col-md-4 vc_hidden-md vc_hidden-sm vc_hidden-xs\u00bb col_shadow=\u00bbbox_shadow_enable:disable|shadow_horizontal:0|shadow_vertical:15|shadow_blur:50|shadow_spread:0|box_shadow_color:rgba(0%2C0%2C0%2C0.35)\u00bb col_shadow_hover=\u00bbbox_shadow_enable:disable|shadow_horizontal:0|shadow_vertical:15|shadow_blur:50|shadow_spread:0|box_shadow_color:rgba(0%2C0%2C0%2C0.35)\u00bb el_class=\u00bbposicionar1&#8243; responsive_styles=\u00bbpadding_left_desktop:20|padding_right_desktop:0|padding_top_tablet:50|padding_bottom_tablet:50|padding_left_tablet:20|padding_right_tablet:0&#8243; css=\u00bb.vc_custom_1640872426481{background-image: url(https:\/\/www.smarmec.com\/wp-content\/uploads\/2021\/12\/smarmec-contacto.jpg?id=518) !important;background-position: center !important;background-repeat: no-repeat !important;background-size: cover !important;}\u00bb][\/vc_column][vc_column dfd_column_responsive_enable=\u00bbdfd-column-responsive-enable\u00bb col_shadow=\u00bbbox_shadow_enable:disable|shadow_horizontal:0|shadow_vertical:15|shadow_blur:50|shadow_spread:0|box_shadow_color:rgba(0%2C0%2C0%2C0.35)\u00bb col_shadow_hover=\u00bbbox_shadow_enable:disable|shadow_horizontal:0|shadow_vertical:15|shadow_blur:50|shadow_spread:0|box_shadow_color:rgba(0%2C0%2C0%2C0.35)\u00bb offset=\u00bbvc_col-lg-8 vc_col-md-12&#8243;<\/p>\n","protected":false},"author":2,"featured_media":0,"parent":0,"menu_order":0,"comment_status":"closed","ping_status":"closed","template":"page-custom-with-header.php","meta":{"inline_featured_image":false,"footnotes":""},"class_list":["post-509","page","type-page","status-publish","hentry"],"yoast_head":"<!-- This site is optimized with the Yoast SEO plugin v27.5 - https:\/\/yoast.com\/product\/yoast-seo-wordpress\/ -->\n<title>Contacto - SMARMEC<\/title>\n<meta name=\"robots\" content=\"index, follow, max-snippet:-1, max-image-preview:large, max-video-preview:-1\" \/>\n<link rel=\"canonical\" href=\"https:\/\/www.smarmec.com\/es\/contacto\/\" \/>\n<meta property=\"og:locale\" content=\"es_ES\" \/>\n<meta property=\"og:type\" content=\"article\" \/>\n<meta property=\"og:title\" content=\"Contacto - SMARMEC\" \/>\n<meta property=\"og:description\" content=\"[vc_row][vc_column][\/vc_column][\/vc_row][vc_row force_equal_height_columns=\u00bbmain_row\u00bb align_content_vertically=\u00bb\u00bb mobile_destroy_equal_heights_resolution=\u00bb1024&#8243; el_class=\u00bbcontenedorFlex\u00bb mobile_destroy_equal_heights=\u00bbyes\u00bb][vc_column dfd_column_responsive_enable=\u00bbdfd-column-responsive-enable\u00bb offset=\u00bbvc_col-lg-4 vc_col-md-4 vc_hidden-md vc_hidden-sm vc_hidden-xs\u00bb col_shadow=\u00bbbox_shadow_enable:disable|shadow_horizontal:0|shadow_vertical:15|shadow_blur:50|shadow_spread:0|box_shadow_color:rgba(0%2C0%2C0%2C0.35)\u00bb col_shadow_hover=\u00bbbox_shadow_enable:disable|shadow_horizontal:0|shadow_vertical:15|shadow_blur:50|shadow_spread:0|box_shadow_color:rgba(0%2C0%2C0%2C0.35)\u00bb el_class=\u00bbposicionar1&#8243; responsive_styles=\u00bbpadding_left_desktop:20|padding_right_desktop:0|padding_top_tablet:50|padding_bottom_tablet:50|padding_left_tablet:20|padding_right_tablet:0&#8243; css=\u00bb.vc_custom_1640872426481{background-image: url(https:\/\/www.smarmec.com\/wp-content\/uploads\/2021\/12\/smarmec-contacto.jpg?id=518) !important;background-position: center !important;background-repeat: no-repeat !important;background-size: cover !important;}\u00bb][\/vc_column][vc_column dfd_column_responsive_enable=\u00bbdfd-column-responsive-enable\u00bb col_shadow=\u00bbbox_shadow_enable:disable|shadow_horizontal:0|shadow_vertical:15|shadow_blur:50|shadow_spread:0|box_shadow_color:rgba(0%2C0%2C0%2C0.35)\u00bb col_shadow_hover=\u00bbbox_shadow_enable:disable|shadow_horizontal:0|shadow_vertical:15|shadow_blur:50|shadow_spread:0|box_shadow_color:rgba(0%2C0%2C0%2C0.35)\u00bb offset=\u00bbvc_col-lg-8 vc_col-md-12&#8243;\" \/>\n<meta property=\"og:url\" content=\"https:\/\/www.smarmec.com\/es\/contacto\/\" \/>\n<meta property=\"og:site_name\" content=\"SMARMEC\" \/>\n<meta property=\"article:modified_time\" content=\"2023-02-09T09:50:20+00:00\" \/>\n<meta name=\"twitter:card\" content=\"summary_large_image\" \/>\n<meta name=\"twitter:label1\" content=\"Tiempo de lectura\" \/>\n\t<meta name=\"twitter:data1\" content=\"1 minuto\" \/>\n<script type=\"application\/ld+json\" class=\"yoast-schema-graph\">{\"@context\":\"https:\\\/\\\/schema.org\",\"@graph\":[{\"@type\":\"WebPage\",\"@id\":\"https:\\\/\\\/www.smarmec.com\\\/es\\\/contacto\\\/\",\"url\":\"https:\\\/\\\/www.smarmec.com\\\/es\\\/contacto\\\/\",\"name\":\"Contacto - SMARMEC\",\"isPartOf\":{\"@id\":\"https:\\\/\\\/www.smarmec.com\\\/es\\\/#website\"},\"datePublished\":\"2021-12-30T11:56:37+00:00\",\"dateModified\":\"2023-02-09T09:50:20+00:00\",\"breadcrumb\":{\"@id\":\"https:\\\/\\\/www.smarmec.com\\\/es\\\/contacto\\\/#breadcrumb\"},\"inLanguage\":\"es\",\"potentialAction\":[{\"@type\":\"ReadAction\",\"target\":[\"https:\\\/\\\/www.smarmec.com\\\/es\\\/contacto\\\/\"]}]},{\"@type\":\"BreadcrumbList\",\"@id\":\"https:\\\/\\\/www.smarmec.com\\\/es\\\/contacto\\\/#breadcrumb\",\"itemListElement\":[{\"@type\":\"ListItem\",\"position\":1,\"name\":\"Portada\",\"item\":\"https:\\\/\\\/www.smarmec.com\\\/es\\\/\"},{\"@type\":\"ListItem\",\"position\":2,\"name\":\"Contacto\"}]},{\"@type\":\"WebSite\",\"@id\":\"https:\\\/\\\/www.smarmec.com\\\/es\\\/#website\",\"url\":\"https:\\\/\\\/www.smarmec.com\\\/es\\\/\",\"name\":\"SMARMEC\",\"description\":\"Design &amp; Manufacturing Ideas\",\"potentialAction\":[{\"@type\":\"SearchAction\",\"target\":{\"@type\":\"EntryPoint\",\"urlTemplate\":\"https:\\\/\\\/www.smarmec.com\\\/es\\\/?s={search_term_string}\"},\"query-input\":{\"@type\":\"PropertyValueSpecification\",\"valueRequired\":true,\"valueName\":\"search_term_string\"}}],\"inLanguage\":\"es\"}]}<\/script>\n<!-- \/ Yoast SEO plugin. -->","yoast_head_json":{"title":"Contacto - SMARMEC","robots":{"index":"index","follow":"follow","max-snippet":"max-snippet:-1","max-image-preview":"max-image-preview:large","max-video-preview":"max-video-preview:-1"},"canonical":"https:\/\/www.smarmec.com\/es\/contacto\/","og_locale":"es_ES","og_type":"article","og_title":"Contacto - SMARMEC","og_description":"[vc_row][vc_column][\/vc_column][\/vc_row][vc_row force_equal_height_columns=\u00bbmain_row\u00bb align_content_vertically=\u00bb\u00bb mobile_destroy_equal_heights_resolution=\u00bb1024&#8243; el_class=\u00bbcontenedorFlex\u00bb mobile_destroy_equal_heights=\u00bbyes\u00bb][vc_column dfd_column_responsive_enable=\u00bbdfd-column-responsive-enable\u00bb offset=\u00bbvc_col-lg-4 vc_col-md-4 vc_hidden-md vc_hidden-sm vc_hidden-xs\u00bb col_shadow=\u00bbbox_shadow_enable:disable|shadow_horizontal:0|shadow_vertical:15|shadow_blur:50|shadow_spread:0|box_shadow_color:rgba(0%2C0%2C0%2C0.35)\u00bb col_shadow_hover=\u00bbbox_shadow_enable:disable|shadow_horizontal:0|shadow_vertical:15|shadow_blur:50|shadow_spread:0|box_shadow_color:rgba(0%2C0%2C0%2C0.35)\u00bb el_class=\u00bbposicionar1&#8243; responsive_styles=\u00bbpadding_left_desktop:20|padding_right_desktop:0|padding_top_tablet:50|padding_bottom_tablet:50|padding_left_tablet:20|padding_right_tablet:0&#8243; css=\u00bb.vc_custom_1640872426481{background-image: url(https:\/\/www.smarmec.com\/wp-content\/uploads\/2021\/12\/smarmec-contacto.jpg?id=518) !important;background-position: center !important;background-repeat: no-repeat !important;background-size: cover !important;}\u00bb][\/vc_column][vc_column dfd_column_responsive_enable=\u00bbdfd-column-responsive-enable\u00bb col_shadow=\u00bbbox_shadow_enable:disable|shadow_horizontal:0|shadow_vertical:15|shadow_blur:50|shadow_spread:0|box_shadow_color:rgba(0%2C0%2C0%2C0.35)\u00bb col_shadow_hover=\u00bbbox_shadow_enable:disable|shadow_horizontal:0|shadow_vertical:15|shadow_blur:50|shadow_spread:0|box_shadow_color:rgba(0%2C0%2C0%2C0.35)\u00bb offset=\u00bbvc_col-lg-8 vc_col-md-12&#8243;","og_url":"https:\/\/www.smarmec.com\/es\/contacto\/","og_site_name":"SMARMEC","article_modified_time":"2023-02-09T09:50:20+00:00","twitter_card":"summary_large_image","twitter_misc":{"Tiempo de lectura":"1 minuto"},"schema":{"@context":"https:\/\/schema.org","@graph":[{"@type":"WebPage","@id":"https:\/\/www.smarmec.com\/es\/contacto\/","url":"https:\/\/www.smarmec.com\/es\/contacto\/","name":"Contacto - SMARMEC","isPartOf":{"@id":"https:\/\/www.smarmec.com\/es\/#website"},"datePublished":"2021-12-30T11:56:37+00:00","dateModified":"2023-02-09T09:50:20+00:00","breadcrumb":{"@id":"https:\/\/www.smarmec.com\/es\/contacto\/#breadcrumb"},"inLanguage":"es","potentialAction":[{"@type":"ReadAction","target":["https:\/\/www.smarmec.com\/es\/contacto\/"]}]},{"@type":"BreadcrumbList","@id":"https:\/\/www.smarmec.com\/es\/contacto\/#breadcrumb","itemListElement":[{"@type":"ListItem","position":1,"name":"Portada","item":"https:\/\/www.smarmec.com\/es\/"},{"@type":"ListItem","position":2,"name":"Contacto"}]},{"@type":"WebSite","@id":"https:\/\/www.smarmec.com\/es\/#website","url":"https:\/\/www.smarmec.com\/es\/","name":"SMARMEC","description":"Design &amp; Manufacturing Ideas","potentialAction":[{"@type":"SearchAction","target":{"@type":"EntryPoint","urlTemplate":"https:\/\/www.smarmec.com\/es\/?s={search_term_string}"},"query-input":{"@type":"PropertyValueSpecification","valueRequired":true,"valueName":"search_term_string"}}],"inLanguage":"es"}]}},"jetpack_sharing_enabled":true,"_links":{"self":[{"href":"https:\/\/www.smarmec.com\/es\/wp-json\/wp\/v2\/pages\/509","targetHints":{"allow":["GET"]}}],"collection":[{"href":"https:\/\/www.smarmec.com\/es\/wp-json\/wp\/v2\/pages"}],"about":[{"href":"https:\/\/www.smarmec.com\/es\/wp-json\/wp\/v2\/types\/page"}],"author":[{"embeddable":true,"href":"https:\/\/www.smarmec.com\/es\/wp-json\/wp\/v2\/users\/2"}],"replies":[{"embeddable":true,"href":"https:\/\/www.smarmec.com\/es\/wp-json\/wp\/v2\/comments?post=509"}],"version-history":[{"count":20,"href":"https:\/\/www.smarmec.com\/es\/wp-json\/wp\/v2\/pages\/509\/revisions"}],"predecessor-version":[{"id":2747,"href":"https:\/\/www.smarmec.com\/es\/wp-json\/wp\/v2\/pages\/509\/revisions\/2747"}],"wp:attachment":[{"href":"https:\/\/www.smarmec.com\/es\/wp-json\/wp\/v2\/media?parent=509"}],"curies":[{"name":"wp","href":"https:\/\/api.w.org\/{rel}","templated":true}]}}