{"id":449,"date":"2021-12-30T08:23:03","date_gmt":"2021-12-30T08:23:03","guid":{"rendered":"https:\/\/www.smarmec.com\/?page_id=449"},"modified":"2022-05-23T12:50:52","modified_gmt":"2022-05-23T12:50:52","slug":"calidad","status":"publish","type":"page","link":"https:\/\/www.smarmec.com\/es\/calidad\/","title":{"rendered":"Calidad"},"content":{"rendered":"<div class=\"wpb-content-wrapper\"><p>[vc_row][vc_column]<div class=\"dfd-spacer-module\"  data-units=\"px\" data-wide_resolution=\"1280\" data-wide_size=\"100\" data-normal_resolution=\"1024\" data-normal_size=\"50\" data-tablet_resolution=\"800\" data-tablet_size=\"50\" data-mobile_resolution=\"480\" data-mobile_size=\"10\" style=\"height: 100px;\"><\/div>[\/vc_column][\/vc_row][vc_row el_class=\u00bbcontenedorFlex\u00bb][vc_column dfd_column_responsive_enable=\u00bbdfd-column-responsive-enable\u00bb css=\u00bb.vc_custom_1649323219437{padding-right: 50px !important;}\u00bb col_shadow=\u00bbbox_shadow_enable:disable|shadow_horizontal:0|shadow_vertical:15|shadow_blur:50|shadow_spread:0|box_shadow_color:rgba(0%2C0%2C0%2C0.35)\u00bb col_shadow_hover=\u00bbbox_shadow_enable:disable|shadow_horizontal:0|shadow_vertical:15|shadow_blur:50|shadow_spread:0|box_shadow_color:rgba(0%2C0%2C0%2C0.35)\u00bb offset=\u00bbvc_col-lg-6 vc_col-md-7&#8243; responsive_styles=\u00bbmargin_bottom_desktop:0|padding_bottom_desktop:0|padding_right_desktop:50|padding_top_tablet:0|padding_bottom_tablet:40|padding_left_tablet:40|padding_right_tablet:40|padding_top_mobile:20|padding_bottom_mobile:40|padding_left_mobile:20|padding_right_mobile:20&#8243; el_class=\u00bbposicionar2&#8243;]<div class=\"dfd-heading-shortcode\"><div class=\"dfd-heading-module-wrap  text-left style_01 cr-animate-gen dfd-heading-69f4cbae15b89 dfd-disable-resposive-headings\" id=\"dfd-heading-69f4cbae15b89\" data-animate-type = \"transition.fadeIn\" ><div class=\"inline-block\"><div class=\"dfd-heading-module\"><h2 class=\"widget-title dfd-title \" style=\"font-size: 27px; line-height: 30px; \"><strong>Smarmec<\/strong>, a lo largo de su trayectoria se ha ganado entre sus clientes una s\u00f3lida reputaci\u00f3n como organizaci\u00f3n puntera en la calidad de producto y servicio<\/h2><\/div><\/div><\/div><script type=\"text\/javascript\">\r\n\t\t\t\t\t\t\t\t\t(function($) {\r\n\t\t\t\t\t\t\t\t\t\t$(\"head\").append(\"<style>.dfd-heading-69f4cbae15b89 .dfd-heading-module .widget-title {margin-bottom:10px;}.dfd-heading-69f4cbae15b89.dfd-heading-module-wrap .dfd-heading-module .dfd-heading-delimiter {margin-top:10px;margin-bottom:10px;}@media (max-width: 799px){.dfd-heading-69f4cbae15b89 .dfd-title{font-size: 23px !important;line-height: 26px !important;}}@media only screen and (max-width: 768px) {.dfd-heading-69f4cbae15b89 {text-align: center;}}<\/style>\");\r\n\t\t\t\t\t\t\t\t\t})(jQuery);\r\n\t\t\t\t\t\t\t\t<\/script><\/div><div class=\"dfd-spacer-module\"  data-units=\"px\" data-wide_resolution=\"1280\" data-wide_size=\"20\" data-normal_resolution=\"1024\" data-normal_size=\"15\" data-tablet_resolution=\"800\" data-tablet_size=\"10\" data-mobile_resolution=\"480\" data-mobile_size=\"10\" style=\"height: 20px;\"><\/div>[vc_column_text]Esta reputaci\u00f3n es un reflejo de la continua evoluci\u00f3n que ha experimentado nuestro sistema de gesti\u00f3n de la calidad, que nos ha llevado a ser pioneros en integrar la\u00a0Calidad Total como un valor estrat\u00e9gico\u00a0esencial de nuestros procesos de gesti\u00f3n.[\/vc_column_text]<div class=\"dfd-spacer-module\"  data-units=\"px\" data-wide_resolution=\"1280\" data-wide_size=\"15\" data-normal_resolution=\"1024\" data-normal_size=\"15\" data-tablet_resolution=\"800\" data-tablet_size=\"15\" data-mobile_resolution=\"480\" data-mobile_size=\"15\" style=\"height: 15px;\"><\/div>[vc_column_text]El \u00e9xito de nuestros proyectos reside en la\u00a0<strong>flexibilidad<\/strong>, <strong>cercan\u00eda <\/strong>y <strong>honestidad<\/strong>\u00a0con el cliente, siendo todo ello consecuencia de una continua comunicaci\u00f3n entre todas las partes implicadas en el proyecto.[\/vc_column_text]<div class=\"dfd-spacer-module\"  data-units=\"px\" data-wide_resolution=\"1280\" data-wide_size=\"15\" data-normal_resolution=\"1024\" data-normal_size=\"15\" data-tablet_resolution=\"800\" data-tablet_size=\"15\" data-mobile_resolution=\"480\" data-mobile_size=\"15\" style=\"height: 15px;\"><\/div>[vc_column_text]<strong>Smarmec<\/strong>\u00a0posee un personal altamente cualificado y experimentado para dar servicio al control y gesti\u00f3n de la calidad de los diversos procesos productivos internos y subcontratados.[\/vc_column_text][\/vc_column][vc_column dfd_column_responsive_enable=\u00bbdfd-column-responsive-enable\u00bb offset=\u00bbvc_col-lg-6 vc_col-md-5&#8243; col_shadow=\u00bbbox_shadow_enable:disable|shadow_horizontal:0|shadow_vertical:15|shadow_blur:50|shadow_spread:0|box_shadow_color:rgba(0%2C0%2C0%2C0.35)\u00bb col_shadow_hover=\u00bbbox_shadow_enable:disable|shadow_horizontal:0|shadow_vertical:15|shadow_blur:50|shadow_spread:0|box_shadow_color:rgba(0%2C0%2C0%2C0.35)\u00bb el_class=\u00bbposicionar1&#8243; responsive_styles=\u00bbpadding_left_desktop:0|padding_right_desktop:20|padding_top_tablet:50|padding_bottom_tablet:50|padding_left_tablet:0|padding_right_tablet:20&#8243;][vc_single_image image=\u00bb454&#8243; img_size=\u00bbfull\u00bb alignment=\u00bbcenter\u00bb]<div class=\"dfd-spacer-module\"  data-units=\"px\" data-wide_resolution=\"1280\" data-wide_size=\"0\" data-normal_resolution=\"1024\" data-normal_size=\"0\" data-tablet_resolution=\"800\" data-tablet_size=\"30\" data-mobile_resolution=\"480\" data-mobile_size=\"30\" style=\"height: 0px;\"><\/div>[\/vc_column][\/vc_row][vc_row][vc_column]<div class=\"dfd-spacer-module\"  data-units=\"px\" data-wide_resolution=\"1280\" data-wide_size=\"100\" data-normal_resolution=\"1024\" data-normal_size=\"50\" data-tablet_resolution=\"800\" data-tablet_size=\"50\" data-mobile_resolution=\"480\" data-mobile_size=\"20\" style=\"height: 100px;\"><\/div>[\/vc_column][\/vc_row]<\/p>\n<\/div>","protected":false},"excerpt":{"rendered":"<p>[vc_row][vc_column][\/vc_column][\/vc_row][vc_row el_class=\u00bbcontenedorFlex\u00bb][vc_column dfd_column_responsive_enable=\u00bbdfd-column-responsive-enable\u00bb css=\u00bb.vc_custom_1649323219437{padding-right: 50px !important;}\u00bb col_shadow=\u00bbbox_shadow_enable:disable|shadow_horizontal:0|shadow_vertical:15|shadow_blur:50|shadow_spread:0|box_shadow_color:rgba(0%2C0%2C0%2C0.35)\u00bb col_shadow_hover=\u00bbbox_shadow_enable:disable|shadow_horizontal:0|shadow_vertical:15|shadow_blur:50|shadow_spread:0|box_shadow_color:rgba(0%2C0%2C0%2C0.35)\u00bb offset=\u00bbvc_col-lg-6 vc_col-md-7&#8243; responsive_styles=\u00bbmargin_bottom_desktop:0|padding_bottom_desktop:0|padding_right_desktop:50|padding_top_tablet:0|padding_bottom_tablet:40|padding_left_tablet:40|padding_right_tablet:40|padding_top_mobile:20|padding_bottom_mobile:40|padding_left_mobile:20|padding_right_mobile:20&#8243; el_class=\u00bbposicionar2&#8243;][vc_column_text]Esta reputaci\u00f3n es un reflejo de la continua evoluci\u00f3n que ha experimentado nuestro sistema de gesti\u00f3n de la calidad,<\/p>\n","protected":false},"author":2,"featured_media":0,"parent":0,"menu_order":0,"comment_status":"closed","ping_status":"closed","template":"page-custom-with-header.php","meta":{"inline_featured_image":false,"footnotes":""},"class_list":["post-449","page","type-page","status-publish","hentry"],"yoast_head":"<!-- This site is optimized with the Yoast SEO plugin v27.5 - https:\/\/yoast.com\/product\/yoast-seo-wordpress\/ -->\n<title>Calidad - SMARMEC<\/title>\n<meta name=\"robots\" content=\"index, follow, max-snippet:-1, max-image-preview:large, max-video-preview:-1\" \/>\n<link rel=\"canonical\" href=\"https:\/\/www.smarmec.com\/es\/calidad\/\" \/>\n<meta property=\"og:locale\" content=\"es_ES\" \/>\n<meta property=\"og:type\" content=\"article\" \/>\n<meta property=\"og:title\" content=\"Calidad - SMARMEC\" \/>\n<meta property=\"og:description\" content=\"[vc_row][vc_column][\/vc_column][\/vc_row][vc_row el_class=\u00bbcontenedorFlex\u00bb][vc_column dfd_column_responsive_enable=\u00bbdfd-column-responsive-enable\u00bb css=\u00bb.vc_custom_1649323219437{padding-right: 50px !important;}\u00bb col_shadow=\u00bbbox_shadow_enable:disable|shadow_horizontal:0|shadow_vertical:15|shadow_blur:50|shadow_spread:0|box_shadow_color:rgba(0%2C0%2C0%2C0.35)\u00bb col_shadow_hover=\u00bbbox_shadow_enable:disable|shadow_horizontal:0|shadow_vertical:15|shadow_blur:50|shadow_spread:0|box_shadow_color:rgba(0%2C0%2C0%2C0.35)\u00bb offset=\u00bbvc_col-lg-6 vc_col-md-7&#8243; responsive_styles=\u00bbmargin_bottom_desktop:0|padding_bottom_desktop:0|padding_right_desktop:50|padding_top_tablet:0|padding_bottom_tablet:40|padding_left_tablet:40|padding_right_tablet:40|padding_top_mobile:20|padding_bottom_mobile:40|padding_left_mobile:20|padding_right_mobile:20&#8243; el_class=\u00bbposicionar2&#8243;][vc_column_text]Esta reputaci\u00f3n es un reflejo de la continua evoluci\u00f3n que ha experimentado nuestro sistema de gesti\u00f3n de la calidad,\" \/>\n<meta property=\"og:url\" content=\"https:\/\/www.smarmec.com\/es\/calidad\/\" \/>\n<meta property=\"og:site_name\" content=\"SMARMEC\" \/>\n<meta property=\"article:modified_time\" content=\"2022-05-23T12:50:52+00:00\" \/>\n<meta name=\"twitter:card\" content=\"summary_large_image\" \/>\n<meta name=\"twitter:label1\" content=\"Tiempo de lectura\" \/>\n\t<meta name=\"twitter:data1\" content=\"3 minutos\" \/>\n<script type=\"application\/ld+json\" class=\"yoast-schema-graph\">{\"@context\":\"https:\\\/\\\/schema.org\",\"@graph\":[{\"@type\":\"WebPage\",\"@id\":\"https:\\\/\\\/www.smarmec.com\\\/es\\\/calidad\\\/\",\"url\":\"https:\\\/\\\/www.smarmec.com\\\/es\\\/calidad\\\/\",\"name\":\"Calidad - SMARMEC\",\"isPartOf\":{\"@id\":\"https:\\\/\\\/www.smarmec.com\\\/es\\\/#website\"},\"datePublished\":\"2021-12-30T08:23:03+00:00\",\"dateModified\":\"2022-05-23T12:50:52+00:00\",\"breadcrumb\":{\"@id\":\"https:\\\/\\\/www.smarmec.com\\\/es\\\/calidad\\\/#breadcrumb\"},\"inLanguage\":\"es\",\"potentialAction\":[{\"@type\":\"ReadAction\",\"target\":[\"https:\\\/\\\/www.smarmec.com\\\/es\\\/calidad\\\/\"]}]},{\"@type\":\"BreadcrumbList\",\"@id\":\"https:\\\/\\\/www.smarmec.com\\\/es\\\/calidad\\\/#breadcrumb\",\"itemListElement\":[{\"@type\":\"ListItem\",\"position\":1,\"name\":\"Portada\",\"item\":\"https:\\\/\\\/www.smarmec.com\\\/es\\\/\"},{\"@type\":\"ListItem\",\"position\":2,\"name\":\"Calidad\"}]},{\"@type\":\"WebSite\",\"@id\":\"https:\\\/\\\/www.smarmec.com\\\/es\\\/#website\",\"url\":\"https:\\\/\\\/www.smarmec.com\\\/es\\\/\",\"name\":\"SMARMEC\",\"description\":\"Design &amp; Manufacturing Ideas\",\"potentialAction\":[{\"@type\":\"SearchAction\",\"target\":{\"@type\":\"EntryPoint\",\"urlTemplate\":\"https:\\\/\\\/www.smarmec.com\\\/es\\\/?s={search_term_string}\"},\"query-input\":{\"@type\":\"PropertyValueSpecification\",\"valueRequired\":true,\"valueName\":\"search_term_string\"}}],\"inLanguage\":\"es\"}]}<\/script>\n<!-- \/ Yoast SEO plugin. -->","yoast_head_json":{"title":"Calidad - SMARMEC","robots":{"index":"index","follow":"follow","max-snippet":"max-snippet:-1","max-image-preview":"max-image-preview:large","max-video-preview":"max-video-preview:-1"},"canonical":"https:\/\/www.smarmec.com\/es\/calidad\/","og_locale":"es_ES","og_type":"article","og_title":"Calidad - SMARMEC","og_description":"[vc_row][vc_column][\/vc_column][\/vc_row][vc_row el_class=\u00bbcontenedorFlex\u00bb][vc_column dfd_column_responsive_enable=\u00bbdfd-column-responsive-enable\u00bb css=\u00bb.vc_custom_1649323219437{padding-right: 50px !important;}\u00bb col_shadow=\u00bbbox_shadow_enable:disable|shadow_horizontal:0|shadow_vertical:15|shadow_blur:50|shadow_spread:0|box_shadow_color:rgba(0%2C0%2C0%2C0.35)\u00bb col_shadow_hover=\u00bbbox_shadow_enable:disable|shadow_horizontal:0|shadow_vertical:15|shadow_blur:50|shadow_spread:0|box_shadow_color:rgba(0%2C0%2C0%2C0.35)\u00bb offset=\u00bbvc_col-lg-6 vc_col-md-7&#8243; responsive_styles=\u00bbmargin_bottom_desktop:0|padding_bottom_desktop:0|padding_right_desktop:50|padding_top_tablet:0|padding_bottom_tablet:40|padding_left_tablet:40|padding_right_tablet:40|padding_top_mobile:20|padding_bottom_mobile:40|padding_left_mobile:20|padding_right_mobile:20&#8243; el_class=\u00bbposicionar2&#8243;][vc_column_text]Esta reputaci\u00f3n es un reflejo de la continua evoluci\u00f3n que ha experimentado nuestro sistema de gesti\u00f3n de la calidad,","og_url":"https:\/\/www.smarmec.com\/es\/calidad\/","og_site_name":"SMARMEC","article_modified_time":"2022-05-23T12:50:52+00:00","twitter_card":"summary_large_image","twitter_misc":{"Tiempo de lectura":"3 minutos"},"schema":{"@context":"https:\/\/schema.org","@graph":[{"@type":"WebPage","@id":"https:\/\/www.smarmec.com\/es\/calidad\/","url":"https:\/\/www.smarmec.com\/es\/calidad\/","name":"Calidad - SMARMEC","isPartOf":{"@id":"https:\/\/www.smarmec.com\/es\/#website"},"datePublished":"2021-12-30T08:23:03+00:00","dateModified":"2022-05-23T12:50:52+00:00","breadcrumb":{"@id":"https:\/\/www.smarmec.com\/es\/calidad\/#breadcrumb"},"inLanguage":"es","potentialAction":[{"@type":"ReadAction","target":["https:\/\/www.smarmec.com\/es\/calidad\/"]}]},{"@type":"BreadcrumbList","@id":"https:\/\/www.smarmec.com\/es\/calidad\/#breadcrumb","itemListElement":[{"@type":"ListItem","position":1,"name":"Portada","item":"https:\/\/www.smarmec.com\/es\/"},{"@type":"ListItem","position":2,"name":"Calidad"}]},{"@type":"WebSite","@id":"https:\/\/www.smarmec.com\/es\/#website","url":"https:\/\/www.smarmec.com\/es\/","name":"SMARMEC","description":"Design &amp; Manufacturing Ideas","potentialAction":[{"@type":"SearchAction","target":{"@type":"EntryPoint","urlTemplate":"https:\/\/www.smarmec.com\/es\/?s={search_term_string}"},"query-input":{"@type":"PropertyValueSpecification","valueRequired":true,"valueName":"search_term_string"}}],"inLanguage":"es"}]}},"jetpack_sharing_enabled":true,"_links":{"self":[{"href":"https:\/\/www.smarmec.com\/es\/wp-json\/wp\/v2\/pages\/449","targetHints":{"allow":["GET"]}}],"collection":[{"href":"https:\/\/www.smarmec.com\/es\/wp-json\/wp\/v2\/pages"}],"about":[{"href":"https:\/\/www.smarmec.com\/es\/wp-json\/wp\/v2\/types\/page"}],"author":[{"embeddable":true,"href":"https:\/\/www.smarmec.com\/es\/wp-json\/wp\/v2\/users\/2"}],"replies":[{"embeddable":true,"href":"https:\/\/www.smarmec.com\/es\/wp-json\/wp\/v2\/comments?post=449"}],"version-history":[{"count":4,"href":"https:\/\/www.smarmec.com\/es\/wp-json\/wp\/v2\/pages\/449\/revisions"}],"predecessor-version":[{"id":1134,"href":"https:\/\/www.smarmec.com\/es\/wp-json\/wp\/v2\/pages\/449\/revisions\/1134"}],"wp:attachment":[{"href":"https:\/\/www.smarmec.com\/es\/wp-json\/wp\/v2\/media?parent=449"}],"curies":[{"name":"wp","href":"https:\/\/api.w.org\/{rel}","templated":true}]}}