{"id":240,"date":"2021-12-28T12:58:20","date_gmt":"2021-12-28T12:58:20","guid":{"rendered":"https:\/\/www.smarmec.com\/?page_id=240"},"modified":"2023-02-28T13:53:16","modified_gmt":"2023-02-28T13:53:16","slug":"sectores","status":"publish","type":"page","link":"https:\/\/www.smarmec.com\/es\/sectores\/","title":{"rendered":"Sectores"},"content":{"rendered":"<div class=\"wpb-content-wrapper\"><p>[vc_row][vc_column]<div class=\"dfd-spacer-module\"  data-units=\"px\" data-wide_resolution=\"1280\" data-wide_size=\"100\" data-normal_resolution=\"1024\" data-normal_size=\"50\" data-tablet_resolution=\"800\" data-tablet_size=\"50\" data-mobile_resolution=\"480\" data-mobile_size=\"10\" style=\"height: 100px;\"><\/div>[\/vc_column][\/vc_row][vc_row el_class=\u00bbcontenedorFlex\u00bb][vc_column dfd_column_responsive_enable=\u00bbdfd-column-responsive-enable\u00bb css=\u00bb.vc_custom_1640699766546{padding-right: 50px !important;padding-left: 20px !important;}\u00bb col_shadow=\u00bbbox_shadow_enable:disable|shadow_horizontal:0|shadow_vertical:15|shadow_blur:50|shadow_spread:0|box_shadow_color:rgba(0%2C0%2C0%2C0.35)\u00bb col_shadow_hover=\u00bbbox_shadow_enable:disable|shadow_horizontal:0|shadow_vertical:15|shadow_blur:50|shadow_spread:0|box_shadow_color:rgba(0%2C0%2C0%2C0.35)\u00bb offset=\u00bbvc_col-lg-5 vc_col-md-7&#8243; responsive_styles=\u00bbmargin_bottom_desktop:0|padding_bottom_desktop:0|padding_left_desktop:20|padding_right_desktop:50|padding_top_tablet:0|padding_bottom_tablet:40|padding_left_tablet:40|padding_right_tablet:40|padding_top_mobile:20|padding_bottom_mobile:40|padding_left_mobile:20|padding_right_mobile:20&#8243; el_class=\u00bbposicionar2&#8243;]<div class=\"dfd-heading-shortcode\"><div class=\"dfd-heading-module-wrap  text-left style_01 cr-animate-gen dfd-heading-69e5db66daba3 dfd-disable-resposive-headings\" id=\"dfd-heading-69e5db66daba3\" data-animate-type = \"transition.fadeIn\" ><div class=\"inline-block\"><div class=\"dfd-heading-module\"><h2 class=\"widget-title dfd-title \" style=\"font-size: 27px; line-height: 30px; \"><strong>Smarmec <\/strong>cuenta con una dilatada experiencia en diversos sectores como impresi\u00f3n, defensa, energ\u00eda, electro-medicina, aut\u00f3matas de venta, aeron\u00e1utica y bienes de equipo, donde acumulamos una amplia variedad de proyectos y a\u00f1os de experiencia<\/h2><div class=\"dfd-heading-delimiter\"><\/div><\/div><\/div><\/div><script type=\"text\/javascript\">\r\n\t\t\t\t\t\t\t\t\t(function($) {\r\n\t\t\t\t\t\t\t\t\t\t$(\"head\").append(\"<style>.dfd-heading-69e5db66daba3.dfd-heading-module-wrap .dfd-heading-module .dfd-heading-delimiter {border-bottom-style:solid;border-bottom-width:1px;width:100px;border-bottom-color:#dddddd;}.dfd-heading-69e5db66daba3 .dfd-heading-module .widget-title {margin-bottom:10px;}.dfd-heading-69e5db66daba3.dfd-heading-module-wrap .dfd-heading-module .dfd-heading-delimiter {margin-top:20px;margin-bottom:20px;}@media (max-width: 799px){.dfd-heading-69e5db66daba3 .dfd-title{font-size: 23px !important;line-height: 26px !important;}}@media only screen and (max-width: 768px) {.dfd-heading-69e5db66daba3 {text-align: center;}}<\/style>\");\r\n\t\t\t\t\t\t\t\t\t})(jQuery);\r\n\t\t\t\t\t\t\t\t<\/script><\/div><div class=\"dfd-spacer-module\"  data-units=\"px\" data-wide_resolution=\"1280\" data-wide_size=\"15\" data-normal_resolution=\"1024\" data-normal_size=\"15\" data-tablet_resolution=\"800\" data-tablet_size=\"15\" data-mobile_resolution=\"480\" data-mobile_size=\"0\" style=\"height: 15px;\"><\/div>[vc_column_text el_class=\u00bbtextCenter\u00bb]Nuestro profundo conocimiento del mercado nos permite abordar proyectos de alta complejidad, gestionando la fase de dise\u00f1o, el desarrollo de prototipos, la industrializaci\u00f3n de estos y la fabricaci\u00f3n seriada.[\/vc_column_text][\/vc_column][vc_column dfd_column_responsive_enable=\u00bbdfd-column-responsive-enable\u00bb offset=\u00bbvc_col-lg-7 vc_col-md-5 vc_hidden-sm vc_hidden-xs\u00bb col_shadow=\u00bbbox_shadow_enable:disable|shadow_horizontal:0|shadow_vertical:15|shadow_blur:50|shadow_spread:0|box_shadow_color:rgba(0%2C0%2C0%2C0.35)\u00bb col_shadow_hover=\u00bbbox_shadow_enable:disable|shadow_horizontal:0|shadow_vertical:15|shadow_blur:50|shadow_spread:0|box_shadow_color:rgba(0%2C0%2C0%2C0.35)\u00bb el_class=\u00bbposicionar1&#8243; responsive_styles=\u00bbpadding_left_desktop:0|padding_right_desktop:20|padding_top_tablet:50|padding_bottom_tablet:50|padding_left_tablet:0|padding_right_tablet:20&#8243;][vc_single_image image=\u00bb246&#8243; img_size=\u00bbfull\u00bb alignment=\u00bbcenter\u00bb css_animation=\u00bbfadeIn\u00bb][\/vc_column][\/vc_row][vc_row][vc_column]<div class=\"dfd-spacer-module\"  data-units=\"px\" data-wide_resolution=\"1280\" data-wide_size=\"20\" data-normal_resolution=\"1024\" data-normal_size=\"20\" data-tablet_resolution=\"800\" data-tablet_size=\"0\" data-mobile_resolution=\"480\" data-mobile_size=\"0\" style=\"height: 20px;\"><\/div>[\/vc_column][\/vc_row][vc_row][vc_column offset=\u00bbvc_col-lg-4 vc_col-md-4&#8243; col_shadow=\u00bbbox_shadow_enable:disable|shadow_horizontal:0|shadow_vertical:15|shadow_blur:50|shadow_spread:0|box_shadow_color:rgba(0%2C0%2C0%2C.35)\u00bb col_shadow_hover=\u00bbbox_shadow_enable:disable|shadow_horizontal:0|shadow_vertical:15|shadow_blur:50|shadow_spread:0|box_shadow_color:rgba(0%2C0%2C0%2C.35)\u00bb css=\u00bb.vc_custom_1677592232738{margin-bottom: 0px !important;padding-bottom: 0px !important;}\u00bb]<div class=\"dfd-info-banner style-10 botSectores opacity delimiter-hidden  dfd-image-blur text-center\" ><div class=\"image-wrap\"><div class=\"image-cover \"><img loading=\"lazy\" decoding=\"async\" src=\"https:\/\/www.smarmec.com\/wp-content\/uploads\/2022\/03\/smarmec-energia-1-600x250.jpg\" alt=\"Energ\u00eda\"  width=\"600\" height=\"250\" class=\"info-banner-image \" \/><\/div><div class=\"overlay\" style=\"background: linear-gradient(to bottom, rgba(0,0,0,0.5), rgba(0,0,0,0.5));\"><\/div><div class=\"title-wrap\"><h4 class=\"info-box-title \" style=\"\">Energ\u00eda y movilidad el\u00e9ctrica<\/h4><\/div><\/div><div class=\"content-wrap\"><\/div><a href=\"https:\/\/www.smarmec.com\/es\/sectores\/energia-y-movilidad-electrica\/\"  class=\"full-box-link\"><\/a><\/div>[\/vc_column][vc_column offset=\u00bbvc_col-lg-4 vc_col-md-4&#8243; col_shadow=\u00bbbox_shadow_enable:disable|shadow_horizontal:0|shadow_vertical:15|shadow_blur:50|shadow_spread:0|box_shadow_color:rgba(0%2C0%2C0%2C.35)\u00bb col_shadow_hover=\u00bbbox_shadow_enable:disable|shadow_horizontal:0|shadow_vertical:15|shadow_blur:50|shadow_spread:0|box_shadow_color:rgba(0%2C0%2C0%2C.35)\u00bb css=\u00bb.vc_custom_1677592244936{margin-bottom: 0px !important;padding-bottom: 0px !important;}\u00bb]<div class=\"dfd-info-banner style-10 botSectores opacity delimiter-hidden  dfd-image-blur text-center\" ><div class=\"image-wrap\"><div class=\"image-cover \"><img loading=\"lazy\" decoding=\"async\" src=\"https:\/\/www.smarmec.com\/wp-content\/uploads\/2021\/12\/smarmec-impresion-600x250.jpg\" alt=\"Smarmec: impresi\u00f3n\"  width=\"600\" height=\"250\" class=\"info-banner-image \" \/><\/div><div class=\"overlay\" style=\"background: linear-gradient(to bottom, rgba(0,0,0,0.5), rgba(0,0,0,0.5));\"><\/div><div class=\"title-wrap\"><h4 class=\"info-box-title \" style=\"\">Impresi\u00f3n<\/h4><\/div><\/div><div class=\"content-wrap\"><\/div><a href=\"https:\/\/www.smarmec.com\/es\/sectores\/impresion\/\"  class=\"full-box-link\"><\/a><\/div>[\/vc_column][vc_column offset=\u00bbvc_col-lg-4 vc_col-md-4&#8243; col_shadow=\u00bbbox_shadow_enable:disable|shadow_horizontal:0|shadow_vertical:15|shadow_blur:50|shadow_spread:0|box_shadow_color:rgba(0%2C0%2C0%2C.35)\u00bb col_shadow_hover=\u00bbbox_shadow_enable:disable|shadow_horizontal:0|shadow_vertical:15|shadow_blur:50|shadow_spread:0|box_shadow_color:rgba(0%2C0%2C0%2C.35)\u00bb css=\u00bb.vc_custom_1677592250770{margin-bottom: 0px !important;padding-bottom: 0px !important;}\u00bb]<div class=\"dfd-info-banner style-10 botSectores opacity delimiter-hidden  dfd-image-blur text-center\" ><div class=\"image-wrap\"><div class=\"image-cover \"><img loading=\"lazy\" decoding=\"async\" src=\"https:\/\/www.smarmec.com\/wp-content\/uploads\/2022\/03\/smarmec-automatas-de-venta-1-600x250.jpg\" alt=\"Aut\u00f3matas de venta\"  width=\"600\" height=\"250\" class=\"info-banner-image \" \/><\/div><div class=\"overlay\" style=\"background: linear-gradient(to bottom, rgba(0,0,0,0.5), rgba(0,0,0,0.5));\"><\/div><div class=\"title-wrap\"><h4 class=\"info-box-title \" style=\"\">Aut\u00f3matas de venta<\/h4><\/div><\/div><div class=\"content-wrap\"><\/div><a href=\"https:\/\/www.smarmec.com\/es\/sectores\/automatas-de-venta\/\"  class=\"full-box-link\"><\/a><\/div>[\/vc_column][\/vc_row][vc_row][vc_column offset=\u00bbvc_col-lg-4 vc_col-md-4&#8243; col_shadow=\u00bbbox_shadow_enable:disable|shadow_horizontal:0|shadow_vertical:15|shadow_blur:50|shadow_spread:0|box_shadow_color:rgba(0%2C0%2C0%2C.35)\u00bb col_shadow_hover=\u00bbbox_shadow_enable:disable|shadow_horizontal:0|shadow_vertical:15|shadow_blur:50|shadow_spread:0|box_shadow_color:rgba(0%2C0%2C0%2C.35)\u00bb css=\u00bb.vc_custom_1677592257114{margin-bottom: 0px !important;padding-bottom: 0px !important;}\u00bb]<div class=\"dfd-info-banner style-10 botSectores opacity delimiter-hidden  dfd-image-blur text-center\" ><div class=\"image-wrap\"><div class=\"image-cover \"><img loading=\"lazy\" decoding=\"async\" src=\"https:\/\/www.smarmec.com\/wp-content\/uploads\/2023\/02\/smarmec-control-de-accesos-1-600x250.jpg\" alt=\"Control de accesos\"  width=\"600\" height=\"250\" class=\"info-banner-image \" \/><\/div><div class=\"overlay\" style=\"background: linear-gradient(to bottom, rgba(0,0,0,0.5), rgba(0,0,0,0.5));\"><\/div><div class=\"title-wrap\"><h4 class=\"info-box-title \" style=\"\">Control de accesos<\/h4><\/div><\/div><div class=\"content-wrap\"><\/div><a href=\"https:\/\/www.smarmec.com\/es\/sectores\/control-de-accesos\/\"  class=\"full-box-link\"><\/a><\/div>[\/vc_column][vc_column offset=\u00bbvc_col-lg-4 vc_col-md-4&#8243; col_shadow=\u00bbbox_shadow_enable:disable|shadow_horizontal:0|shadow_vertical:15|shadow_blur:50|shadow_spread:0|box_shadow_color:rgba(0%2C0%2C0%2C.35)\u00bb col_shadow_hover=\u00bbbox_shadow_enable:disable|shadow_horizontal:0|shadow_vertical:15|shadow_blur:50|shadow_spread:0|box_shadow_color:rgba(0%2C0%2C0%2C.35)\u00bb css=\u00bb.vc_custom_1677592262781{margin-bottom: 0px !important;padding-bottom: 0px !important;}\u00bb]<div class=\"dfd-info-banner style-10 botSectores opacity delimiter-hidden  dfd-image-blur text-center\" ><div class=\"image-wrap\"><div class=\"image-cover \"><img loading=\"lazy\" decoding=\"async\" src=\"https:\/\/www.smarmec.com\/wp-content\/uploads\/2023\/02\/smarmec-maquinaria-industrial-1-600x250.jpg\" alt=\"Maquinaria industrial\"  width=\"600\" height=\"250\" class=\"info-banner-image \" \/><\/div><div class=\"overlay\" style=\"background: linear-gradient(to bottom, rgba(0,0,0,0.5), rgba(0,0,0,0.5));\"><\/div><div class=\"title-wrap\"><h4 class=\"info-box-title \" style=\"\">Equipamiento industrial<\/h4><\/div><\/div><div class=\"content-wrap\"><\/div><a href=\"https:\/\/www.smarmec.com\/es\/sectores\/equipamiento-industrial\/\"  class=\"full-box-link\"><\/a><\/div>[\/vc_column][vc_column offset=\u00bbvc_col-lg-4 vc_col-md-4&#8243; col_shadow=\u00bbbox_shadow_enable:disable|shadow_horizontal:0|shadow_vertical:15|shadow_blur:50|shadow_spread:0|box_shadow_color:rgba(0%2C0%2C0%2C.35)\u00bb col_shadow_hover=\u00bbbox_shadow_enable:disable|shadow_horizontal:0|shadow_vertical:15|shadow_blur:50|shadow_spread:0|box_shadow_color:rgba(0%2C0%2C0%2C.35)\u00bb css=\u00bb.vc_custom_1677592268379{margin-bottom: 0px !important;padding-bottom: 0px !important;}\u00bb]<div class=\"dfd-info-banner style-10 botSectores opacity delimiter-hidden  dfd-image-blur text-center\" ><div class=\"image-wrap\"><div class=\"image-cover \"><img loading=\"lazy\" decoding=\"async\" src=\"https:\/\/www.smarmec.com\/wp-content\/uploads\/2022\/03\/smarmec-electro-medicina-1-600x250.jpg\" alt=\"Electro-medicina\"  width=\"600\" height=\"250\" class=\"info-banner-image \" \/><\/div><div class=\"overlay\" style=\"background: linear-gradient(to bottom, rgba(0,0,0,0.5), rgba(0,0,0,0.5));\"><\/div><div class=\"title-wrap\"><h4 class=\"info-box-title \" style=\"\">Equipos m\u00e9dicos<\/h4><\/div><\/div><div class=\"content-wrap\"><\/div><a href=\"https:\/\/www.smarmec.com\/es\/sectores\/equipos-medicos\/\"  class=\"full-box-link\"><\/a><\/div>[\/vc_column][\/vc_row][vc_row][vc_column offset=\u00bbvc_col-lg-4 vc_col-md-4&#8243; col_shadow=\u00bbbox_shadow_enable:disable|shadow_horizontal:0|shadow_vertical:15|shadow_blur:50|shadow_spread:0|box_shadow_color:rgba(0%2C0%2C0%2C.35)\u00bb col_shadow_hover=\u00bbbox_shadow_enable:disable|shadow_horizontal:0|shadow_vertical:15|shadow_blur:50|shadow_spread:0|box_shadow_color:rgba(0%2C0%2C0%2C.35)\u00bb css=\u00bb.vc_custom_1677592273711{margin-bottom: 0px !important;padding-bottom: 0px !important;}\u00bb]<div class=\"dfd-info-banner style-10 botSectores opacity delimiter-hidden  dfd-image-blur text-center\" ><div class=\"image-wrap\"><div class=\"image-cover \"><img loading=\"lazy\" decoding=\"async\" src=\"https:\/\/www.smarmec.com\/wp-content\/uploads\/2021\/12\/smarmec-defensa-600x250.jpg\" alt=\"Smarmec: Defensa\"  width=\"600\" height=\"250\" class=\"info-banner-image \" \/><\/div><div class=\"overlay\" style=\"background: linear-gradient(to bottom, rgba(0,0,0,0.5), rgba(0,0,0,0.5));\"><\/div><div class=\"title-wrap\"><h4 class=\"info-box-title \" style=\"\">Defensa<\/h4><\/div><\/div><div class=\"content-wrap\"><\/div><a href=\"https:\/\/www.smarmec.com\/es\/sectores\/defensa\/\"  class=\"full-box-link\"><\/a><\/div>[\/vc_column][\/vc_row][vc_row][vc_column]<div class=\"dfd-spacer-module\"  data-units=\"px\" data-wide_resolution=\"1280\" data-wide_size=\"100\" data-normal_resolution=\"1024\" data-normal_size=\"50\" data-tablet_resolution=\"800\" data-tablet_size=\"50\" data-mobile_resolution=\"480\" data-mobile_size=\"20\" style=\"height: 100px;\"><\/div>[\/vc_column][\/vc_row]<\/p>\n<\/div>","protected":false},"excerpt":{"rendered":"<p>[vc_row][vc_column][\/vc_column][\/vc_row][vc_row el_class=\u00bbcontenedorFlex\u00bb][vc_column dfd_column_responsive_enable=\u00bbdfd-column-responsive-enable\u00bb css=\u00bb.vc_custom_1640699766546{padding-right: 50px !important;padding-left: 20px !important;}\u00bb col_shadow=\u00bbbox_shadow_enable:disable|shadow_horizontal:0|shadow_vertical:15|shadow_blur:50|shadow_spread:0|box_shadow_color:rgba(0%2C0%2C0%2C0.35)\u00bb col_shadow_hover=\u00bbbox_shadow_enable:disable|shadow_horizontal:0|shadow_vertical:15|shadow_blur:50|shadow_spread:0|box_shadow_color:rgba(0%2C0%2C0%2C0.35)\u00bb offset=\u00bbvc_col-lg-5 vc_col-md-7&#8243; responsive_styles=\u00bbmargin_bottom_desktop:0|padding_bottom_desktop:0|padding_left_desktop:20|padding_right_desktop:50|padding_top_tablet:0|padding_bottom_tablet:40|padding_left_tablet:40|padding_right_tablet:40|padding_top_mobile:20|padding_bottom_mobile:40|padding_left_mobile:20|padding_right_mobile:20&#8243; el_class=\u00bbposicionar2&#8243;][vc_column_text el_class=\u00bbtextCenter\u00bb]Nuestro profundo conocimiento del mercado nos permite abordar proyectos de alta complejidad, gestionando la fase de<\/p>\n","protected":false},"author":2,"featured_media":0,"parent":0,"menu_order":0,"comment_status":"closed","ping_status":"closed","template":"page-custom-with-header.php","meta":{"inline_featured_image":false,"footnotes":""},"class_list":["post-240","page","type-page","status-publish","hentry"],"yoast_head":"<!-- This site is optimized with the Yoast SEO plugin v27.2 - https:\/\/yoast.com\/product\/yoast-seo-wordpress\/ -->\n<title>Sectores - SMARMEC<\/title>\n<meta name=\"robots\" content=\"index, follow, max-snippet:-1, max-image-preview:large, max-video-preview:-1\" \/>\n<link rel=\"canonical\" href=\"https:\/\/www.smarmec.com\/es\/sectores\/\" \/>\n<meta property=\"og:locale\" content=\"es_ES\" \/>\n<meta property=\"og:type\" content=\"article\" \/>\n<meta property=\"og:title\" content=\"Sectores - SMARMEC\" \/>\n<meta property=\"og:description\" content=\"[vc_row][vc_column][\/vc_column][\/vc_row][vc_row el_class=\u00bbcontenedorFlex\u00bb][vc_column dfd_column_responsive_enable=\u00bbdfd-column-responsive-enable\u00bb css=\u00bb.vc_custom_1640699766546{padding-right: 50px !important;padding-left: 20px !important;}\u00bb col_shadow=\u00bbbox_shadow_enable:disable|shadow_horizontal:0|shadow_vertical:15|shadow_blur:50|shadow_spread:0|box_shadow_color:rgba(0%2C0%2C0%2C0.35)\u00bb col_shadow_hover=\u00bbbox_shadow_enable:disable|shadow_horizontal:0|shadow_vertical:15|shadow_blur:50|shadow_spread:0|box_shadow_color:rgba(0%2C0%2C0%2C0.35)\u00bb offset=\u00bbvc_col-lg-5 vc_col-md-7&#8243; responsive_styles=\u00bbmargin_bottom_desktop:0|padding_bottom_desktop:0|padding_left_desktop:20|padding_right_desktop:50|padding_top_tablet:0|padding_bottom_tablet:40|padding_left_tablet:40|padding_right_tablet:40|padding_top_mobile:20|padding_bottom_mobile:40|padding_left_mobile:20|padding_right_mobile:20&#8243; el_class=\u00bbposicionar2&#8243;][vc_column_text el_class=\u00bbtextCenter\u00bb]Nuestro profundo conocimiento del mercado nos permite abordar proyectos de alta complejidad, gestionando la fase de\" \/>\n<meta property=\"og:url\" content=\"https:\/\/www.smarmec.com\/es\/sectores\/\" \/>\n<meta property=\"og:site_name\" content=\"SMARMEC\" \/>\n<meta property=\"article:modified_time\" content=\"2023-02-28T13:53:16+00:00\" \/>\n<meta name=\"twitter:card\" content=\"summary_large_image\" \/>\n<meta name=\"twitter:label1\" content=\"Tiempo de lectura\" \/>\n\t<meta name=\"twitter:data1\" content=\"2 minutos\" \/>\n<script type=\"application\/ld+json\" class=\"yoast-schema-graph\">{\"@context\":\"https:\/\/schema.org\",\"@graph\":[{\"@type\":\"WebPage\",\"@id\":\"https:\/\/www.smarmec.com\/es\/sectores\/\",\"url\":\"https:\/\/www.smarmec.com\/es\/sectores\/\",\"name\":\"Sectores - SMARMEC\",\"isPartOf\":{\"@id\":\"https:\/\/www.smarmec.com\/es\/#website\"},\"datePublished\":\"2021-12-28T12:58:20+00:00\",\"dateModified\":\"2023-02-28T13:53:16+00:00\",\"breadcrumb\":{\"@id\":\"https:\/\/www.smarmec.com\/es\/sectores\/#breadcrumb\"},\"inLanguage\":\"es\",\"potentialAction\":[{\"@type\":\"ReadAction\",\"target\":[\"https:\/\/www.smarmec.com\/es\/sectores\/\"]}]},{\"@type\":\"BreadcrumbList\",\"@id\":\"https:\/\/www.smarmec.com\/es\/sectores\/#breadcrumb\",\"itemListElement\":[{\"@type\":\"ListItem\",\"position\":1,\"name\":\"Portada\",\"item\":\"https:\/\/www.smarmec.com\/es\/\"},{\"@type\":\"ListItem\",\"position\":2,\"name\":\"Sectores\"}]},{\"@type\":\"WebSite\",\"@id\":\"https:\/\/www.smarmec.com\/es\/#website\",\"url\":\"https:\/\/www.smarmec.com\/es\/\",\"name\":\"SMARMEC\",\"description\":\"Design &amp; Manufacturing Ideas\",\"potentialAction\":[{\"@type\":\"SearchAction\",\"target\":{\"@type\":\"EntryPoint\",\"urlTemplate\":\"https:\/\/www.smarmec.com\/es\/?s={search_term_string}\"},\"query-input\":{\"@type\":\"PropertyValueSpecification\",\"valueRequired\":true,\"valueName\":\"search_term_string\"}}],\"inLanguage\":\"es\"}]}<\/script>\n<!-- \/ Yoast SEO plugin. -->","yoast_head_json":{"title":"Sectores - SMARMEC","robots":{"index":"index","follow":"follow","max-snippet":"max-snippet:-1","max-image-preview":"max-image-preview:large","max-video-preview":"max-video-preview:-1"},"canonical":"https:\/\/www.smarmec.com\/es\/sectores\/","og_locale":"es_ES","og_type":"article","og_title":"Sectores - SMARMEC","og_description":"[vc_row][vc_column][\/vc_column][\/vc_row][vc_row el_class=\u00bbcontenedorFlex\u00bb][vc_column dfd_column_responsive_enable=\u00bbdfd-column-responsive-enable\u00bb css=\u00bb.vc_custom_1640699766546{padding-right: 50px !important;padding-left: 20px !important;}\u00bb col_shadow=\u00bbbox_shadow_enable:disable|shadow_horizontal:0|shadow_vertical:15|shadow_blur:50|shadow_spread:0|box_shadow_color:rgba(0%2C0%2C0%2C0.35)\u00bb col_shadow_hover=\u00bbbox_shadow_enable:disable|shadow_horizontal:0|shadow_vertical:15|shadow_blur:50|shadow_spread:0|box_shadow_color:rgba(0%2C0%2C0%2C0.35)\u00bb offset=\u00bbvc_col-lg-5 vc_col-md-7&#8243; responsive_styles=\u00bbmargin_bottom_desktop:0|padding_bottom_desktop:0|padding_left_desktop:20|padding_right_desktop:50|padding_top_tablet:0|padding_bottom_tablet:40|padding_left_tablet:40|padding_right_tablet:40|padding_top_mobile:20|padding_bottom_mobile:40|padding_left_mobile:20|padding_right_mobile:20&#8243; el_class=\u00bbposicionar2&#8243;][vc_column_text el_class=\u00bbtextCenter\u00bb]Nuestro profundo conocimiento del mercado nos permite abordar proyectos de alta complejidad, gestionando la fase de","og_url":"https:\/\/www.smarmec.com\/es\/sectores\/","og_site_name":"SMARMEC","article_modified_time":"2023-02-28T13:53:16+00:00","twitter_card":"summary_large_image","twitter_misc":{"Tiempo de lectura":"2 minutos"},"schema":{"@context":"https:\/\/schema.org","@graph":[{"@type":"WebPage","@id":"https:\/\/www.smarmec.com\/es\/sectores\/","url":"https:\/\/www.smarmec.com\/es\/sectores\/","name":"Sectores - SMARMEC","isPartOf":{"@id":"https:\/\/www.smarmec.com\/es\/#website"},"datePublished":"2021-12-28T12:58:20+00:00","dateModified":"2023-02-28T13:53:16+00:00","breadcrumb":{"@id":"https:\/\/www.smarmec.com\/es\/sectores\/#breadcrumb"},"inLanguage":"es","potentialAction":[{"@type":"ReadAction","target":["https:\/\/www.smarmec.com\/es\/sectores\/"]}]},{"@type":"BreadcrumbList","@id":"https:\/\/www.smarmec.com\/es\/sectores\/#breadcrumb","itemListElement":[{"@type":"ListItem","position":1,"name":"Portada","item":"https:\/\/www.smarmec.com\/es\/"},{"@type":"ListItem","position":2,"name":"Sectores"}]},{"@type":"WebSite","@id":"https:\/\/www.smarmec.com\/es\/#website","url":"https:\/\/www.smarmec.com\/es\/","name":"SMARMEC","description":"Design &amp; Manufacturing Ideas","potentialAction":[{"@type":"SearchAction","target":{"@type":"EntryPoint","urlTemplate":"https:\/\/www.smarmec.com\/es\/?s={search_term_string}"},"query-input":{"@type":"PropertyValueSpecification","valueRequired":true,"valueName":"search_term_string"}}],"inLanguage":"es"}]}},"jetpack_sharing_enabled":true,"_links":{"self":[{"href":"https:\/\/www.smarmec.com\/es\/wp-json\/wp\/v2\/pages\/240","targetHints":{"allow":["GET"]}}],"collection":[{"href":"https:\/\/www.smarmec.com\/es\/wp-json\/wp\/v2\/pages"}],"about":[{"href":"https:\/\/www.smarmec.com\/es\/wp-json\/wp\/v2\/types\/page"}],"author":[{"embeddable":true,"href":"https:\/\/www.smarmec.com\/es\/wp-json\/wp\/v2\/users\/2"}],"replies":[{"embeddable":true,"href":"https:\/\/www.smarmec.com\/es\/wp-json\/wp\/v2\/comments?post=240"}],"version-history":[{"count":65,"href":"https:\/\/www.smarmec.com\/es\/wp-json\/wp\/v2\/pages\/240\/revisions"}],"predecessor-version":[{"id":3202,"href":"https:\/\/www.smarmec.com\/es\/wp-json\/wp\/v2\/pages\/240\/revisions\/3202"}],"wp:attachment":[{"href":"https:\/\/www.smarmec.com\/es\/wp-json\/wp\/v2\/media?parent=240"}],"curies":[{"name":"wp","href":"https:\/\/api.w.org\/{rel}","templated":true}]}}