{"id":21,"date":"2021-12-27T08:58:54","date_gmt":"2021-12-27T08:58:54","guid":{"rendered":"https:\/\/www.smarmec.com\/?page_id=21"},"modified":"2022-05-23T12:50:52","modified_gmt":"2022-05-23T12:50:52","slug":"conocenos","status":"publish","type":"page","link":"https:\/\/www.smarmec.com\/es\/conocenos\/","title":{"rendered":"Con\u00f3cenos"},"content":{"rendered":"<div class=\"wpb-content-wrapper\"><p>[vc_row][vc_column]<div class=\"dfd-spacer-module\"  data-units=\"px\" data-wide_resolution=\"1280\" data-wide_size=\"80\" data-normal_resolution=\"1024\" data-normal_size=\"50\" data-tablet_resolution=\"800\" data-tablet_size=\"50\" data-mobile_resolution=\"480\" data-mobile_size=\"40\" style=\"height: 80px;\"><\/div><div class=\"dfd-heading-shortcode\"><div class=\"dfd-heading-module-wrap  text-center style_01 cr-animate-gen dfd-heading-69df40b84f836 dfd-disable-resposive-headings\" id=\"dfd-heading-69df40b84f836\" data-animate-type = \"transition.fadeIn\" ><div class=\"inline-block\"><div class=\"dfd-heading-module\"><h2 class=\"widget-title dfd-title \" style=\"font-family:Fira Sans; font-weight:400; font-style:normal; font-size: 25px; color: #7a7f84 !important; line-height: 28px; \"><strong>Smarmec <\/strong>es el fruto de la especializaci\u00f3n, la innovaci\u00f3n y el enfoque al cliente de m\u00e1s de 30 a\u00f1os de experiencia en el mundo de la calderer\u00eda fina e integraci\u00f3n, aunado a la capacidad de ingenier\u00eda, la dedicaci\u00f3n al cliente y la especializaci\u00f3n en series cortas y medias.<\/h2><\/div><\/div><\/div><script type=\"text\/javascript\">\r\n\t\t\t\t\t\t\t\t\t(function($) {\r\n\t\t\t\t\t\t\t\t\t\t$(\"head\").append(\"<style>.dfd-heading-69df40b84f836 .dfd-heading-module .widget-title {margin-bottom:10px;}.dfd-heading-69df40b84f836.dfd-heading-module-wrap .dfd-heading-module .dfd-heading-delimiter {margin-top:10px;margin-bottom:10px;}@media only screen and (max-width: 768px) {.dfd-heading-69df40b84f836 {text-align: center;}}<\/style>\");\r\n\t\t\t\t\t\t\t\t\t})(jQuery);\r\n\t\t\t\t\t\t\t\t<\/script><\/div><div class=\"dfd-spacer-module\"  data-units=\"px\" data-wide_resolution=\"1280\" data-wide_size=\"30\" data-normal_resolution=\"1024\" data-normal_size=\"30\" data-tablet_resolution=\"800\" data-tablet_size=\"30\" data-mobile_resolution=\"480\" data-mobile_size=\"10\" style=\"height: 30px;\"><\/div>[\/vc_column][\/vc_row][vc_row force_equal_height_columns=\u00bbmain_row\u00bb mobile_destroy_equal_heights_resolution=\u00bb1024&#8243; el_class=\u00bbcontenedorFlex\u00bb mobile_destroy_equal_heights=\u00bbyes\u00bb][vc_column dfd_column_responsive_enable=\u00bbdfd-column-responsive-enable\u00bb offset=\u00bbvc_col-lg-7 vc_col-md-offset-0 vc_col-md-5&#8243; col_shadow=\u00bbbox_shadow_enable:disable|shadow_horizontal:0|shadow_vertical:15|shadow_blur:50|shadow_spread:0|box_shadow_color:rgba(0%2C0%2C0%2C0.35)\u00bb col_shadow_hover=\u00bbbox_shadow_enable:disable|shadow_horizontal:0|shadow_vertical:15|shadow_blur:50|shadow_spread:0|box_shadow_color:rgba(0%2C0%2C0%2C0.35)\u00bb el_class=\u00bbposicionar1&#8243; responsive_styles=\u00bbpadding_left_desktop:20|padding_right_desktop:0|padding_top_tablet:50|padding_bottom_tablet:50|padding_left_tablet:20|padding_right_tablet:0&#8243;][vc_single_image image=\u00bb32&#8243; img_size=\u00bbfull\u00bb alignment=\u00bbcenter\u00bb css_animation=\u00bbfadeIn\u00bb][\/vc_column][vc_column dfd_column_responsive_enable=\u00bbdfd-column-responsive-enable\u00bb col_shadow=\u00bbbox_shadow_enable:disable|shadow_horizontal:0|shadow_vertical:15|shadow_blur:50|shadow_spread:0|box_shadow_color:rgba(0%2C0%2C0%2C0.35)\u00bb col_shadow_hover=\u00bbbox_shadow_enable:disable|shadow_horizontal:0|shadow_vertical:15|shadow_blur:50|shadow_spread:0|box_shadow_color:rgba(0%2C0%2C0%2C0.35)\u00bb offset=\u00bbvc_col-lg-5 vc_col-md-7&#8243; responsive_styles=\u00bbpadding_left_desktop:50|padding_right_desktop:50|padding_top_tablet:0|padding_bottom_tablet:40|padding_left_tablet:40|padding_right_tablet:40|padding_top_mobile:20|padding_bottom_mobile:40|padding_left_mobile:20|padding_right_mobile:20&#8243; el_class=\u00bbposicionar2&#8243; css=\u00bb.vc_custom_1640693118026{padding-right: 50px !important;padding-left: 50px !important;}\u00bb]<div class=\"dfd-spacer-module\"  data-units=\"px\" data-wide_resolution=\"1280\" data-wide_size=\"20\" data-normal_resolution=\"1024\" data-normal_size=\"0\" data-tablet_resolution=\"800\" data-tablet_size=\"0\" data-mobile_resolution=\"480\" data-mobile_size=\"0\" style=\"height: 20px;\"><\/div><div class=\"dfd-heading-shortcode\"><div class=\"dfd-heading-module-wrap  text-left style_01 cr-animate-gen dfd-heading-69df40b84fb50 dfd-disable-resposive-headings\" id=\"dfd-heading-69df40b84fb50\" data-animate-type = \"transition.fadeIn\" ><div class=\"inline-block\"><div class=\"dfd-heading-module\"><h2 class=\"widget-title dfd-title \" style=\"font-size: 35px; line-height: 38px; \">El respaldo de un grupo con m\u00e1s de 50 a\u00f1os de experiencia<\/h2><h2 class=\"widget-sub-title dfd-sub-title \" style=\"\">Smarmec forma parte de Velatia, un grupo familiar, industrial, tecnol\u00f3gico, global y referente con m\u00e1s de 50 a\u00f1os de experiencia y 3.300 empleados distribuidos en 19 pa\u00edses de todos los continentes y 15 centros de fabricaci\u00f3n<\/h2><div class=\"dfd-heading-delimiter\"><\/div><\/div><\/div><\/div><script type=\"text\/javascript\">\r\n\t\t\t\t\t\t\t\t\t(function($) {\r\n\t\t\t\t\t\t\t\t\t\t$(\"head\").append(\"<style>.dfd-heading-69df40b84fb50.dfd-heading-module-wrap .dfd-heading-module .dfd-heading-delimiter {border-bottom-style:solid;border-bottom-width:1px;width:100px;border-bottom-color:#dddddd;}.dfd-heading-69df40b84fb50 .dfd-heading-module .widget-title {margin-bottom:10px;}.dfd-heading-69df40b84fb50 .dfd-heading-module .widget-sub-title {margin-bottom:10px;}.dfd-heading-69df40b84fb50.dfd-heading-module-wrap .dfd-heading-module .dfd-heading-delimiter {margin-top:20px;margin-bottom:20px;}@media (max-width: 799px){.dfd-heading-69df40b84fb50 .dfd-title{font-size: 28px !important;line-height: 31px !important;}}@media only screen and (max-width: 768px) {.dfd-heading-69df40b84fb50 {text-align: center;}}<\/style>\");\r\n\t\t\t\t\t\t\t\t\t})(jQuery);\r\n\t\t\t\t\t\t\t\t<\/script><\/div>[vc_column_text css_animation=\u00bbfadeIn\u00bb]Compuesto por empresas que suman m\u00e1s de cien a\u00f1os de experiencia y que apuesta por la innovaci\u00f3n para responder a las necesidades presentes y futuras de nuestros clientes, <strong>all\u00ed donde se encuentren<\/strong>.[\/vc_column_text]<div class=\"dfd-spacer-module\"  data-units=\"px\" data-wide_resolution=\"1280\" data-wide_size=\"15\" data-normal_resolution=\"1024\" data-normal_size=\"15\" data-tablet_resolution=\"800\" data-tablet_size=\"15\" data-mobile_resolution=\"480\" data-mobile_size=\"15\" style=\"height: 15px;\"><\/div>[vc_column_text css_animation=\u00bbfadeIn\u00bb]Las soluciones de las empresas que componen <strong>Velatia <\/strong>buscan hacer del mundo un lugar<strong> m\u00e1s conectado<\/strong>, <strong>m\u00e1s sostenible<\/strong>, <strong>m\u00e1s inteligente<\/strong>, <strong>mejor comunicado<\/strong>, <strong>m\u00e1s seguro<\/strong>, <strong>m\u00e1s humano<\/strong>\u2026[\/vc_column_text][\/vc_column][\/vc_row][vc_row][vc_column]<div class=\"dfd-spacer-module\"  data-units=\"px\" data-wide_resolution=\"1280\" data-wide_size=\"100\" data-normal_resolution=\"1024\" data-normal_size=\"50\" data-tablet_resolution=\"800\" data-tablet_size=\"50\" data-mobile_resolution=\"480\" data-mobile_size=\"20\" style=\"height: 100px;\"><\/div>[\/vc_column][\/vc_row]<\/p>\n<\/div>","protected":false},"excerpt":{"rendered":"<p>[vc_row][vc_column][\/vc_column][\/vc_row][vc_row force_equal_height_columns=\u00bbmain_row\u00bb mobile_destroy_equal_heights_resolution=\u00bb1024&#8243; el_class=\u00bbcontenedorFlex\u00bb mobile_destroy_equal_heights=\u00bbyes\u00bb][vc_column dfd_column_responsive_enable=\u00bbdfd-column-responsive-enable\u00bb offset=\u00bbvc_col-lg-7 vc_col-md-offset-0 vc_col-md-5&#8243; col_shadow=\u00bbbox_shadow_enable:disable|shadow_horizontal:0|shadow_vertical:15|shadow_blur:50|shadow_spread:0|box_shadow_color:rgba(0%2C0%2C0%2C0.35)\u00bb col_shadow_hover=\u00bbbox_shadow_enable:disable|shadow_horizontal:0|shadow_vertical:15|shadow_blur:50|shadow_spread:0|box_shadow_color:rgba(0%2C0%2C0%2C0.35)\u00bb el_class=\u00bbposicionar1&#8243; responsive_styles=\u00bbpadding_left_desktop:20|padding_right_desktop:0|padding_top_tablet:50|padding_bottom_tablet:50|padding_left_tablet:20|padding_right_tablet:0&#8243;][vc_single_image image=\u00bb32&#8243; img_size=\u00bbfull\u00bb alignment=\u00bbcenter\u00bb css_animation=\u00bbfadeIn\u00bb][\/vc_column][vc_column dfd_column_responsive_enable=\u00bbdfd-column-responsive-enable\u00bb col_shadow=\u00bbbox_shadow_enable:disable|shadow_horizontal:0|shadow_vertical:15|shadow_blur:50|shadow_spread:0|box_shadow_color:rgba(0%2C0%2C0%2C0.35)\u00bb col_shadow_hover=\u00bbbox_shadow_enable:disable|shadow_horizontal:0|shadow_vertical:15|shadow_blur:50|shadow_spread:0|box_shadow_color:rgba(0%2C0%2C0%2C0.35)\u00bb offset=\u00bbvc_col-lg-5 vc_col-md-7&#8243; responsive_styles=\u00bbpadding_left_desktop:50|padding_right_desktop:50|padding_top_tablet:0|padding_bottom_tablet:40|padding_left_tablet:40|padding_right_tablet:40|padding_top_mobile:20|padding_bottom_mobile:40|padding_left_mobile:20|padding_right_mobile:20&#8243; el_class=\u00bbposicionar2&#8243; css=\u00bb.vc_custom_1640693118026{padding-right: 50px !important;padding-left: 50px !important;}\u00bb][vc_column_text css_animation=\u00bbfadeIn\u00bb]Compuesto<\/p>\n","protected":false},"author":2,"featured_media":0,"parent":0,"menu_order":0,"comment_status":"closed","ping_status":"closed","template":"page-custom-with-header.php","meta":{"inline_featured_image":false,"footnotes":""},"class_list":["post-21","page","type-page","status-publish","hentry"],"yoast_head":"<!-- This site is optimized with the Yoast SEO plugin v27.2 - https:\/\/yoast.com\/product\/yoast-seo-wordpress\/ -->\n<title>Con\u00f3cenos - SMARMEC<\/title>\n<meta name=\"robots\" content=\"index, follow, max-snippet:-1, max-image-preview:large, max-video-preview:-1\" \/>\n<link rel=\"canonical\" href=\"https:\/\/www.smarmec.com\/es\/conocenos\/\" \/>\n<meta property=\"og:locale\" content=\"es_ES\" \/>\n<meta property=\"og:type\" content=\"article\" \/>\n<meta property=\"og:title\" content=\"Con\u00f3cenos - SMARMEC\" \/>\n<meta property=\"og:description\" content=\"[vc_row][vc_column][\/vc_column][\/vc_row][vc_row force_equal_height_columns=\u00bbmain_row\u00bb mobile_destroy_equal_heights_resolution=\u00bb1024&#8243; el_class=\u00bbcontenedorFlex\u00bb mobile_destroy_equal_heights=\u00bbyes\u00bb][vc_column dfd_column_responsive_enable=\u00bbdfd-column-responsive-enable\u00bb offset=\u00bbvc_col-lg-7 vc_col-md-offset-0 vc_col-md-5&#8243; col_shadow=\u00bbbox_shadow_enable:disable|shadow_horizontal:0|shadow_vertical:15|shadow_blur:50|shadow_spread:0|box_shadow_color:rgba(0%2C0%2C0%2C0.35)\u00bb col_shadow_hover=\u00bbbox_shadow_enable:disable|shadow_horizontal:0|shadow_vertical:15|shadow_blur:50|shadow_spread:0|box_shadow_color:rgba(0%2C0%2C0%2C0.35)\u00bb el_class=\u00bbposicionar1&#8243; responsive_styles=\u00bbpadding_left_desktop:20|padding_right_desktop:0|padding_top_tablet:50|padding_bottom_tablet:50|padding_left_tablet:20|padding_right_tablet:0&#8243;][vc_single_image image=\u00bb32&#8243; img_size=\u00bbfull\u00bb alignment=\u00bbcenter\u00bb css_animation=\u00bbfadeIn\u00bb][\/vc_column][vc_column dfd_column_responsive_enable=\u00bbdfd-column-responsive-enable\u00bb col_shadow=\u00bbbox_shadow_enable:disable|shadow_horizontal:0|shadow_vertical:15|shadow_blur:50|shadow_spread:0|box_shadow_color:rgba(0%2C0%2C0%2C0.35)\u00bb col_shadow_hover=\u00bbbox_shadow_enable:disable|shadow_horizontal:0|shadow_vertical:15|shadow_blur:50|shadow_spread:0|box_shadow_color:rgba(0%2C0%2C0%2C0.35)\u00bb offset=\u00bbvc_col-lg-5 vc_col-md-7&#8243; responsive_styles=\u00bbpadding_left_desktop:50|padding_right_desktop:50|padding_top_tablet:0|padding_bottom_tablet:40|padding_left_tablet:40|padding_right_tablet:40|padding_top_mobile:20|padding_bottom_mobile:40|padding_left_mobile:20|padding_right_mobile:20&#8243; el_class=\u00bbposicionar2&#8243; css=\u00bb.vc_custom_1640693118026{padding-right: 50px !important;padding-left: 50px !important;}\u00bb][vc_column_text css_animation=\u00bbfadeIn\u00bb]Compuesto\" \/>\n<meta property=\"og:url\" content=\"https:\/\/www.smarmec.com\/es\/conocenos\/\" \/>\n<meta property=\"og:site_name\" content=\"SMARMEC\" \/>\n<meta property=\"article:modified_time\" content=\"2022-05-23T12:50:52+00:00\" \/>\n<meta name=\"twitter:card\" content=\"summary_large_image\" \/>\n<meta name=\"twitter:label1\" content=\"Tiempo de lectura\" \/>\n\t<meta name=\"twitter:data1\" content=\"3 minutos\" \/>\n<script type=\"application\/ld+json\" class=\"yoast-schema-graph\">{\"@context\":\"https:\/\/schema.org\",\"@graph\":[{\"@type\":\"WebPage\",\"@id\":\"https:\/\/www.smarmec.com\/es\/conocenos\/\",\"url\":\"https:\/\/www.smarmec.com\/es\/conocenos\/\",\"name\":\"Con\u00f3cenos - SMARMEC\",\"isPartOf\":{\"@id\":\"https:\/\/www.smarmec.com\/es\/#website\"},\"datePublished\":\"2021-12-27T08:58:54+00:00\",\"dateModified\":\"2022-05-23T12:50:52+00:00\",\"breadcrumb\":{\"@id\":\"https:\/\/www.smarmec.com\/es\/conocenos\/#breadcrumb\"},\"inLanguage\":\"es\",\"potentialAction\":[{\"@type\":\"ReadAction\",\"target\":[\"https:\/\/www.smarmec.com\/es\/conocenos\/\"]}]},{\"@type\":\"BreadcrumbList\",\"@id\":\"https:\/\/www.smarmec.com\/es\/conocenos\/#breadcrumb\",\"itemListElement\":[{\"@type\":\"ListItem\",\"position\":1,\"name\":\"Portada\",\"item\":\"https:\/\/www.smarmec.com\/es\/\"},{\"@type\":\"ListItem\",\"position\":2,\"name\":\"Con\u00f3cenos\"}]},{\"@type\":\"WebSite\",\"@id\":\"https:\/\/www.smarmec.com\/es\/#website\",\"url\":\"https:\/\/www.smarmec.com\/es\/\",\"name\":\"SMARMEC\",\"description\":\"Design &amp; Manufacturing Ideas\",\"potentialAction\":[{\"@type\":\"SearchAction\",\"target\":{\"@type\":\"EntryPoint\",\"urlTemplate\":\"https:\/\/www.smarmec.com\/es\/?s={search_term_string}\"},\"query-input\":{\"@type\":\"PropertyValueSpecification\",\"valueRequired\":true,\"valueName\":\"search_term_string\"}}],\"inLanguage\":\"es\"}]}<\/script>\n<!-- \/ Yoast SEO plugin. -->","yoast_head_json":{"title":"Con\u00f3cenos - SMARMEC","robots":{"index":"index","follow":"follow","max-snippet":"max-snippet:-1","max-image-preview":"max-image-preview:large","max-video-preview":"max-video-preview:-1"},"canonical":"https:\/\/www.smarmec.com\/es\/conocenos\/","og_locale":"es_ES","og_type":"article","og_title":"Con\u00f3cenos - SMARMEC","og_description":"[vc_row][vc_column][\/vc_column][\/vc_row][vc_row force_equal_height_columns=\u00bbmain_row\u00bb mobile_destroy_equal_heights_resolution=\u00bb1024&#8243; el_class=\u00bbcontenedorFlex\u00bb mobile_destroy_equal_heights=\u00bbyes\u00bb][vc_column dfd_column_responsive_enable=\u00bbdfd-column-responsive-enable\u00bb offset=\u00bbvc_col-lg-7 vc_col-md-offset-0 vc_col-md-5&#8243; col_shadow=\u00bbbox_shadow_enable:disable|shadow_horizontal:0|shadow_vertical:15|shadow_blur:50|shadow_spread:0|box_shadow_color:rgba(0%2C0%2C0%2C0.35)\u00bb col_shadow_hover=\u00bbbox_shadow_enable:disable|shadow_horizontal:0|shadow_vertical:15|shadow_blur:50|shadow_spread:0|box_shadow_color:rgba(0%2C0%2C0%2C0.35)\u00bb el_class=\u00bbposicionar1&#8243; responsive_styles=\u00bbpadding_left_desktop:20|padding_right_desktop:0|padding_top_tablet:50|padding_bottom_tablet:50|padding_left_tablet:20|padding_right_tablet:0&#8243;][vc_single_image image=\u00bb32&#8243; img_size=\u00bbfull\u00bb alignment=\u00bbcenter\u00bb css_animation=\u00bbfadeIn\u00bb][\/vc_column][vc_column dfd_column_responsive_enable=\u00bbdfd-column-responsive-enable\u00bb col_shadow=\u00bbbox_shadow_enable:disable|shadow_horizontal:0|shadow_vertical:15|shadow_blur:50|shadow_spread:0|box_shadow_color:rgba(0%2C0%2C0%2C0.35)\u00bb col_shadow_hover=\u00bbbox_shadow_enable:disable|shadow_horizontal:0|shadow_vertical:15|shadow_blur:50|shadow_spread:0|box_shadow_color:rgba(0%2C0%2C0%2C0.35)\u00bb offset=\u00bbvc_col-lg-5 vc_col-md-7&#8243; responsive_styles=\u00bbpadding_left_desktop:50|padding_right_desktop:50|padding_top_tablet:0|padding_bottom_tablet:40|padding_left_tablet:40|padding_right_tablet:40|padding_top_mobile:20|padding_bottom_mobile:40|padding_left_mobile:20|padding_right_mobile:20&#8243; el_class=\u00bbposicionar2&#8243; css=\u00bb.vc_custom_1640693118026{padding-right: 50px !important;padding-left: 50px !important;}\u00bb][vc_column_text css_animation=\u00bbfadeIn\u00bb]Compuesto","og_url":"https:\/\/www.smarmec.com\/es\/conocenos\/","og_site_name":"SMARMEC","article_modified_time":"2022-05-23T12:50:52+00:00","twitter_card":"summary_large_image","twitter_misc":{"Tiempo de lectura":"3 minutos"},"schema":{"@context":"https:\/\/schema.org","@graph":[{"@type":"WebPage","@id":"https:\/\/www.smarmec.com\/es\/conocenos\/","url":"https:\/\/www.smarmec.com\/es\/conocenos\/","name":"Con\u00f3cenos - SMARMEC","isPartOf":{"@id":"https:\/\/www.smarmec.com\/es\/#website"},"datePublished":"2021-12-27T08:58:54+00:00","dateModified":"2022-05-23T12:50:52+00:00","breadcrumb":{"@id":"https:\/\/www.smarmec.com\/es\/conocenos\/#breadcrumb"},"inLanguage":"es","potentialAction":[{"@type":"ReadAction","target":["https:\/\/www.smarmec.com\/es\/conocenos\/"]}]},{"@type":"BreadcrumbList","@id":"https:\/\/www.smarmec.com\/es\/conocenos\/#breadcrumb","itemListElement":[{"@type":"ListItem","position":1,"name":"Portada","item":"https:\/\/www.smarmec.com\/es\/"},{"@type":"ListItem","position":2,"name":"Con\u00f3cenos"}]},{"@type":"WebSite","@id":"https:\/\/www.smarmec.com\/es\/#website","url":"https:\/\/www.smarmec.com\/es\/","name":"SMARMEC","description":"Design &amp; Manufacturing Ideas","potentialAction":[{"@type":"SearchAction","target":{"@type":"EntryPoint","urlTemplate":"https:\/\/www.smarmec.com\/es\/?s={search_term_string}"},"query-input":{"@type":"PropertyValueSpecification","valueRequired":true,"valueName":"search_term_string"}}],"inLanguage":"es"}]}},"jetpack_sharing_enabled":true,"_links":{"self":[{"href":"https:\/\/www.smarmec.com\/es\/wp-json\/wp\/v2\/pages\/21","targetHints":{"allow":["GET"]}}],"collection":[{"href":"https:\/\/www.smarmec.com\/es\/wp-json\/wp\/v2\/pages"}],"about":[{"href":"https:\/\/www.smarmec.com\/es\/wp-json\/wp\/v2\/types\/page"}],"author":[{"embeddable":true,"href":"https:\/\/www.smarmec.com\/es\/wp-json\/wp\/v2\/users\/2"}],"replies":[{"embeddable":true,"href":"https:\/\/www.smarmec.com\/es\/wp-json\/wp\/v2\/comments?post=21"}],"version-history":[{"count":35,"href":"https:\/\/www.smarmec.com\/es\/wp-json\/wp\/v2\/pages\/21\/revisions"}],"predecessor-version":[{"id":230,"href":"https:\/\/www.smarmec.com\/es\/wp-json\/wp\/v2\/pages\/21\/revisions\/230"}],"wp:attachment":[{"href":"https:\/\/www.smarmec.com\/es\/wp-json\/wp\/v2\/media?parent=21"}],"curies":[{"name":"wp","href":"https:\/\/api.w.org\/{rel}","templated":true}]}}